{"id":2600,"date":"2016-01-19T16:40:09","date_gmt":"2016-01-19T16:40:09","guid":{"rendered":"https:\/\/crearailing.com\/kontaktiere-uns\/"},"modified":"2024-04-04T11:04:04","modified_gmt":"2024-04-04T11:04:04","slug":"kontakt","status":"publish","type":"page","link":"https:\/\/crearailing.com\/de\/kontakt\/","title":{"rendered":"Kontakt"},"content":{"rendered":"<div class=\"wpb-content-wrapper\"><p>[vc_row][vc_column][vc_custom_heading text=&#8220;Kontaktiere uns&#8220; use_theme_fonts=&#8220;yes&#8220; el_class=&#8220;title&#8220;][vc_empty_space height=&#8220;15&#8243;][vc_column_text]Die Firma CREA Fassaden- und Glasbausysteme AG ist ein f\u00fchrender Schweizer Systemanbieter f\u00fcr qualitativ hochwertige swiss made Produkte rund um die \u201eGlasbeschlagtechnik\u201c. Wir sind im Bereich der Ganzglasgel\u00e4nder spezialisiert! Weiter geh\u00f6ren zu unseren Hauptgebieten Glasfassaden, Glasd\u00e4cher und anspruchsvoller Glasbau.<\/p>\n<p>Von der Lieferung vom einzelnen Glas oder von einer einzelnen Profilstange bis hin zur umfassenden Lieferung von kompletten Glasgel\u00e4nderystemen f\u00fcr komplette \u00dcberbauungen inklusive Glas, bieten wir Ihnen Hand Ihr Projekt erfolgreich zu realisieren.[\/vc_column_text][\/vc_column][\/vc_row][vc_row css=&#8220;.vc_custom_1453297211960{margin-bottom: 40px !important;}&#8220;][vc_column width=&#8220;5\/12&#8243;]<table class='info-table'><\/tbody><tr class='info-table-row'><th class='info-table-icon'><i class='fa fa fa-building'><\/i><\/th><td class='info-table-content'>CREA Fassaden und Glasbausysteme AG.<\/td><\/tr><tr class='info-table-row'><th class='info-table-icon'><i class='fa fas fa-map-marker-alt'><\/i><\/th><td class='info-table-content'>Gewerbestrasse 11 CH &#8211; 4553 Subingen,<br \/>\n<span style=\"color: red;\">Switzerland<\/span><\/td><\/tr><tr class='info-table-row'><th class='info-table-icon'><i class='fa fa fa-phone'><\/i><\/th><td class='info-table-content'><a href=\"tel:+41344456505\" target=\"_blank\" rel=\"noopener noreferrer\">+41 34 445 6505<\/a><\/td><\/tr><tr class='info-table-row'><th class='info-table-icon'><i class='fa fa fa-fax'><\/i><\/th><td class='info-table-content'><a href=\"tel:+41344453681\" target=\"_blank\" rel=\"noopener noreferrer\">+41 34 445 3681<\/a><\/td><\/tr><tr class='info-table-row'><th class='info-table-icon'><i class='fa fa fa-envelope'><\/i><\/th><td class='info-table-content'><a href=\"mailto:crea@creasysteme.ch\" target=\"_blank\" rel=\"noopener noreferrer\">crea@creasysteme.ch<\/a><\/td><\/tr><tr class='info-table-row'><th class='info-table-icon'><i class='fa fa fa-globe'><\/i><\/th><td class='info-table-content'><a href=\"http:\/\/www.crearailing.com\" target=\"_blank\" rel=\"noopener noreferrer\">www.crearailing.com<\/a><\/td><\/tr><\/table><\/tbody>[\/vc_column][vc_column width=&#8220;7\/12&#8243;]\n<div class=\"wpcf7 no-js\" id=\"wpcf7-f2052-o1\" lang=\"en-US\" dir=\"ltr\" data-wpcf7-id=\"2052\">\n<div class=\"screen-reader-response\"><p role=\"status\" aria-live=\"polite\" aria-atomic=\"true\"><\/p> <ul><\/ul><\/div>\n<form action=\"\/de\/wp-json\/wp\/v2\/pages\/2600#wpcf7-f2052-o1\" method=\"post\" class=\"wpcf7-form init\" aria-label=\"Contact form\" novalidate=\"novalidate\" data-status=\"init\">\n<div style=\"display: none;\">\n<input type=\"hidden\" name=\"_wpcf7\" value=\"2052\" \/>\n<input type=\"hidden\" name=\"_wpcf7_version\" value=\"6.0.6\" \/>\n<input type=\"hidden\" name=\"_wpcf7_locale\" value=\"en_US\" \/>\n<input type=\"hidden\" name=\"_wpcf7_unit_tag\" value=\"wpcf7-f2052-o1\" \/>\n<input type=\"hidden\" name=\"_wpcf7_container_post\" value=\"0\" \/>\n<input type=\"hidden\" name=\"_wpcf7_posted_data_hash\" value=\"\" \/>\n<input type=\"hidden\" name=\"_wpcf7_recaptcha_response\" value=\"\" \/>\n<\/div>\n<div class=\"row\">\n\t<fieldset class=\"form-group col-md-7\">\n\t\t<p><span class=\"wpcf7-form-control-wrap\" data-name=\"your-name\"><input size=\"40\" maxlength=\"400\" class=\"wpcf7-form-control wpcf7-text wpcf7-validates-as-required\" aria-required=\"true\" aria-invalid=\"false\" placeholder=\"Name\" value=\"\" type=\"text\" name=\"your-name\" \/><\/span>\n\t\t<\/p>\n\t<\/fieldset>\n\t<p><span id=\"wpcf7-69e0be99ca85f-wrapper\" class=\"wpcf7-form-control-wrap honeypot-149-wrap\" style=\"display:none !important; visibility:hidden !important;\"><label for=\"wpcf7-69e0be99ca85f-field\" class=\"hp-message\">Please leave this field empty.<\/label><input id=\"wpcf7-69e0be99ca85f-field\"  class=\"wpcf7-form-control wpcf7-text\" type=\"text\" name=\"honeypot-149\" value=\"\" size=\"40\" tabindex=\"-1\" autocomplete=\"new-password\" \/><\/span>\n\t<\/p>\n\t<fieldset class=\"form-group col-md-7\">\n\t\t<p><span class=\"wpcf7-form-control-wrap\" data-name=\"your-email\"><input size=\"40\" maxlength=\"400\" class=\"wpcf7-form-control wpcf7-email wpcf7-validates-as-required wpcf7-text wpcf7-validates-as-email\" aria-required=\"true\" aria-invalid=\"false\" placeholder=\"Email\" value=\"\" type=\"email\" name=\"your-email\" \/><\/span>\n\t\t<\/p>\n\t<\/fieldset>\n\t<fieldset class=\"form-group col-md-7\">\n\t\t<p><span class=\"wpcf7-form-control-wrap\" data-name=\"your-subject\"><input size=\"40\" maxlength=\"400\" class=\"wpcf7-form-control wpcf7-text wpcf7-validates-as-required\" aria-required=\"true\" aria-invalid=\"false\" placeholder=\"Subject\" value=\"\" type=\"text\" name=\"your-subject\" \/><\/span>\n\t\t<\/p>\n\t<\/fieldset>\n\t<fieldset class=\"form-group col-md-12\">\n\t\t<p><span class=\"wpcf7-form-control-wrap\" data-name=\"your-message\"><textarea cols=\"40\" rows=\"10\" maxlength=\"2000\" class=\"wpcf7-form-control wpcf7-textarea wpcf7-validates-as-required\" aria-required=\"true\" aria-invalid=\"false\" placeholder=\"Message\" name=\"your-message\"><\/textarea><\/span>\n\t\t<\/p>\n\t<\/fieldset>\n\t<fieldset class=\"form-group col-md-3\">\n\t\t<p><span class=\"wpcf7-form-control-wrap\" data-name=\"captcha-1\"><input size=\"40\" class=\"wpcf7-form-control wpcf7-captchar\" autocomplete=\"off\" aria-invalid=\"false\" value=\"\" type=\"text\" name=\"captcha-1\" \/><\/span><input type=\"hidden\" name=\"_wpcf7_captcha_challenge_captcha-1\" value=\"1894396422\" \/><img loading=\"lazy\" decoding=\"async\" class=\"wpcf7-form-control wpcf7-captchac wpcf7-captcha-captcha-1\" width=\"72\" height=\"24\" alt=\"captcha\" src=\"https:\/\/crearailing.com\/wp-content\/uploads\/wpcf7_captcha\/1894396422.png\" \/>\n\t\t<\/p>\n\t<\/fieldset>\n\t<fieldset class=\"form-group col-md-12\">\n\t\t<p><input class=\"wpcf7-form-control wpcf7-submit has-spinner btn btn-normal btn-md\" type=\"submit\" value=\"Submit\" \/>\n\t\t<\/p>\n\t<\/fieldset>\n<\/div><div class=\"wpcf7-response-output\" aria-hidden=\"true\"><\/div>\n<\/form>\n<\/div>\n[\/vc_column][\/vc_row][vc_row full_width=&#8220;stretch_row_content_no_spaces&#8220; css=&#8220;.vc_custom_1556015265602{margin-bottom: 0px !important;}&#8220;][vc_column]<div data-styles='[\n{\n\"featureType\": \"poi\",\n\"elementType\": \"all\",\n\"stylers\": [\n{\n\"visibility\": \"off\"\n}\n]\n},\n{\n\"featureType\": \"poi.park\",\n\"elementType\": \"all\",\n\"stylers\": [\n{\n\"visibility\": \"on\"\n}\n]\n},\n{\n\"featureType\": \"transit.station\",\n\"elementType\": \"all\",\n\"stylers\": [\n{\n\"visibility\": \"on\"\n}\n]\n}\n]' class='map' id='map1' style='height: 450px;' data-type='ROADMAP' data-zoom='15' data-scroll='false' data-markers='{ \"address\": \"47.196716382288336, 7.60447528314691\",  \"center\": \"true\", \"data\": \"<strong>CREA Fassaden- und Glasbausysteme AG.<\/strong><br \/>Gewerbestrasse 11, 4553 Subingen\", \"options\": { \"icon\": \"https:\/\/crearailing.com\/wp-content\/uploads\/2019\/04\/location-pin.png\" } }|'><\/div>[\/vc_column][\/vc_row][vc_row full_width=&#8220;stretch_row&#8220; el_class=&#8220;no-bottom-padding-row&#8220; css=&#8220;.vc_custom_1544372302425{background-color: #ff0000 !important;}&#8220;][vc_column css=&#8220;.vc_custom_1453297229659{padding-top: 0px !important;}&#8220;]<div class=\"download\"><div class='download-content text-uppercase' style='color: #ffffff'><i class='fa fa fa-file-pdf-o'><\/i> <span class=\"tlid-translation translation\" lang=\"de\"><span class=\"\" title=\"\">LADEN SIE EINEN KOMPLETTEN KATALOG UNSERER DIENSTLEISTUNGEN UND PROJEKTE HERUNTER<\/span><\/span><\/div><a target='_self' href='#' class='btn btn-md btn-dark btn-shadow'><i class='fa fa fa-cloud-download'><\/i> Download<\/a><\/div>[\/vc_column][\/vc_row]<\/p>\n<\/div>","protected":false},"excerpt":{"rendered":"<p>[vc_row][vc_column][vc_custom_heading text=&#8220;Kontaktiere uns&#8220; use_theme_fonts=&#8220;yes&#8220; el_class=&#8220;title&#8220;][vc_empty_space height=&#8220;15&#8243;][vc_column_text]Die Firma CREA Fassaden- und Glasbausysteme AG ist ein f\u00fchrender Schweizer Systemanbieter f\u00fcr qualitativ hochwertige swiss made Produkte rund um die \u201eGlasbeschlagtechnik\u201c. Wir sind im Bereich der Ganzglasgel\u00e4nder spezialisiert! Weiter geh\u00f6ren zu unseren Hauptgebieten Glasfassaden, &hellip;<\/p>\n","protected":false},"author":5,"featured_media":0,"parent":0,"menu_order":0,"comment_status":"closed","ping_status":"closed","template":"","meta":{"footnotes":""},"class_list":["post-2600","page","type-page","status-publish","hentry"],"_links":{"self":[{"href":"https:\/\/crearailing.com\/de\/wp-json\/wp\/v2\/pages\/2600","targetHints":{"allow":["GET"]}}],"collection":[{"href":"https:\/\/crearailing.com\/de\/wp-json\/wp\/v2\/pages"}],"about":[{"href":"https:\/\/crearailing.com\/de\/wp-json\/wp\/v2\/types\/page"}],"author":[{"embeddable":true,"href":"https:\/\/crearailing.com\/de\/wp-json\/wp\/v2\/users\/5"}],"replies":[{"embeddable":true,"href":"https:\/\/crearailing.com\/de\/wp-json\/wp\/v2\/comments?post=2600"}],"version-history":[{"count":7,"href":"https:\/\/crearailing.com\/de\/wp-json\/wp\/v2\/pages\/2600\/revisions"}],"predecessor-version":[{"id":9081,"href":"https:\/\/crearailing.com\/de\/wp-json\/wp\/v2\/pages\/2600\/revisions\/9081"}],"wp:attachment":[{"href":"https:\/\/crearailing.com\/de\/wp-json\/wp\/v2\/media?parent=2600"}],"curies":[{"name":"wp","href":"https:\/\/api.w.org\/{rel}","templated":true}]}}