{"id":2608,"date":"2018-12-09T17:36:18","date_gmt":"2018-12-09T17:36:18","guid":{"rendered":"https:\/\/crearailing.com\/produkte\/"},"modified":"2024-03-07T11:46:41","modified_gmt":"2024-03-07T11:46:41","slug":"produkte","status":"publish","type":"page","link":"https:\/\/crearailing.com\/de\/produkte\/","title":{"rendered":"Produkte"},"content":{"rendered":"<div class=\"wpb-content-wrapper\"><p>[vc_row css=&#8220;.vc_custom_1544377114065{padding-top: 30px !important;}&#8220;][vc_column][vc_custom_heading text=&#8220;IHR FACHSPEZIALIST F\u00dcR ERSTKLASSIGE GLASGEL\u00c4NDERSYSTEME&#8220; font_container=&#8220;tag:h2|font_size:26|text_align:center&#8220; use_theme_fonts=&#8220;yes&#8220;][vc_column_text]<\/p>\n<p style=\"text-align: center; font-size: 22px; color: #262626;\">PREMIUM BRAND &#8211; SWISS<span style=\"color: #ff0000;\">\u00a0<i class=\"fa fa-plus-square\"><\/i>\u00a0<\/span>MADE. SWISS QUALITY. WORLD WIDE. SINCE 1998.<\/p>\n<p>[\/vc_column_text][\/vc_column][\/vc_row][vc_row][vc_column][vc_column_text]Alle CREA-Produkte werden in der Schweiz durch ein Team von Spezialisten entwickelt und ausgearbeitet. Um immer die beste Qualit\u00e4t und den h\u00f6chsten Standard gew\u00e4hrleisten zu k\u00f6nnen, werden diese Produkte ausschliesslich in der Schweiz hergestellt und gepr\u00fcft. CREA-Glasgel\u00e4nder \u00fcberzeugen und erf\u00fcllen nicht nur die optischen und geforderten technischen Vorgaben, vielmehr ist es das ausgekl\u00fcgelte System, dass vor allem vom Verarbeiter gerne gew\u00e4hlt wird. Es zeichnet sich durch eine rationelle Verarbeitung, eine schnelle Montage und eine einfache Glaskantenjustierung aus. Auch der Glasaustausch ist nach einem m\u00f6glichen Glasbruch jederzeit und ohne grossen Aufwand m\u00f6glich, da alles als Trockenverglasungsystem ausgef\u00fchrt wird.<\/p>\n<p>Die CREA-Produkte werden von Profis f\u00fcr Profis entwickelt die wirtschaftlich und effizient arbeiten wollen![\/vc_column_text][\/vc_column][\/vc_row][vc_section][vc_row full_width=&#8220;stretch_row&#8220; css=&#8220;.vc_custom_1542620283475{margin-top: 40px !important;margin-bottom: 40px !important;}&#8220;][vc_column width=&#8220;1\/2&#8243;]<div class='featured featured-has-link featured-has-icon featured-has-content'><div class='featured-header'><a target='_self' href='\/de\/produkte\/crealine'><img alt='CREALINE' src='https:\/\/crearailing.com\/wp-content\/uploads\/2019\/10\/crealine-gg-1004-steinhuebelipark-muri-001-1200x612.jpg'\/><\/a><\/div><div class='featured-content'><h3 class='featured-title text-uppercase'><a target='_self' href='\/de\/produkte\/crealine'><i class='fas fa-plus-square'><\/i>CREALINE<\/a><\/h3><p class='featured-desc'>LINEARE GLASGEL\u00c4NDER<\/p>\n<p>Die einzigartigen CREALINE Glasgel\u00e4nder mit durchgehend linienf\u00f6rmiger, zw\u00e4ngungsfreier und elastischer Glaseinspannung, ohne \u00f6rtliche Spannungen und unplanm\u00e4ssige punktuelle Belastungen.<\/p><a class='btn btn-md btn-minimal' target='_self' href='\/de\/produkte\/crealine'>Mehr Informationen<\/a><\/div><\/div>[\/vc_column][vc_column width=&#8220;1\/2&#8243;]<div class='featured featured-has-link featured-has-icon featured-has-content'><div class='featured-header'><a target='_self' href='\/de\/produkte\/crea-point'><img alt='CREA-POINT' src='https:\/\/crearailing.com\/wp-content\/uploads\/2019\/10\/crea-point-gt50-housing-estate-muehlebach-altendorf-003-1200x612.jpg'\/><\/a><\/div><div class='featured-content'><h3 class='featured-title text-uppercase'><a target='_self' href='\/de\/produkte\/crea-point'><i class='fas fa-plus-square'><\/i>CREA-POINT<\/a><\/h3><p class='featured-desc'>PUNKTGEHALTENE GANZGLASGEL\u00c4NDER<\/p>\n<p>Die bew\u00e4hrten CREA-POINT Ganzglasgel\u00e4nder mit ausgekl\u00fcgelter Montage und Glaskantenausrichtung, setzt ein Zeichen im Bereich der punktgehaltenen Gel\u00e4nderl\u00f6sungen.<\/p><a class='btn btn-md btn-minimal' target='_self' href='\/de\/produkte\/crea-point'>Mehr Informationen<\/a><\/div><\/div>[\/vc_column][\/vc_row][vc_row full_width=&#8220;stretch_row&#8220; css=&#8220;.vc_custom_1542620297323{margin-bottom: 40px !important;}&#8220;][vc_column width=&#8220;1\/2&#8243;]<div class='featured featured-has-link featured-has-icon featured-has-content'><div class='featured-header'><a target='_self' href='\/de\/produkte\/crea-flat'><img alt='CREA-FLAT' src='https:\/\/crearailing.com\/wp-content\/uploads\/2019\/12\/crea-flat-1200x612.jpg'\/><\/a><\/div><div class='featured-content'><h3 class='featured-title text-uppercase'><a target='_self' href='\/de\/produkte\/crea-flat'><i class='fas fa-plus-square'><\/i>CREA-FLAT<\/a><\/h3><p class='featured-desc'>FLAT-GANZGLASGEL\u00c4NDER<\/p>\n<p>Das CREA-FLAT ist die neueste Generation im Bereich der Ganzglasgel\u00e4nder. Eine raffinierte Entwicklung mit einem vollkommen planen Ganzglasgel\u00e4ndersystem, in GANZGLASOPTIK, ohne sichtbarem Halteprofil.<\/p><a class='btn btn-md btn-minimal' target='_self' href='\/de\/produkte\/crea-flat'>Mehr Informationen<\/a><\/div><\/div>[\/vc_column][vc_column width=&#8220;1\/2&#8243;]<div class='featured featured-has-link featured-has-icon featured-has-content'><div class='featured-header'><a target='_self' href='\/de\/produkte\/crea-door'><img alt='CREA-DOOR' src='https:\/\/crearailing.com\/wp-content\/uploads\/2019\/10\/crea-door-waidliving-residential-complex-tiechestrasse-zurich-010-1200x612.jpg'\/><\/a><\/div><div class='featured-content'><h3 class='featured-title text-uppercase'><a target='_self' href='\/de\/produkte\/crea-door'><i class='fas fa-plus-square'><\/i>CREA-DOOR<\/a><\/h3><p class='featured-desc'>GLAST\u00dcREN F\u00dcR GLASGEL\u00c4NDER<\/p>\n<p>Die neu entwickelte CREA-DOOR Ganzglasgel\u00e4ndert\u00fcre ist ein einzigartiger rahmenloser Glast\u00fcrbeschlag f\u00fcr linear- oder punktgehaltene Ganzglasgel\u00e4nder.<\/p><a class='btn btn-md btn-minimal' target='_self' href='\/de\/produkte\/crea-door'>Mehr Informationen<\/a><\/div><\/div>[\/vc_column][\/vc_row][vc_row css=&#8220;.vc_custom_1542620304369{margin-bottom: 40px !important;}&#8220;][vc_column width=&#8220;1\/2&#8243;]<div class='featured featured-has-link featured-has-icon featured-has-content'><div class='featured-header'><a target='_self' href='\/de\/produkte\/crea-rail'><img alt='CREA-RAIL' src='https:\/\/crearailing.com\/wp-content\/uploads\/2019\/12\/crea-rail-1200x612.jpg'\/><\/a><\/div><div class='featured-content'><h3 class='featured-title text-uppercase'><a target='_self' href='\/de\/produkte\/crea-rail'><i class='fas fa-plus-square'><\/i>CREA-RAIL<\/a><\/h3><p class='featured-desc'>HANDL\u00c4UFE \/ KANTENSCHUTZ \/ ZUBEH\u00d6R<\/p>\n<p>Sicherer Halt und \u00fcberragende \u00c4sthetik MIT CREA-RAIL Handl\u00e4ufen in ALUminium und INOX A4 oder der Kombination der punktuellen Handlaufhalter mit Standard Handlaufrohren.<\/p><a class='btn btn-md btn-minimal' target='_self' href='\/de\/produkte\/crea-rail'>Mehr Informationen<\/a><\/div><\/div>[\/vc_column][vc_column width=&#8220;1\/2&#8243;]<div class='featured featured-has-link featured-has-icon featured-has-content'><div class='featured-header'><a target='_self' href='\/de\/produkte\/creativity'><img alt='CREATIVITY' src='https:\/\/crearailing.com\/wp-content\/uploads\/2018\/11\/creativity-1200x612.jpg'\/><\/a><\/div><div class='featured-content'><h3 class='featured-title text-uppercase'><a target='_self' href='\/de\/produkte\/creativity'><i class='fas fa-plus-square'><\/i>CREATIVITY<\/a><\/h3><p class='featured-desc'>ARCHITEKTUR AUS GLAS<\/p>\n<p>Glas wird als Baustoff in der modernen Architektur vielseitig eingesetzt und gewinnt immer wie mehr an Bedeutung. Lassen Sie sich bei uns inspirieren\u2026<\/p><a class='btn btn-md btn-minimal' target='_self' href='\/de\/produkte\/creativity'>Mehr Informationen<\/a><\/div><\/div>[\/vc_column][\/vc_row][vc_row full_width=&#8220;stretch_row&#8220; css=&#8220;.vc_custom_1542620314992{margin-bottom: 40px !important;}&#8220;][vc_column width=&#8220;1\/2&#8243;]<div class='featured featured-has-link featured-has-icon featured-has-content'><div class='featured-header'><a target='_self' href='\/de\/produkte\/crea-led'><img alt='CREA-LED' src='https:\/\/crearailing.com\/wp-content\/uploads\/2018\/11\/crea-led-1200x612.jpg'\/><\/a><\/div><div class='featured-content'><h3 class='featured-title text-uppercase'><a target='_self' href='\/de\/produkte\/crea-led'><i class='fas fa-plus-square'><\/i>CREA-LED<\/a><\/h3><p class='featured-desc'>LED GLAS \/ LED IM GLAS<\/p>\n<p>High-tech GLAS-LED Technik. Durch die Weiterentwicklung der LED Lichttechnik ist es m\u00f6glich geworden, Glas und Licht kabellos miteinander zu verbinden und faszinierende Lichteffekte zu erzeugen.<\/p><a class='btn btn-md btn-minimal' target='_self' href='\/de\/produkte\/crea-led'>Mehr Informationen<\/a><\/div><\/div>[\/vc_column][vc_column width=&#8220;1\/2&#8243;]<div class='featured featured-has-link featured-has-icon featured-has-content'><div class='featured-header'><a target='_self' href='\/de\/produkte\/crea-glass'><img alt='CREA-GLASS' src='https:\/\/crearailing.com\/wp-content\/uploads\/2019\/12\/crea-glass-1200x612.jpg'\/><\/a><\/div><div class='featured-content'><h3 class='featured-title text-uppercase'><a target='_self' href='\/de\/produkte\/crea-glass'><i class='fas fa-plus-square'><\/i>CREA-GLASS<\/a><\/h3><p class='featured-desc'>GLASLIEFERUNG \/ GLASSTATIK<\/p>\n<p>Die Firma CREA liefert Ihnen unabh\u00e4ngig von den Glashaltesystemen alle Glastypen. Ob Sicherheitsglas, effizienter Sonnenschutz, optimale W\u00e4rmed\u00e4mmung, effektiver Schallschutz oder spezifische Glasdesign-Produkte. Bei uns finden Sie f\u00fcr jedes Bauvorhaben, ob Fassade oder Innenraum, ob Architekturbauten oder Standard Wohngeb\u00e4ude, die f\u00fcr Sie passende technische Glasl\u00f6sung.<\/p><a class='btn btn-md btn-minimal' target='_self' href='\/de\/produkte\/crea-glass'>Mehr Informationen<\/a><\/div><\/div>[\/vc_column][\/vc_row][\/vc_section][vc_row full_width=&#8220;stretch_row&#8220; content_placement=&#8220;middle&#8220; css=&#8220;.vc_custom_1574256539210{border-bottom-width: 20px !important;padding-top: 20px !important;background-image: url(https:\/\/crearailing.com\/wp-content\/uploads\/2019\/11\/dwg.jpg?id=5505) !important;background-position: center !important;background-repeat: no-repeat !important;background-size: cover !important;}&#8220;][vc_column][vc_column_text css=&#8220;.vc_custom_1574256528016{margin-bottom: 5px !important;}&#8220;]<img loading=\"lazy\" decoding=\"async\" class=\"size-full wp-image-5499 aligncenter\" src=\"https:\/\/crearailing.com\/wp-content\/uploads\/2019\/11\/dwg.png\" alt=\"dwg\" width=\"128\" height=\"128\" srcset=\"https:\/\/crearailing.com\/wp-content\/uploads\/2019\/11\/dwg.png 1024w, https:\/\/crearailing.com\/wp-content\/uploads\/2019\/11\/dwg-150x150.png 150w\" sizes=\"auto, (max-width: 128px) 100vw, 128px\" \/>[\/vc_column_text][vc_column_text css=&#8220;.vc_custom_1554111301698{margin-top: 10px !important;margin-bottom: 8px !important;}&#8220;]<\/p>\n<p style=\"color: white; text-align: center;\">DWG-Unterlagen sind auf Anfrage erh\u00e4ltlich<\/p>\n<p>[\/vc_column_text]<a id='button-id-' target='_self' href='\/de\/kontakt\/' class='btn btn-normal btn-sm' style=''><i class='fa fa fa-envelope-o'><\/i> KONTAKT<\/a>[\/vc_column][\/vc_row][vc_row][vc_column][vc_custom_heading text=&#8220;GALERIE&#8220; use_theme_fonts=&#8220;yes&#8220; el_class=&#8220;title&#8220; el_id=&#8220;unternehmen&#8220;][vc_media_grid element_width=&#8220;2&#8243; item=&#8220;mediaGrid_ScaleInWithIcon&#8220; grid_id=&#8220;vc_gid:1709811966120-2b7c73e1-edef-8&#8243; include=&#8220;2899,2896,2893,2886,2883,2880,2871,2868,2865,2862,2859,2856,2853,2850,2818,2815,2812,2809,2806,2803,2800,2797,2794,2788,2785,2782,2779,2776,2773,2770,2661,2658,2655,2652,2649,2646&#8243;][\/vc_column][\/vc_row]<\/p>\n<\/div>","protected":false},"excerpt":{"rendered":"<p>[vc_row css=&#8220;.vc_custom_1544377114065{padding-top: 30px !important;}&#8220;][vc_column][vc_custom_heading text=&#8220;IHR FACHSPEZIALIST F\u00dcR ERSTKLASSIGE GLASGEL\u00c4NDERSYSTEME&#8220; font_container=&#8220;tag:h2|font_size:26|text_align:center&#8220; use_theme_fonts=&#8220;yes&#8220;][vc_column_text] PREMIUM BRAND &#8211; SWISS\u00a0\u00a0MADE. SWISS QUALITY. WORLD WIDE. SINCE 1998. [\/vc_column_text][\/vc_column][\/vc_row][vc_row][vc_column][vc_column_text]Alle CREA-Produkte werden in der Schweiz durch ein Team von Spezialisten entwickelt und ausgearbeitet. Um immer die beste Qualit\u00e4t &hellip;<\/p>\n","protected":false},"author":5,"featured_media":0,"parent":0,"menu_order":0,"comment_status":"closed","ping_status":"closed","template":"","meta":{"footnotes":""},"class_list":["post-2608","page","type-page","status-publish","hentry"],"_links":{"self":[{"href":"https:\/\/crearailing.com\/de\/wp-json\/wp\/v2\/pages\/2608","targetHints":{"allow":["GET"]}}],"collection":[{"href":"https:\/\/crearailing.com\/de\/wp-json\/wp\/v2\/pages"}],"about":[{"href":"https:\/\/crearailing.com\/de\/wp-json\/wp\/v2\/types\/page"}],"author":[{"embeddable":true,"href":"https:\/\/crearailing.com\/de\/wp-json\/wp\/v2\/users\/5"}],"replies":[{"embeddable":true,"href":"https:\/\/crearailing.com\/de\/wp-json\/wp\/v2\/comments?post=2608"}],"version-history":[{"count":5,"href":"https:\/\/crearailing.com\/de\/wp-json\/wp\/v2\/pages\/2608\/revisions"}],"predecessor-version":[{"id":9091,"href":"https:\/\/crearailing.com\/de\/wp-json\/wp\/v2\/pages\/2608\/revisions\/9091"}],"wp:attachment":[{"href":"https:\/\/crearailing.com\/de\/wp-json\/wp\/v2\/media?parent=2608"}],"curies":[{"name":"wp","href":"https:\/\/api.w.org\/{rel}","templated":true}]}}