{"id":2626,"date":"2016-01-19T14:52:43","date_gmt":"2016-01-19T14:52:43","guid":{"rendered":"https:\/\/crearailing.com\/dienstleistungen\/"},"modified":"2019-12-22T14:31:39","modified_gmt":"2019-12-22T14:31:39","slug":"dienstleistungen","status":"publish","type":"page","link":"https:\/\/crearailing.com\/de\/dienstleistungen\/","title":{"rendered":"Dienstleistungen"},"content":{"rendered":"<div class=\"wpb-content-wrapper\"><p>[vc_row full_width=&#8220;stretch_row&#8220; el_class=&#8220;background-image-left&#8220; css=&#8220;.vc_custom_1544366793324{margin-bottom: 40px !important;}&#8220;][vc_column][vc_custom_heading text=&#8220;PRODUKTE&#8220; use_theme_fonts=&#8220;yes&#8220; el_class=&#8220;title anchor&#8220; el_id=&#8220;produkte&#8220; css=&#8220;.vc_custom_1577023963442{margin-top: 40px !important;}&#8220;][vc_column_text]Alle CREA-Produkte werden in der Schweiz durch ein Team von Spezialisten entwickelt und ausgearbeitet. Um immer die beste Qualit\u00e4t und den h\u00f6chsten Standard gew\u00e4hrleisten zu k\u00f6nnen, werden diese Produkte ausschliesslich in der Schweiz hergestellt und gepr\u00fcft.<\/p>\n<p>Mit dem Slogan \u201cSWISS MADE. SWISS QUALITY. WORLD WIDE\u201d bieten wir unsere qualtitav hochstehenden Produkte WELTWEIT an.<\/p>\n<p>CREA-Glasgel\u00e4nder \u00fcberzeugen und erf\u00fcllen nicht nur die optischen und geforderten technischen Vorgaben, vielmehr ist es das ausgekl\u00fcgelte System, dass vor allem vom Verarbeiter gerne gew\u00e4hlt wird.<\/p>\n<p>Es zeichnet sich durch eine rationelle Verarbeitung, eine schnelle Montage und eine einfache Glaskantenjustierung aus. Auch der Glasaustausch ist nach einem m\u00f6glichen Glasbruch jederzeit und ohne grossen Aufwand m\u00f6glich, da alles als Trockenverglasungsystem ausgef\u00fchrt wird.<\/p>\n<p>Die CREA-Produkte werden von Profis f\u00fcr Profis entwickelt die wirtschaftlich und effizient arbeiten wollen![\/vc_column_text][\/vc_column][\/vc_row][vc_row full_width=&#8220;stretch_row&#8220; css=&#8220;.vc_custom_1544366788932{margin-bottom: 40px !important;}&#8220; el_class=&#8220;background-image-left&#8220;][vc_column][vc_custom_heading text=&#8220;UNTERST\u00dcTZUNG&#8220; use_theme_fonts=&#8220;yes&#8220; el_class=&#8220;title anchor&#8220; el_id=&#8220;unterstuetzung&#8220;][vc_column_text]Sie erhalten Unterst\u00fctzung in allen glasspezifischen und haltertechnischen Fragen<\/p>\n<ul>\n<li>Planungshilfe und vollumf\u00e4ngliche DWG-Unterlagen<\/li>\n<li>Technische Unterst\u00fctzung bei Detail- und Sonderl\u00f6sungen<\/li>\n<li>Erarbeiten von Neuentwicklungen<\/li>\n<li>Machbarkeitsuntersuchung<\/li>\n<li>Ausschreibungsunterlagen<\/li>\n<li>Statische Berechnung (Nachweise)<\/li>\n<li>Glasstatik<\/li>\n<li>Bemusterung (Glasmuster, Haltermuster)<\/li>\n<li>Zeitmanagement, Herstellungs- und Lieferzeiten<\/li>\n<li>Kosten-und Offertanalysen bei Glasbauteilen<\/li>\n<li>Begleitung der Ausf\u00fchrenden<\/li>\n<li>Objektspezifische Beratung<\/li>\n<\/ul>\n<p>[\/vc_column_text][\/vc_column][\/vc_row][vc_row full_width=&#8220;stretch_row&#8220; css=&#8220;.vc_custom_1544366788932{margin-bottom: 40px !important;}&#8220; el_class=&#8220;background-image-left&#8220;][vc_column][vc_custom_heading text=&#8220;ZERTIFIKATE&#8220; use_theme_fonts=&#8220;yes&#8220; el_class=&#8220;title anchor&#8220; el_id=&#8220;zertifikate&#8220;][vc_column_text]Die CREA-Produkte sind alle gepr\u00fcft und statisch nachgewiesen. Objektspezifische Nachweise k\u00f6nnen problemlos ausgearbeitet und zum Bauprojekt abgegeben werden.<\/p>\n<p>Grunds\u00e4tzlich erfordert jede Verglasung in ihrer Anwendung eine gem\u00e4\u00df den SIA-Normen \/ EN-Norm 18008 statische Berechnung.<\/p>\n<p>Bei Konstruktionen wo die Gl\u00e4ser statisch tragende Funktionen \u00fcbernehmen m\u00fcssen, wie zum Beispiel bei pfostenlosen Glasgel\u00e4ndern, punktuell &#8211; oder liniengehaltenen Ganzglas-Konstruktionen muss jede Anwendung individuell nach allen Parametern des Standortes, der H\u00f6he \u00fc. Meer sowie den Wind und den Schneelasten entsprechend statisch \u00fcberpr\u00fcft und der Nachweis erbracht werden.<\/p>\n<p>Nur fachgerechte Konstruktionen geben die Sicherheit, dass keine Menschen gef\u00e4hrdet werden! Um Fehler in den Konstruktionsanwendungen zu vermeiden, bieten wir Ihnen unsere Beratung und Service f\u00fcr alle Glasanwendungen an.[\/vc_column_text][\/vc_column][\/vc_row][vc_row full_width=&#8220;stretch_row&#8220; css=&#8220;.vc_custom_1544366788932{margin-bottom: 40px !important;}&#8220; el_class=&#8220;background-image-left&#8220;][vc_column][vc_custom_heading text=&#8220;KOMPLETTL\u00d6SUNGEN&#8220; use_theme_fonts=&#8220;yes&#8220; el_class=&#8220;title anchor&#8220; el_id=&#8220;komplettloesungen&#8220;][vc_column_text]BEARBEITUNG<\/p>\n<p>Wir k\u00f6nnen Ihnen zum klassischen Verkauf der Stangenware, auch eine individuelle Bearbeitung der Produkte anbieten. So k\u00f6nnen wir Ihnen das Material fertig bearbeitet (Bohrungen, Zuschnitt, Ausschnitte, etc.), inklusive Oberfl\u00e4chenbehandlung (Pulverbeschichtung, Anodisation, etc), das heisst montagefertig auf die Baustelle liefern. So dass Sie dies nur noch montieren m\u00fcssen![\/vc_column_text][vc_column_text]GLASLIEFERUNG<\/p>\n<p>Mit der Lieferung des Glasgel\u00e4ndersystems inklusive Glas, das den statischen Anforderungen nach SIA und EN18008 entspricht, komplettieren wir Ihnen unseren Service und k\u00f6nnen Ihnen so ALLES AUS EINER HAND anbieten! Sie haben einen Ansprechpartner, der sich um alles k\u00fcmmert.[\/vc_column_text][\/vc_column][\/vc_row][vc_row full_width=&#8220;stretch_row&#8220; css=&#8220;.vc_custom_1544366788932{margin-bottom: 40px !important;}&#8220; el_class=&#8220;background-image-left&#8220;][vc_column][vc_custom_heading text=&#8220;VORTEILE&#8220; use_theme_fonts=&#8220;yes&#8220; el_class=&#8220;title anchor&#8220; el_id=&#8220;vorteile&#8220;][vc_column_text]Die massgebenden Vorteile von CREA:<\/p>\n<ul>\n<li>die Glaseinspannung erfolgt als gleichm\u00e4ssige, linienf\u00f6rmige, zw\u00e4ngungsfreie und elastische Lagerung, ohne \u00f6rtliche Spannungen und unplanm\u00e4ssige punktuelle Belastung (durch Keile, Gummis, Klemmen oder Verklebungen)<\/li>\n<li>Schnelle und einfache Profilmontage (grosse Achsabst\u00e4nde)<\/li>\n<li>Direkte Bautoleranzaufnahme ohne zeitaufwendiges Schiften<\/li>\n<li>Effizient mit Trockenverglasungssystem, ohne m\u00fchsame 2K-Verklebungen<\/li>\n<li>Ausrichtung mit Justierschrauben, ohne Glasdemontage (1 Person)<\/li>\n<li>Witterungs- und Temperaturunabh\u00e4ngige Montage, ohne aufwendige Silikonfugen<\/li>\n<li>Glasaustausch jederzeit und ohne grosse M\u00fche m\u00f6glich (Keil raus und Glas ersetzen)<\/li>\n<li>Der Kunde bekommt bei CREA alles aus einer Hand Planungshilfe + Profilsystem + Glas + Nachweis = SYSTEMGARANTIE! Somit: Ein Ansprechpartner, eine Anlaufstelle!<\/li>\n<li>Pers\u00f6nliche Beratung, technische Unterst\u00fctzung und Begleitung der Architekten, Planer und Metallbauer<\/li>\n<\/ul>\n<p>[\/vc_column_text][\/vc_column][\/vc_row][vc_row full_width=&#8220;stretch_row&#8220; css=&#8220;.vc_custom_1544366788932{margin-bottom: 40px !important;}&#8220; el_class=&#8220;background-image-left&#8220;][vc_column][vc_custom_heading text=&#8220;UNTERNEHMEN&#8220; use_theme_fonts=&#8220;yes&#8220; el_class=&#8220;title anchor&#8220; el_id=&#8220;unternehmen&#8220;][vc_column_text]Die Firma CREA Fassaden- und Glasbausysteme AG ist ein f\u00fchrender Schweizer Systemanbieter f\u00fcr qualitativ hochwertige swiss made Produkte rund um die \u201eGlasbeschlagtechnik\u201c. Wir sind im Bereich der Ganzglasgel\u00e4nder spezialisiert! Weiter geh\u00f6ren zu unseren Hauptgebieten Glasfassaden, Glasd\u00e4cher und anspruchsvoller Glasbau.<\/p>\n<p>Von der Lieferung vom einzelnen Glas oder von einer einzelnen Profilstange bis hin zur umfassenden Lieferung von kompletten Glasgel\u00e4nderystemen f\u00fcr komplette \u00dcberbauungen inklusive Glas, bieten wir Ihnen Hand Ihr Projekt erfolgreich zu realisieren.[\/vc_column_text][\/vc_column][\/vc_row]<\/p>\n<\/div>","protected":false},"excerpt":{"rendered":"<p>[vc_row full_width=&#8220;stretch_row&#8220; el_class=&#8220;background-image-left&#8220; css=&#8220;.vc_custom_1544366793324{margin-bottom: 40px !important;}&#8220;][vc_column][vc_custom_heading text=&#8220;PRODUKTE&#8220; use_theme_fonts=&#8220;yes&#8220; el_class=&#8220;title anchor&#8220; el_id=&#8220;produkte&#8220; css=&#8220;.vc_custom_1577023963442{margin-top: 40px !important;}&#8220;][vc_column_text]Alle CREA-Produkte werden in der Schweiz durch ein Team von Spezialisten entwickelt und ausgearbeitet. Um immer die beste Qualit\u00e4t und den h\u00f6chsten Standard gew\u00e4hrleisten zu k\u00f6nnen, werden &hellip;<\/p>\n","protected":false},"author":5,"featured_media":0,"parent":0,"menu_order":0,"comment_status":"closed","ping_status":"closed","template":"","meta":{"footnotes":""},"class_list":["post-2626","page","type-page","status-publish","hentry"],"_links":{"self":[{"href":"https:\/\/crearailing.com\/de\/wp-json\/wp\/v2\/pages\/2626","targetHints":{"allow":["GET"]}}],"collection":[{"href":"https:\/\/crearailing.com\/de\/wp-json\/wp\/v2\/pages"}],"about":[{"href":"https:\/\/crearailing.com\/de\/wp-json\/wp\/v2\/types\/page"}],"author":[{"embeddable":true,"href":"https:\/\/crearailing.com\/de\/wp-json\/wp\/v2\/users\/5"}],"replies":[{"embeddable":true,"href":"https:\/\/crearailing.com\/de\/wp-json\/wp\/v2\/comments?post=2626"}],"version-history":[{"count":2,"href":"https:\/\/crearailing.com\/de\/wp-json\/wp\/v2\/pages\/2626\/revisions"}],"predecessor-version":[{"id":7191,"href":"https:\/\/crearailing.com\/de\/wp-json\/wp\/v2\/pages\/2626\/revisions\/7191"}],"wp:attachment":[{"href":"https:\/\/crearailing.com\/de\/wp-json\/wp\/v2\/media?parent=2626"}],"curies":[{"name":"wp","href":"https:\/\/api.w.org\/{rel}","templated":true}]}}