{"id":5627,"date":"2018-12-09T17:32:50","date_gmt":"2018-12-09T17:32:50","guid":{"rendered":"https:\/\/crearailing.com\/produkte\/crealine\/"},"modified":"2020-01-21T17:40:19","modified_gmt":"2020-01-21T17:40:19","slug":"crealine","status":"publish","type":"page","link":"https:\/\/crearailing.com\/de\/produkte\/crealine\/","title":{"rendered":"CREALINE"},"content":{"rendered":"<div class=\"wpb-content-wrapper\"><p>[vc_row full_width=&#8220;stretch_row&#8220; el_class=&#8220;background-image-left&#8220;][vc_column][vc_raw_html el_class=&#8220;crea-title&#8220; css=&#8220;.vc_custom_1544379669386{margin-top: 0px !important;}&#8220;]PGRpdj48c3BhbiBzdHlsZT0iY29sb3I6ICNmZjAwMDA7Ij5DUkVBPC9zcGFuPkxJTkU8L2Rpdj4=[\/vc_raw_html][vc_custom_heading text=&#8220;GLASGEL\u00c4NDER \/ GANZGLASGEL\u00c4NDER&#8220; use_theme_fonts=&#8220;yes&#8220; el_class=&#8220;title&#8220; css=&#8220;.vc_custom_1577051454988{margin-top: 0px !important;}&#8220;][vc_column_text]Die Glasgel\u00e4nder von CREA \u00fcberzeugen nicht nur durch die ausgekl\u00fcgelten, aber simple Technik, es erf\u00fcllt in allen Belangen die technischen Qualit\u00e4tskriterien und die geforderten Sicherheitsanforderungen. Das edle Aussehen gepaart mit der m\u00fchelosen Einfachheit, macht das Glasgel\u00e4nder von CREA, sowohl f\u00fcr den Planer wie auch f\u00fcr den Ausf\u00fchrer, zu dem Premium Glasgel\u00e4ndersystem von Morgen.<\/p>\n<p>Die Glaseinspannung bei CREALINE ist eine gleichm\u00e4ssige, linienf\u00f6rmige, zw\u00e4ngungsfreie und elastische Lagerung, ohne \u00f6rtliche Spannungen und unplanm\u00e4ssigen punktuellen Belastung durch \u00f6rtlich Keile, Gummis, Klemmen oder Verklebungen. Weiter ist der Austausch oder eine Wartung jeder Zeit und ohne grossen Aufwand m\u00f6glich.[\/vc_column_text][\/vc_column][\/vc_row][vc_row full_width=&#8220;stretch_row&#8220; el_class=&#8220;background-image-left&#8220;][vc_column][vc_custom_heading text=&#8220;Gleichm\u00e4ssig, linienf\u00f6rmig, elastisch gelagerte Glasgel\u00e4nder&#8220; use_theme_fonts=&#8220;yes&#8220; el_class=&#8220;title&#8220;][vc_row_inner css=&#8220;.vc_custom_1544380361484{margin-bottom: 20px !important;}&#8220;][vc_column_inner width=&#8220;1\/3&#8243;][vc_single_image image=&#8220;7711&#8243; img_size=&#8220;full&#8220; alignment=&#8220;center&#8220; onclick=&#8220;custom_link&#8220; link=&#8220;\/de\/produkte\/crealine\/gg-1002\/&#8220; css=&#8220;.vc_custom_1579108694825{margin-bottom: 0px !important;}&#8220;][vc_custom_heading text=&#8220;GG-1002&#8243; font_container=&#8220;tag:h3|text_align:center&#8220; use_theme_fonts=&#8220;yes&#8220; link=&#8220;url:%2Fde%2Fprodukte%2Fcrealine%2Fgg-1002%2F|title:GG-1002||&#8220;][vc_column_text]<br \/>\nDas bew\u00e4hrte Ganzglasgel\u00e4nderprofil GG-1002 f\u00fcr die aufgesetzte Montage am Bauk\u00f6rper.<br \/>\n[\/vc_column_text][\/vc_column_inner][vc_column_inner width=&#8220;1\/3&#8243;][vc_single_image image=&#8220;2932&#8243; img_size=&#8220;full&#8220; alignment=&#8220;center&#8220; onclick=&#8220;custom_link&#8220; link=&#8220;\/de\/produkte\/crealine\/gg-1003\/&#8220; css=&#8220;.vc_custom_1554100588224{margin-bottom: 0px !important;}&#8220;][vc_custom_heading text=&#8220;GG-1003&#8243; font_container=&#8220;tag:h3|text_align:center&#8220; use_theme_fonts=&#8220;yes&#8220; link=&#8220;url:%2Fde%2Fprodukte%2Fcrealine%2Fgg-1003%2F|title:GG-1003||&#8220;][vc_column_text]<br \/>\nDas filigrane Ganzglasgel\u00e4nderprofil GG-1003 f\u00fcr die stirnseitige Montage am Bauk\u00f6rper.<br \/>\n[\/vc_column_text][\/vc_column_inner][vc_column_inner width=&#8220;1\/3&#8243;][vc_single_image image=&#8220;2935&#8243; img_size=&#8220;full&#8220; alignment=&#8220;center&#8220; onclick=&#8220;custom_link&#8220; link=&#8220;\/de\/produkte\/crealine\/gg-1004\/&#8220; css=&#8220;.vc_custom_1554100598335{margin-bottom: 0px !important;}&#8220;][vc_custom_heading text=&#8220;GG-1004&#8243; font_container=&#8220;tag:h3|text_align:center&#8220; use_theme_fonts=&#8220;yes&#8220; link=&#8220;url:%2Fde%2Fprodukte%2Fcrealine%2Fgg-1004%2F|title:GG-1004||&#8220;][vc_column_text]<br \/>\nDas praktische Ganzglasgel\u00e4nderprofil GG-1004 f\u00fcr die stirnseitige Montage am Bauk\u00f6rper.<br \/>\n[\/vc_column_text][\/vc_column_inner][\/vc_row_inner][vc_row_inner css=&#8220;.vc_custom_1544380367615{margin-bottom: 20px !important;}&#8220;][vc_column_inner width=&#8220;1\/3&#8243;][vc_single_image image=&#8220;2938&#8243; img_size=&#8220;full&#8220; alignment=&#8220;center&#8220; onclick=&#8220;custom_link&#8220; link=&#8220;\/de\/produkte\/crealine\/gg-1005\/&#8220; css=&#8220;.vc_custom_1554100610471{margin-bottom: 0px !important;}&#8220;][vc_custom_heading text=&#8220;GG-1005&#8243; font_container=&#8220;tag:h3|text_align:center&#8220; use_theme_fonts=&#8220;yes&#8220; link=&#8220;url:%2Fde%2Fprodukte%2Fcrealine%2Fgg-1005%2F|title:GG-1005||&#8220;][vc_column_text]<br \/>\nDas Ganzglasgel\u00e4nderprofil GG-1005 f\u00fcr alle Anwendungen am Bauk\u00f6rper.<br \/>\n[\/vc_column_text][\/vc_column_inner][vc_column_inner width=&#8220;1\/3&#8243;][vc_single_image image=&#8220;2941&#8243; img_size=&#8220;full&#8220; alignment=&#8220;center&#8220; onclick=&#8220;custom_link&#8220; link=&#8220;\/de\/produkte\/crealine\/gg-1006\/&#8220; css=&#8220;.vc_custom_1554100620461{margin-bottom: 0px !important;}&#8220;][vc_custom_heading text=&#8220;GG-1006&#8243; font_container=&#8220;tag:h3|text_align:center&#8220; use_theme_fonts=&#8220;yes&#8220; link=&#8220;url:%2Fde%2Fprodukte%2Fcrealine%2Fgg-1006%2F|title:GG-1006||&#8220;][vc_column_text]<br \/>\nDas filigrane Ganzglasgel\u00e4nderprofil GG-1006 als Br\u00fcstungserweiterung.<br \/>\n[\/vc_column_text][vc_column_text el_class=&#8220;hide new&#8220;]NEU[\/vc_column_text][\/vc_column_inner][vc_column_inner width=&#8220;1\/3&#8243;][vc_single_image image=&#8220;2944&#8243; img_size=&#8220;full&#8220; alignment=&#8220;center&#8220; onclick=&#8220;custom_link&#8220; link=&#8220;\/de\/produkte\/crealine\/gg-1007\/&#8220; css=&#8220;.vc_custom_1554100631141{margin-bottom: 0px !important;}&#8220;][vc_custom_heading text=&#8220;GG-1007&#8243; font_container=&#8220;tag:h3|text_align:center&#8220; use_theme_fonts=&#8220;yes&#8220; link=&#8220;url:%2Fde%2Fprodukte%2Fcrealine%2Fgg-1007%2F|title:GG-1007||&#8220;][vc_column_text]<br \/>\nDas praktische Ganzglasgel\u00e4nderprofil GG-1007 f\u00fcr die stirnseitige Montage am Bauk\u00f6rper.<br \/>\n[\/vc_column_text][\/vc_column_inner][\/vc_row_inner][\/vc_column][\/vc_row][vc_row][vc_column][vc_custom_heading text=&#8220;GALERIE&#8220; use_theme_fonts=&#8220;yes&#8220; el_class=&#8220;title&#8220;][vc_masonry_media_grid gap=&#8220;10&#8243; item=&#8220;masonryMedia_SimpleOverlay&#8220; grid_id=&#8220;vc_gid:1579108815480-ff69c86f-6c19-6&#8243; include=&#8220;2649,2655,2658,2770,2773,2776,2779,2782,2785,2788,2794,2800,2818,2886,3110,3092,3130,3133,3176,3188,3500,3503,3518,3521,3553,3588,3594,3600,3609,3612,3621,3631,3637,3640,3654,3716,3725,3731,3744,3747,3750,3757,3778,3781,3787,3795,3804,3807,3864,3881,3934,3937,3967,3973,3980,3989,4007,4010,4013,4031,4034,4057,4072,4099,4105,4125,4128,4134,4143,4152,4239,4257,4313&#8243;][\/vc_column][\/vc_row]<\/p>\n<\/div>","protected":false},"excerpt":{"rendered":"<p>[vc_row full_width=&#8220;stretch_row&#8220; el_class=&#8220;background-image-left&#8220;][vc_column][vc_raw_html el_class=&#8220;crea-title&#8220; css=&#8220;.vc_custom_1544379669386{margin-top: 0px !important;}&#8220;]PGRpdj48c3BhbiBzdHlsZT0iY29sb3I6ICNmZjAwMDA7Ij5DUkVBPC9zcGFuPkxJTkU8L2Rpdj4=[\/vc_raw_html][vc_custom_heading text=&#8220;GLASGEL\u00c4NDER \/ GANZGLASGEL\u00c4NDER&#8220; use_theme_fonts=&#8220;yes&#8220; el_class=&#8220;title&#8220; css=&#8220;.vc_custom_1577051454988{margin-top: 0px !important;}&#8220;][vc_column_text]Die Glasgel\u00e4nder von CREA \u00fcberzeugen nicht nur durch die ausgekl\u00fcgelten, aber simple Technik, es erf\u00fcllt in allen Belangen die technischen Qualit\u00e4tskriterien und die geforderten Sicherheitsanforderungen. Das &hellip;<\/p>\n","protected":false},"author":5,"featured_media":0,"parent":2608,"menu_order":1,"comment_status":"closed","ping_status":"closed","template":"","meta":{"footnotes":""},"class_list":["post-5627","page","type-page","status-publish","hentry"],"_links":{"self":[{"href":"https:\/\/crearailing.com\/de\/wp-json\/wp\/v2\/pages\/5627","targetHints":{"allow":["GET"]}}],"collection":[{"href":"https:\/\/crearailing.com\/de\/wp-json\/wp\/v2\/pages"}],"about":[{"href":"https:\/\/crearailing.com\/de\/wp-json\/wp\/v2\/types\/page"}],"author":[{"embeddable":true,"href":"https:\/\/crearailing.com\/de\/wp-json\/wp\/v2\/users\/5"}],"replies":[{"embeddable":true,"href":"https:\/\/crearailing.com\/de\/wp-json\/wp\/v2\/comments?post=5627"}],"version-history":[{"count":2,"href":"https:\/\/crearailing.com\/de\/wp-json\/wp\/v2\/pages\/5627\/revisions"}],"predecessor-version":[{"id":7732,"href":"https:\/\/crearailing.com\/de\/wp-json\/wp\/v2\/pages\/5627\/revisions\/7732"}],"up":[{"embeddable":true,"href":"https:\/\/crearailing.com\/de\/wp-json\/wp\/v2\/pages\/2608"}],"wp:attachment":[{"href":"https:\/\/crearailing.com\/de\/wp-json\/wp\/v2\/media?parent=5627"}],"curies":[{"name":"wp","href":"https:\/\/api.w.org\/{rel}","templated":true}]}}