{"id":6532,"date":"2019-04-01T10:03:20","date_gmt":"2019-04-01T10:03:20","guid":{"rendered":"https:\/\/crearailing.com\/produkte\/crealine\/gg-1004\/"},"modified":"2020-08-25T11:02:48","modified_gmt":"2020-08-25T11:02:48","slug":"gg-1004","status":"publish","type":"page","link":"https:\/\/crearailing.com\/de\/produkte\/crealine\/gg-1004\/","title":{"rendered":"GG-1004"},"content":{"rendered":"<div class=\"wpb-content-wrapper\"><p>[vc_row full_width=&#8220;stretch_row&#8220;][vc_column][vc_raw_html el_class=&#8220;crea-title&#8220;]PGRpdj48c3BhbiBzdHlsZT0iY29sb3I6ICNmZjAwMDA7Ij5DUkVBPC9zcGFuPkxJTkU8L2Rpdj4=[\/vc_raw_html][vc_row_inner][vc_column_inner width=&#8220;2\/3&#8243;][vc_custom_heading text=&#8220;GLASGEL\u00c4NDER \/ GANZGLASGEL\u00c4NDER&#8220; use_theme_fonts=&#8220;yes&#8220; el_class=&#8220;title&#8220; css=&#8220;.vc_custom_1598348748239{margin-top: 0px !important;}&#8220;][vc_column_text]Das praktische Ganzglasgel\u00e4nderprofil GG-1004 f\u00fcr die stirnseitige Montage am Bauk\u00f6rper.<\/p>\n<p>Dies ist ein gepr\u00fcftes lineares Vollglasgel\u00e4nder, ohne Pfosten mit einem unten durchlaufenden, stirnseitig montierten Alu-Klemmprofil. Die Glasbefestigung erfolgt mittels durchlaufend geklemmten Alu-Keilprofil (ohne punktuelle Klemmplatten, Keile, Verklebungen oder Silikonfuge). Die Anwendung kann mit und ohne Handlauf erfolgen. Justierung der Glaskante ist jederzeit und ohne Glasausbau m\u00f6glich.<\/p>\n<p>Das Glasgel\u00e4nderprofil GG-1004 weist mit seinem zus\u00e4tzlichen Klipsprofil eine weitere Raffinesse auf. Die eigentliche Profilmontage erfolgt roh und ohne Zeitverlust durch Oberfl\u00e4chenbehandlung. Es m\u00fcssen auch keine Gehrungsschnitte im Hauptprofil gemacht werden. Der Schnitt als solches kann mit einem Abstand zum Ende gerade gemacht werden, wo auch das Glas seitlich rausstehen kann (hohe Toleranzaufnahme). Das Glasgel\u00e4nder bietet bereits so, seine volle Sicherheit. Am Schluss (nach dem treckigen Rohbau) kann ganz einfach mit dem Abdeckprofil auf Mass und mit gew\u00fcnschter Oberfl\u00e4chenbehandlung, die ganze Unterkonstruktion abgedeckt werden. Das Vollglasgel\u00e4nderprofil hat nach Fertigstellung eine ebene und gerade Ansichtsfl\u00e4che.[\/vc_column_text][\/vc_column_inner][vc_column_inner width=&#8220;1\/3&#8243;][vc_single_image image=&#8220;4388&#8243; img_size=&#8220;full&#8220; alignment=&#8220;center&#8220; onclick=&#8220;link_image&#8220;][\/vc_column_inner][\/vc_row_inner][\/vc_column][\/vc_row][vc_row full_width=&#8220;stretch_row&#8220;][vc_column][vc_custom_heading text=&#8220;TECHNISCHE DETAILS&#8220; use_theme_fonts=&#8220;yes&#8220; el_class=&#8220;title&#8220;][vc_column_text]<\/p>\n<ul>\n<li>Abmessungen: 77 x 238 mm<\/li>\n<li>Profill\u00e4nge: Standard 6100 mm (gr\u00f6ssere L\u00e4ngen auf Anfrage m\u00f6glich)<\/li>\n<li>Verglasung: 21-4 \/ 25-4<\/li>\n<li>Einspannung: 105 mm<\/li>\n<li>Klipsprofil<\/li>\n<li>Trockenverglasungssystem<\/li>\n<li>Justierschrauben<\/li>\n<li>Holmlast: 0.8kN\/m, 1.6kN\/m und 3.0kN\/m<\/li>\n<\/ul>\n<p>[\/vc_column_text][\/vc_column][\/vc_row][vc_row full_width=&#8220;stretch_row&#8220;][vc_column][vc_custom_heading text=&#8220;SYSTEMVORTEILE&#8220; use_theme_fonts=&#8220;yes&#8220; el_class=&#8220;title&#8220;][vc_column_text]<\/p>\n<ul>\n<li>Schnelle und einfache Profilmontage<\/li>\n<li>direkte Bautoleranzaufnahme<\/li>\n<li>Ausrichten ohne zeitaufwendiges Schiften<\/li>\n<li>Einfachster Glaseinsatz<\/li>\n<li>Effizient mit Trockenverglasungssystem, ohne m\u00fchsame Verklebungen<\/li>\n<li>Witterungs- und Temperaturunabh\u00e4ngige Montage, ohne aufwendige Silikonfugen<\/li>\n<li>Nachjustierung der Glaskante immer m\u00f6glich<\/li>\n<li>Glasaustausch jederzeit m\u00f6glich<\/li>\n<li>Beratung und Begleitung, Service<\/li>\n<li>Zuschnitt, Bearbeitung und Oberfl\u00e4chenbehandlung auf Anfrage m\u00f6glich<\/li>\n<\/ul>\n<p>[\/vc_column_text][\/vc_column][\/vc_row][vc_row full_width=&#8220;stretch_row&#8220;][vc_column][vc_custom_heading text=&#8220;MONTAGEM\u00d6GLICHKEITEN&#8220; use_theme_fonts=&#8220;yes&#8220; el_class=&#8220;title&#8220;][vc_single_image image=&#8220;4715&#8243; img_size=&#8220;full&#8220; alignment=&#8220;center&#8220;][\/vc_column][\/vc_row][vc_row full_width=&#8220;stretch_row&#8220; el_class=&#8220;hide&#8220;][vc_column][vc_custom_heading text=&#8220;MONTAGEABST\u00c4NDE&#8220; use_theme_fonts=&#8220;yes&#8220; el_class=&#8220;title&#8220;][vc_single_image image=&#8220;2552&#8243; img_size=&#8220;full&#8220; alignment=&#8220;center&#8220;][\/vc_column][\/vc_row][vc_row full_width=&#8220;stretch_row&#8220;][vc_column][vc_custom_heading text=&#8220;STATIK&#8220; use_theme_fonts=&#8220;yes&#8220; el_class=&#8220;title&#8220;][vc_single_image image=&#8220;4447&#8243; img_size=&#8220;full&#8220; alignment=&#8220;center&#8220; onclick=&#8220;link_image&#8220;][vc_column_text]Fordern Sie einen Standard-Nachweis an oder besser wir machen explizit einen f\u00fcr Ihr Bauvorhaben.[\/vc_column_text][\/vc_column][\/vc_row][vc_row full_width=&#8220;stretch_row&#8220;][vc_column][vc_custom_heading text=&#8220;MONTAGEVIDEO&#8220; use_theme_fonts=&#8220;yes&#8220; el_class=&#8220;title&#8220;][vc_video link=&#8220;https:\/\/youtu.be\/M5bhEYYHW5U&#8220; align=&#8220;center&#8220;][\/vc_column][\/vc_row][vc_row css=&#8220;.vc_custom_1554108174280{margin-bottom: 30px !important;}&#8220;][vc_column][vc_custom_heading text=&#8220;HERUNTERLADEN&#8220; use_theme_fonts=&#8220;yes&#8220; el_class=&#8220;title&#8220;][vc_empty_space height=&#8220;1&#8243;]<a id='button-id-' target='_blank' href='\/wp-content\/uploads\/pdf\/crealine-gg-1004-drawings-1-1.pdf' class='btn btn-normal btn-lg' style='color: #ffffff;background-color: #020000'><i class='fa far fa-file-pdf'><\/i> CREALINE GG-1004 1:1<\/a><style>#button-id-:hover{color: #ffffff !important;background-color: #ff1e1e !important;}<\/style>[vc_empty_space height=&#8220;10&#8243;]<a id='button-id-1' target='_blank' href='\/wp-content\/uploads\/pdf\/crealine-gg-1004-de-ausschreibungstexte.pdf' class='btn btn-normal btn-lg' style='color: #ffffff;background-color: #020000'><i class='fa far fa-file-pdf'><\/i> Ausschreibungstexte<\/a><style>#button-id-1:hover{color: #ffffff !important;background-color: #ff1e1e !important;}<\/style>[vc_empty_space height=&#8220;10&#8243;]<a id='button-id-2' target='_blank' href='\/wp-content\/uploads\/pdf\/crealine-gg-1004-de-zusaetzliche-ausschreibungstexte.pdf' class='btn btn-normal btn-lg' style='color: #ffffff;background-color: #020000'><i class='fa far fa-file-pdf'><\/i> Zus\u00e4tzliche Ausschreibungstexte<\/a><style>#button-id-2:hover{color: #ffffff !important;background-color: #ff1e1e !important;}<\/style>[\/vc_column][\/vc_row][vc_row full_width=&#8220;stretch_row&#8220;][vc_column][vc_custom_heading text=&#8220;GALERIE&#8220; use_theme_fonts=&#8220;yes&#8220; el_class=&#8220;title&#8220;][vc_media_grid element_width=&#8220;2&#8243; item=&#8220;mediaGrid_ScaleInWithIcon&#8220; grid_id=&#8220;vc_gid:1598348732623-73d2bb17-1563-9&#8243; include=&#8220;2880,2883,2886,3092,3098,3110,3113,3119,3588,3591,3594,3597,3600,3609,3612,3615,3621,3757,3967,3973,4007,4010,4013,4031,4034,4037,4040,4043,4099,4105&#8243;][\/vc_column][\/vc_row]<\/p>\n<\/div>","protected":false},"excerpt":{"rendered":"<p>[vc_row full_width=&#8220;stretch_row&#8220;][vc_column][vc_raw_html el_class=&#8220;crea-title&#8220;]PGRpdj48c3BhbiBzdHlsZT0iY29sb3I6ICNmZjAwMDA7Ij5DUkVBPC9zcGFuPkxJTkU8L2Rpdj4=[\/vc_raw_html][vc_row_inner][vc_column_inner width=&#8220;2\/3&#8243;][vc_custom_heading text=&#8220;GLASGEL\u00c4NDER \/ GANZGLASGEL\u00c4NDER&#8220; use_theme_fonts=&#8220;yes&#8220; el_class=&#8220;title&#8220; css=&#8220;.vc_custom_1598348748239{margin-top: 0px !important;}&#8220;][vc_column_text]Das praktische Ganzglasgel\u00e4nderprofil GG-1004 f\u00fcr die stirnseitige Montage am Bauk\u00f6rper. Dies ist ein gepr\u00fcftes lineares Vollglasgel\u00e4nder, ohne Pfosten mit einem unten durchlaufenden, stirnseitig montierten Alu-Klemmprofil. Die Glasbefestigung erfolgt mittels &hellip;<\/p>\n","protected":false},"author":5,"featured_media":0,"parent":5627,"menu_order":3,"comment_status":"closed","ping_status":"closed","template":"","meta":{"footnotes":""},"class_list":["post-6532","page","type-page","status-publish","hentry"],"_links":{"self":[{"href":"https:\/\/crearailing.com\/de\/wp-json\/wp\/v2\/pages\/6532","targetHints":{"allow":["GET"]}}],"collection":[{"href":"https:\/\/crearailing.com\/de\/wp-json\/wp\/v2\/pages"}],"about":[{"href":"https:\/\/crearailing.com\/de\/wp-json\/wp\/v2\/types\/page"}],"author":[{"embeddable":true,"href":"https:\/\/crearailing.com\/de\/wp-json\/wp\/v2\/users\/5"}],"replies":[{"embeddable":true,"href":"https:\/\/crearailing.com\/de\/wp-json\/wp\/v2\/comments?post=6532"}],"version-history":[{"count":12,"href":"https:\/\/crearailing.com\/de\/wp-json\/wp\/v2\/pages\/6532\/revisions"}],"predecessor-version":[{"id":8865,"href":"https:\/\/crearailing.com\/de\/wp-json\/wp\/v2\/pages\/6532\/revisions\/8865"}],"up":[{"embeddable":true,"href":"https:\/\/crearailing.com\/de\/wp-json\/wp\/v2\/pages\/5627"}],"wp:attachment":[{"href":"https:\/\/crearailing.com\/de\/wp-json\/wp\/v2\/media?parent=6532"}],"curies":[{"name":"wp","href":"https:\/\/api.w.org\/{rel}","templated":true}]}}