{"id":6886,"date":"2018-12-09T19:54:09","date_gmt":"2018-12-09T19:54:09","guid":{"rendered":"https:\/\/crearailing.com\/produkte\/creativity\/"},"modified":"2020-03-06T10:25:21","modified_gmt":"2020-03-06T10:25:21","slug":"creativity","status":"publish","type":"page","link":"https:\/\/crearailing.com\/de\/produkte\/creativity\/","title":{"rendered":"CREATIVITY"},"content":{"rendered":"<div class=\"wpb-content-wrapper\"><p>[vc_row full_width=&#8220;stretch_row&#8220; el_class=&#8220;background-image-left&#8220;][vc_column][vc_raw_html el_class=&#8220;crea-title&#8220;]PGRpdj48c3BhbiBzdHlsZT0iY29sb3I6ICNmZjAwMDA7Ij5DUkVBPC9zcGFuPlRJVklUWTwvZGl2Pg==[\/vc_raw_html][vc_custom_heading text=&#8220;ARCHITEKTUR MIT GLAS &#8211; IDEEN, INNOVATIONEN, SPECIALS&#8220; use_theme_fonts=&#8220;yes&#8220; el_class=&#8220;title&#8220; el_id=&#8220;produkt&#8220; css=&#8220;.vc_custom_1575948774757{margin-top: 0px !important;}&#8220;][vc_column_text]Glas wird als Baustoff in der modernen Architektur vielseitig eingesetzt und gewinnt immer wie mehr an bedeutung. Durch Fortschritte in Entwicklung, Herstellung und Veredelung erf\u00fcllt es auch die geforderten Sicherheitsanforderungen.<\/p>\n<p>Architekten k\u00f6nnen planen, sie haben Ideen, sind kreativ und wissen, was realisiert werden kann. Bei Ideen und W\u00fcnschen die noch nicht realisiert oder hergestellt wurden, ist CREA DER PARTNER f\u00fcr Innovationen im Bereich der Glasarchitektur. Der Architekt erh\u00e4lt zuverl\u00e4ssige Informationen und kann die offenen Faktoren f\u00fcr seine Planung abfragen.[\/vc_column_text][\/vc_column][\/vc_row][vc_row full_width=&#8220;stretch_row&#8220; el_class=&#8220;background-image-left&#8220;][vc_column][vc_row_inner][vc_column_inner width=&#8220;1\/3&#8243;][vc_gallery type=&#8220;nivo&#8220; interval=&#8220;0&#8243; images=&#8220;7748,8093,8098,8103,8108,8113,8118,8123,8128,8133,8138&#8243; img_size=&#8220;full&#8220; css=&#8220;.vc_custom_1583490314853{margin-bottom: 5px !important;}&#8220;][vc_custom_heading text=&#8220;ARCHITEKTUR AUS GLAS&#8220; font_container=&#8220;tag:h3|text_align:center&#8220; use_theme_fonts=&#8220;yes&#8220;][vc_column_text el_class=&#8220;text&#8220;]<\/p>\n<p style=\"text-align: center;\">GANZGLAS-AUSF\u00dcHRUNGEN<\/p>\n<p>[\/vc_column_text][\/vc_column_inner][vc_column_inner width=&#8220;1\/3&#8243;][vc_gallery type=&#8220;nivo&#8220; interval=&#8220;0&#8243; images=&#8220;6686,6696,6701,6706,6711,6716,4505,4510,4530,6721,6726&#8243; img_size=&#8220;full&#8220; css=&#8220;.vc_custom_1575947286668{margin-bottom: 5px !important;}&#8220;][vc_custom_heading text=&#8220;SCHUTZWAND&#8220; font_container=&#8220;tag:h3|text_align:center&#8220; use_theme_fonts=&#8220;yes&#8220;][vc_column_text el_class=&#8220;text&#8220;]<\/p>\n<p style=\"text-align: center;\">GLAS \/ Digialdruck auf Folie<br \/>\nSchutzwand mit punktgehaltenem Glasgel\u00e4nder<\/p>\n<p>[\/vc_column_text][\/vc_column_inner][vc_column_inner width=&#8220;1\/3&#8243;][vc_gallery type=&#8220;nivo&#8220; interval=&#8220;0&#8243; images=&#8220;6765,6770,6775,6780,6785,6790,6795,6800,6805,6810,6815,6820&#8243; img_size=&#8220;full&#8220; css=&#8220;.vc_custom_1575944720874{margin-bottom: 5px !important;}&#8220;][vc_custom_heading text=&#8220;L\u00c4RMSCHUTZ&#8220; font_container=&#8220;tag:h3|text_align:center&#8220; use_theme_fonts=&#8220;yes&#8220;][vc_column_text el_class=&#8220;text&#8220;]<\/p>\n<p style=\"text-align: center;\">GLAS \/ Siebdruck auf Glas<br \/>\nL\u00e4rmschutzwand mit Glasgel\u00e4nder<\/p>\n<p>[\/vc_column_text][\/vc_column_inner][\/vc_row_inner][vc_row_inner][vc_column_inner width=&#8220;1\/3&#8243;][vc_gallery type=&#8220;nivo&#8220; interval=&#8220;0&#8243; images=&#8220;6826,6831,6836,6841,6846,6851,6856,6861&#8243; img_size=&#8220;full&#8220; css=&#8220;.vc_custom_1575948606470{margin-bottom: 5px !important;}&#8220;][vc_custom_heading text=&#8220;WINDSCHUTZ&#8220; font_container=&#8220;tag:h3|text_align:center&#8220; use_theme_fonts=&#8220;yes&#8220;][vc_column_text el_class=&#8220;text&#8220;]<\/p>\n<p style=\"text-align: center;\">GLAS<br \/>\nWindschutzwand mit Glasgel\u00e4nder<\/p>\n<p>[\/vc_column_text][\/vc_column_inner][vc_column_inner width=&#8220;1\/3&#8243;][vc_gallery type=&#8220;nivo&#8220; interval=&#8220;0&#8243; images=&#8220;6867,6872,6877&#8243; img_size=&#8220;full&#8220; css=&#8220;.vc_custom_1575944730559{margin-bottom: 5px !important;}&#8220;][vc_custom_heading text=&#8220;CRASH-GLAS&#8220; font_container=&#8220;tag:h3|text_align:center&#8220; use_theme_fonts=&#8220;yes&#8220;][vc_column_text el_class=&#8220;text&#8220;]<\/p>\n<p style=\"text-align: center;\">GLASGEL\u00c4NDER<\/p>\n<p>[\/vc_column_text][\/vc_column_inner][vc_column_inner width=&#8220;1\/3&#8243;][vc_gallery type=&#8220;nivo&#8220; interval=&#8220;0&#8243; images=&#8220;3634,3631,3637,3640,3643,3646,2871&#8243; img_size=&#8220;full&#8220; css=&#8220;.vc_custom_1575944735309{margin-bottom: 5px !important;}&#8220;][vc_custom_heading text=&#8220;BOGENGLAS&#8220; font_container=&#8220;tag:h3|text_align:center&#8220; use_theme_fonts=&#8220;yes&#8220;][vc_column_text el_class=&#8220;text&#8220;]<\/p>\n<p style=\"text-align: center;\">GANZGLASGEL\u00c4NDER<\/p>\n<p>[\/vc_column_text][\/vc_column_inner][\/vc_row_inner][\/vc_column][\/vc_row][vc_row full_width=&#8220;stretch_row&#8220; el_class=&#8220;background-image-left&#8220;][vc_column][vc_column_text]Wir haben bei verschiedenen architektonischen W\u00fcnschen Produktentwicklungen gemacht oder unsere Produkte genommen, Details und Funktionalit\u00e4t ver\u00e4ndert, um den Endkunden schlussendlich etwas Spezielles bieten zu k\u00f6nnen.<\/p>\n<blockquote>\n<p>DER RICHTIGE PARTNER, MIT DER IDEALEN L\u00d6SUNG, F\u00dcR EINZIGARTIGE VISIONEN!<\/p>\n<\/blockquote>\n<p>Nehmen Sie bei Interesse unverbindlich Kontakt mit uns auf.<br \/>\nWir sind jederzeit gerne f\u00fcr Sie da und k\u00f6nnen Ihnen spezifische Fachberatung und Unterst\u00fctzung geben.[\/vc_column_text][\/vc_column][\/vc_row]<\/p>\n<\/div>","protected":false},"excerpt":{"rendered":"<p>[vc_row full_width=&#8220;stretch_row&#8220; el_class=&#8220;background-image-left&#8220;][vc_column][vc_raw_html el_class=&#8220;crea-title&#8220;]PGRpdj48c3BhbiBzdHlsZT0iY29sb3I6ICNmZjAwMDA7Ij5DUkVBPC9zcGFuPlRJVklUWTwvZGl2Pg==[\/vc_raw_html][vc_custom_heading text=&#8220;ARCHITEKTUR MIT GLAS &#8211; IDEEN, INNOVATIONEN, SPECIALS&#8220; use_theme_fonts=&#8220;yes&#8220; el_class=&#8220;title&#8220; el_id=&#8220;produkt&#8220; css=&#8220;.vc_custom_1575948774757{margin-top: 0px !important;}&#8220;][vc_column_text]Glas wird als Baustoff in der modernen Architektur vielseitig eingesetzt und gewinnt immer wie mehr an bedeutung. Durch Fortschritte in Entwicklung, Herstellung und Veredelung &hellip;<\/p>\n","protected":false},"author":5,"featured_media":0,"parent":2608,"menu_order":6,"comment_status":"closed","ping_status":"closed","template":"","meta":{"footnotes":""},"class_list":["post-6886","page","type-page","status-publish","hentry"],"_links":{"self":[{"href":"https:\/\/crearailing.com\/de\/wp-json\/wp\/v2\/pages\/6886","targetHints":{"allow":["GET"]}}],"collection":[{"href":"https:\/\/crearailing.com\/de\/wp-json\/wp\/v2\/pages"}],"about":[{"href":"https:\/\/crearailing.com\/de\/wp-json\/wp\/v2\/types\/page"}],"author":[{"embeddable":true,"href":"https:\/\/crearailing.com\/de\/wp-json\/wp\/v2\/users\/5"}],"replies":[{"embeddable":true,"href":"https:\/\/crearailing.com\/de\/wp-json\/wp\/v2\/comments?post=6886"}],"version-history":[{"count":2,"href":"https:\/\/crearailing.com\/de\/wp-json\/wp\/v2\/pages\/6886\/revisions"}],"predecessor-version":[{"id":8166,"href":"https:\/\/crearailing.com\/de\/wp-json\/wp\/v2\/pages\/6886\/revisions\/8166"}],"up":[{"embeddable":true,"href":"https:\/\/crearailing.com\/de\/wp-json\/wp\/v2\/pages\/2608"}],"wp:attachment":[{"href":"https:\/\/crearailing.com\/de\/wp-json\/wp\/v2\/media?parent=6886"}],"curies":[{"name":"wp","href":"https:\/\/api.w.org\/{rel}","templated":true}]}}