{"id":7096,"date":"2018-12-09T19:54:34","date_gmt":"2018-12-09T19:54:34","guid":{"rendered":"https:\/\/crearailing.com\/produkte\/crea-led\/"},"modified":"2020-03-06T10:33:33","modified_gmt":"2020-03-06T10:33:33","slug":"crea-led","status":"publish","type":"page","link":"https:\/\/crearailing.com\/de\/produkte\/crea-led\/","title":{"rendered":"CREA-LED"},"content":{"rendered":"<div class=\"wpb-content-wrapper\"><p>[vc_row full_width=&#8220;stretch_row&#8220; el_class=&#8220;background-image-left&#8220;][vc_column][vc_raw_html el_class=&#8220;crea-title&#8220;]PGRpdj48c3BhbiBzdHlsZT0iY29sb3I6ICNmZjAwMDA7Ij5DUkVBPC9zcGFuPi1MRUQ8L2Rpdj4=[\/vc_raw_html][vc_custom_heading text=&#8220;HIGH TECH IN GLASS&#8220; use_theme_fonts=&#8220;yes&#8220; el_class=&#8220;title&#8220; css=&#8220;.vc_custom_1583490785558{margin-top: 0px !important;}&#8220;][vc_column_text]LED IM GLAS ohne Draht, Kabel oder sichtbarer Verbindung. Technologie der Zukunft! Durch die Weiterentwicklung der LED Lichttechnik ist es m\u00f6glich geworden, Glas und Licht kabellos miteinander zu verbinden und faszinierende Lichteffekte zu erzeugen. \u00dcber Leiterbahnen der inneren Glasoberfl\u00e4che werden im zweischeibigen Gie\u00dfharzverbundglas montierte Leuchtdioden (LED) mit elektrischer Energie versorgt. Anzahl und Abstand der LED k\u00f6nnen beinahe beliebig sein. Mit einem Anschlusskabel wird u\u0308ber einen Kontaktstreifen an den beiden langen Glaskanten Energie eingespeist. Die Stromversorgung erfolgt u\u0308ber ein externes Steckernetzteil.[\/vc_column_text][vc_column_text]Leuchtdioden im Gie\u00dfharzverbund bieten eine Vielzahl von Vorteilen:<\/p>\n<ul>\n<li>Nahezu beliebig im Glasverbund positionierbar<\/li>\n<li>Kabellose Stromversorgung<\/li>\n<li>Beidseitig abstrahlendes Licht<\/li>\n<li>Geringer Stromverbrauch<\/li>\n<li>Kaum W\u00e4rmeentwicklung<\/li>\n<li>Geschu\u0308tzt im Glasverbund<\/li>\n<\/ul>\n<p>[\/vc_column_text][vc_column_text]Nehmen Sie bei Interesse unverbindlich Kontakt mit uns auf. Wir sind jederzeit gerne f\u00fcr Sie da und k\u00f6nnen Ihnen spezifische Fachberatung und Unterst\u00fctzung geben.[\/vc_column_text][\/vc_column][\/vc_row][vc_row][vc_column][vc_custom_heading text=&#8220;TECHNISCHE DATEN&#8220; use_theme_fonts=&#8220;yes&#8220; el_class=&#8220;title&#8220;][vc_column_text]Glasformate:<br \/>\n&#8211; max. Glasau\u00dfenma\u00df stromfu\u0308hrende Glasscheibe: 1200 x 3200 mm<\/p>\n<p>Glasst\u00e4rke:<br \/>\n&#8211; Tr\u00e4gerglas 4 mm oder 6 mm (Standard), auch als ESG \/ TVG lieferbar<\/p>\n<p>Verbundmaterial:<br \/>\n&#8211; Gie\u00dfharzlaminat, 2 mm<\/p>\n<p>Deckglasst\u00e4rke:<br \/>\n&#8211; 6 mm (Standard), ab 4 mm machbar, auch als VSG oder Isolierglas lieferbar<\/p>\n<p>LED Farben:<br \/>\n&#8211; wei\u00df (Standard) \/ warmwei\u00df \/ rot \/ blau \/ gru\u0308n<\/p>\n<p>Steuerung:<br \/>\n&#8211; Laufschriften und Grafiken auf Anfrage mo\u0308glich<\/p>\n<p>Stromversorgung:<br \/>\n&#8211; Netzgera\u0308t, Ausgangsspannung je nach Design 12\/24\/48 VDC<\/p>\n<p>Anwendungen:<br \/>\n&#8211; Innen-, Au\u00dfen- &#038; Feuchtraumanwendung mo\u0308glich[\/vc_column_text][\/vc_column][\/vc_row][vc_row full_width=&#8220;stretch_row&#8220; el_class=&#8220;background-image-left&#8220;][vc_column][vc_custom_heading text=&#8220;VIDEOS&#8220; use_theme_fonts=&#8220;yes&#8220; el_class=&#8220;title&#8220;][vc_row_inner][vc_column_inner width=&#8220;1\/2&#8243;][vc_video link=&#8220;https:\/\/youtu.be\/O_tFMv5BqMk&#8220;][\/vc_column_inner][vc_column_inner width=&#8220;1\/2&#8243;][vc_video link=&#8220;https:\/\/youtu.be\/gDHwUsU_Q4w&#8220;][\/vc_column_inner][\/vc_row_inner][vc_row_inner][vc_column_inner width=&#8220;1\/2&#8243;][vc_video link=&#8220;https:\/\/youtu.be\/RlSahdyNzy0&#8243;][\/vc_column_inner][vc_column_inner width=&#8220;1\/2&#8243;][vc_video link=&#8220;https:\/\/youtu.be\/59FpIAWCaAQ&#8220;][\/vc_column_inner][\/vc_row_inner][\/vc_column][\/vc_row][vc_row][vc_column][vc_custom_heading text=&#8220;GALERIE&#8220; use_theme_fonts=&#8220;yes&#8220; el_class=&#8220;title&#8220;][vc_media_grid element_width=&#8220;2&#8243; item=&#8220;mediaGrid_ScaleInWithIcon&#8220; grid_id=&#8220;vc_gid:1583490776514-ad8b3e96-270a-3&#8243; include=&#8220;6932,6937,6942,6947,6952,6957,6962,6967,6972,6977,6982,6987,6992,6997,7002,7007,7012,7017,7022,7027,7032,7037,7042,7047,7052,7057,7062,7067,7072,7077,7082,7087,7092&#8243;][\/vc_column][\/vc_row]<\/p>\n<\/div>","protected":false},"excerpt":{"rendered":"<p>[vc_row full_width=&#8220;stretch_row&#8220; el_class=&#8220;background-image-left&#8220;][vc_column][vc_raw_html el_class=&#8220;crea-title&#8220;]PGRpdj48c3BhbiBzdHlsZT0iY29sb3I6ICNmZjAwMDA7Ij5DUkVBPC9zcGFuPi1MRUQ8L2Rpdj4=[\/vc_raw_html][vc_custom_heading text=&#8220;HIGH TECH IN GLASS&#8220; use_theme_fonts=&#8220;yes&#8220; el_class=&#8220;title&#8220; css=&#8220;.vc_custom_1583490785558{margin-top: 0px !important;}&#8220;][vc_column_text]LED IM GLAS ohne Draht, Kabel oder sichtbarer Verbindung. Technologie der Zukunft! Durch die Weiterentwicklung der LED Lichttechnik ist es m\u00f6glich geworden, Glas und Licht kabellos miteinander zu &hellip;<\/p>\n","protected":false},"author":5,"featured_media":0,"parent":2608,"menu_order":7,"comment_status":"closed","ping_status":"closed","template":"","meta":{"footnotes":""},"class_list":["post-7096","page","type-page","status-publish","hentry"],"_links":{"self":[{"href":"https:\/\/crearailing.com\/de\/wp-json\/wp\/v2\/pages\/7096","targetHints":{"allow":["GET"]}}],"collection":[{"href":"https:\/\/crearailing.com\/de\/wp-json\/wp\/v2\/pages"}],"about":[{"href":"https:\/\/crearailing.com\/de\/wp-json\/wp\/v2\/types\/page"}],"author":[{"embeddable":true,"href":"https:\/\/crearailing.com\/de\/wp-json\/wp\/v2\/users\/5"}],"replies":[{"embeddable":true,"href":"https:\/\/crearailing.com\/de\/wp-json\/wp\/v2\/comments?post=7096"}],"version-history":[{"count":2,"href":"https:\/\/crearailing.com\/de\/wp-json\/wp\/v2\/pages\/7096\/revisions"}],"predecessor-version":[{"id":8171,"href":"https:\/\/crearailing.com\/de\/wp-json\/wp\/v2\/pages\/7096\/revisions\/8171"}],"up":[{"embeddable":true,"href":"https:\/\/crearailing.com\/de\/wp-json\/wp\/v2\/pages\/2608"}],"wp:attachment":[{"href":"https:\/\/crearailing.com\/de\/wp-json\/wp\/v2\/media?parent=7096"}],"curies":[{"name":"wp","href":"https:\/\/api.w.org\/{rel}","templated":true}]}}