{"id":7131,"date":"2018-12-09T19:54:59","date_gmt":"2018-12-09T19:54:59","guid":{"rendered":"https:\/\/crearailing.com\/produkte\/crea-glass\/"},"modified":"2020-03-06T10:35:51","modified_gmt":"2020-03-06T10:35:51","slug":"crea-glass","status":"publish","type":"page","link":"https:\/\/crearailing.com\/de\/produkte\/crea-glass\/","title":{"rendered":"CREA-GLASS"},"content":{"rendered":"<div class=\"wpb-content-wrapper\"><p>[vc_row full_width=&#8220;stretch_row&#8220; el_class=&#8220;background-image-left&#8220;][vc_column][vc_raw_html el_class=&#8220;crea-title&#8220;]PGRpdj48c3BhbiBzdHlsZT0iY29sb3I6ICNmZjAwMDA7Ij5DUkVBPC9zcGFuPi1HTEFTUzwvZGl2Pg==[\/vc_raw_html][vc_custom_heading text=&#8220;GLAS F\u00dcR ALLE ANWENDUNGEN&#8220; use_theme_fonts=&#8220;yes&#8220; el_class=&#8220;title&#8220; css=&#8220;.vc_custom_1577031465386{margin-top: 0px !important;}&#8220;][vc_column_text]Die Firma CREA liefert Ihnen unabh\u00e4ngig von den Glashaltesystemen alle Glastypen. Ob Sicherheitsglas, effizienter Sonnenschutz, optimale W\u00e4rmed\u00e4mmung, effektiver Schallschutz oder spezifische Glasdesign-Produkte. Bei uns finden Sie f\u00fcr jedes Bauvorhaben, ob Fassade oder Innenraum, ob Architekturbauten oder Standard Wohngeb\u00e4ude, die f\u00fcr Sie passende technische Glasl\u00f6sung.<\/p>\n<p>Durch unsere langj\u00e4hrige Zusammenarbeit mit den besten Glas-Veredlern der Branche haben wir uns ein hervoragendes Netzwerk aufgebaut und k\u00f6nnen Ihnen vorallem bei den Spezialit\u00e4ten und Neuentwicklungen fachtechnische Unterst\u00fctzung geben.<\/p>\n<p>Gerne beraten und unterst\u00fctzen wir Sie in allen glasspezifischen Fragen.[\/vc_column_text][\/vc_column][\/vc_row][vc_row full_width=&#8220;stretch_row&#8220; el_class=&#8220;background-image-left&#8220;][vc_column][vc_custom_heading text=&#8220;VEREDELUNG VON GLAS&#8220; use_theme_fonts=&#8220;yes&#8220; el_class=&#8220;title&#8220;][vc_row_inner][vc_column_inner width=&#8220;1\/3&#8243;][vc_gallery type=&#8220;nivo&#8220; interval=&#8220;0&#8243; images=&#8220;8000,8005,8010,8015&#8243; img_size=&#8220;full&#8220; css=&#8220;.vc_custom_1583229590569{margin-bottom: 5px !important;}&#8220;][vc_custom_heading text=&#8220;OPAKE FOLIE (Mattfolie)&#8220; font_container=&#8220;tag:h3|text_align:center&#8220; use_theme_fonts=&#8220;yes&#8220;][\/vc_column_inner][vc_column_inner width=&#8220;1\/3&#8243;][vc_single_image image=&#8220;2420&#8243; img_size=&#8220;full&#8220; alignment=&#8220;center&#8220; onclick=&#8220;link_image&#8220; css=&#8220;.vc_custom_1554120781070{margin-bottom: 0px !important;}&#8220;][vc_custom_heading text=&#8220;OPAK-TRANSPARENTE FOLIE&#8220; font_container=&#8220;tag:h3|text_align:center&#8220; use_theme_fonts=&#8220;yes&#8220;][\/vc_column_inner][vc_column_inner width=&#8220;1\/3&#8243;][vc_gallery type=&#8220;nivo&#8220; interval=&#8220;0&#8243; images=&#8220;7976,7981,7986,7991&#8243; img_size=&#8220;full&#8220; css=&#8220;.vc_custom_1583224978587{margin-bottom: 5px !important;}&#8220;][vc_custom_heading text=&#8220;FARBFOLIEN&#8220; font_container=&#8220;tag:h3|text_align:center&#8220; use_theme_fonts=&#8220;yes&#8220;][\/vc_column_inner][\/vc_row_inner][vc_empty_space height=&#8220;30px&#8220;][vc_row_inner][vc_column_inner width=&#8220;1\/3&#8243;][vc_single_image image=&#8220;2420&#8243; img_size=&#8220;full&#8220; alignment=&#8220;center&#8220; onclick=&#8220;link_image&#8220; css=&#8220;.vc_custom_1554120781070{margin-bottom: 0px !important;}&#8220;][vc_custom_heading text=&#8220;EMAILLIERUNG&#8220; font_container=&#8220;tag:h3|text_align:center&#8220; use_theme_fonts=&#8220;yes&#8220;][\/vc_column_inner][vc_column_inner width=&#8220;1\/3&#8243;][vc_single_image image=&#8220;6701&#8243; img_size=&#8220;full&#8220; alignment=&#8220;center&#8220; onclick=&#8220;link_image&#8220; css=&#8220;.vc_custom_1577027240596{margin-bottom: 0px !important;}&#8220;][vc_custom_heading text=&#8220;DIGITALDRUCK AUF VERBUNDGLASFOLIE&#8220; font_container=&#8220;tag:h3|text_align:center&#8220; use_theme_fonts=&#8220;yes&#8220;][\/vc_column_inner][vc_column_inner width=&#8220;1\/3&#8243;][vc_gallery type=&#8220;nivo&#8220; interval=&#8220;0&#8243; images=&#8220;8024,8029,8034,8039,8044,8049,8054,8059,8064,8069,8074,8079&#8243; img_size=&#8220;full&#8220; css=&#8220;.vc_custom_1583230609939{margin-bottom: 5px !important;}&#8220;][vc_custom_heading text=&#8220;SIEBDRUCK AUF GLAS&#8220; font_container=&#8220;tag:h3|text_align:center&#8220; use_theme_fonts=&#8220;yes&#8220;][\/vc_column_inner][\/vc_row_inner][vc_empty_space height=&#8220;30px&#8220;][\/vc_column][\/vc_row][vc_row full_width=&#8220;stretch_row&#8220; el_class=&#8220;background-image-left&#8220;][vc_column][vc_custom_heading text=&#8220;GLASARTEN IM \u00dcBERBLICK&#8220; use_theme_fonts=&#8220;yes&#8220; el_class=&#8220;title&#8220;][vc_column_text]<strong>Einscheibengl\u00e4ser<\/strong><br \/>\n&#8211; Floatglas,Weissglas, Farbgl\u00e4ser, Strukturglas, Formglas, Gussgl\u00e4ser, Spezialgl\u00e4ser, Float Bronze \/ Grau \/ Gr\u00fcn<\/p>\n<p><strong>Verbundsicherheitsglas VSG<\/strong><br \/>\n&#8211; mit PVB-Folien, SentryGlasPlus-Zwischenlagen (SG5000), ExtraStrong-Folie (DG41), Mattfolien, Schallschutzfolien, Vanceva-Folien, Farbfolien<\/p>\n<p><strong>Einscheibensicherheitsglas ESG<\/strong><br \/>\n&#8211; mit Heat-Soak-Test HT<\/p>\n<p><strong>Teilvorgespanntes Glas TVG<\/strong><\/p>\n<p><strong>Isolierglas ISO<\/strong><br \/>\n&#8211; 2-fach und 3-fach Isoliergl\u00e4ser, Kombigl\u00e4ser, Argon, Krypton<\/p>\n<p><strong>Brandschutzglas<\/strong><br \/>\n&#8211; E30, E60, EI30 and EI60<\/p>\n<p><strong>Profilbauglas<\/strong><br \/>\n&#8211; Bogenglas<\/p>\n<p><strong>Behandlungen:<\/strong><br \/>\n&#8211; Siebdruck, Emailliert, Satiniert<br \/>\n&#8211; KGS Kanten ges\u00e4umt, KGN Kanten mattgeschliffen, KPO Kanten poliert<br \/>\n&#8211; Zylindrische Lochbohrungen, Versenkte Lochbohrung<br \/>\n&#8211; Eckausbr\u00fcche-Eckausschnitte, Randausbr\u00fcche-Randausschnitte[\/vc_column_text][\/vc_column][\/vc_row][vc_row full_width=&#8220;stretch_row&#8220; el_class=&#8220;background-image-left&#8220;][vc_column][vc_custom_heading text=&#8220;WICHTIGE ADRESSEN IN SACHEN GLAS&#8220; use_theme_fonts=&#8220;yes&#8220; el_class=&#8220;title&#8220;][vc_row_inner el_class=&#8220;description&#8220; css=&#8220;.vc_custom_1554130667936{margin-bottom: 30px !important;}&#8220;][vc_column_inner width=&#8220;1\/3&#8243;][vc_single_image image=&#8220;3062&#8243; img_size=&#8220;full&#8220; alignment=&#8220;center&#8220; onclick=&#8220;custom_link&#8220; css=&#8220;.vc_custom_1554129287573{margin-bottom: 0px !important;}&#8220; link=&#8220;http:\/\/sigab.ch&#8220;][vc_custom_heading text=&#8220;SIGAB&#8220; font_container=&#8220;tag:h3|text_align:center&#8220; use_theme_fonts=&#8220;yes&#8220;][vc_column_text css=&#8220;.vc_custom_1577017117772{margin-bottom: 10px !important;}&#8220;]Schweizerisches Institut f\u00fcr Glas am Bau<br \/>\n<a href=\"http:\/\/www.sigab.ch\/\" target=\"_blank\" rel=\"noopener noreferrer\">http:\/\/www.sigab.ch<\/a><br \/>\n<a href=\"http:\/\/www.glas-termin.ch\/\" target=\"_blank\" rel=\"noopener noreferrer\">http:\/\/www.glas-termin.ch<\/a>[\/vc_column_text]<button id='button-id-' class='btn btn-normal btn-lg' style='color: #ffffff;background-color: #000000'><i class='fa fa fa-file-pdf-o'><\/i> PDF SIGAB<\/button><style>#button-id-:hover{color: #ffffff !important;background-color: #ff1e1e !important;}<\/style>[\/vc_column_inner][vc_column_inner width=&#8220;1\/3&#8243;][vc_single_image image=&#8220;3065&#8243; img_size=&#8220;full&#8220; alignment=&#8220;center&#8220; onclick=&#8220;custom_link&#8220; css=&#8220;.vc_custom_1554129217826{margin-bottom: 0px !important;}&#8220; link=&#8220;https:\/\/www.bfu.ch&#8220;][vc_custom_heading text=&#8220;bfu&#8220; font_container=&#8220;tag:h3|text_align:center&#8220; use_theme_fonts=&#8220;yes&#8220;][vc_column_text css=&#8220;.vc_custom_1577017170845{margin-bottom: 10px !important;}&#8220;]Beratungsstelle f\u00fcr Unfallverh\u00fctung<br \/>\n<a href=\"https:\/\/www.bfu.ch\/\" target=\"_blank\" rel=\"noopener noreferrer\">https:\/\/www.bfu.ch<\/a>[\/vc_column_text]<a id='button-id-1' target='_blank' href='\/wp-content\/uploads\/pdf\/bfu-de.pdf' class='btn btn-normal btn-lg' style='color: #ffffff;background-color: #000000'><i class='fa fa fa-file-pdf-o'><\/i> PDF BFU<\/a><style>#button-id-1:hover{color: #ffffff !important;background-color: #ff1e1e !important;}<\/style>[\/vc_column_inner][vc_column_inner width=&#8220;1\/3&#8243;][vc_single_image image=&#8220;3068&#8243; img_size=&#8220;full&#8220; alignment=&#8220;center&#8220; onclick=&#8220;custom_link&#8220; css=&#8220;.vc_custom_1554129335469{margin-bottom: 0px !important;}&#8220; link=&#8220;https:\/\/www.vogelwarte.ch&#8220;][vc_custom_heading text=&#8220;VOGELSCHUTZ&#8220; font_container=&#8220;tag:h3|text_align:center&#8220; use_theme_fonts=&#8220;yes&#8220;][vc_column_text css=&#8220;.vc_custom_1577017391272{margin-bottom: 10px !important;}&#8220;]Vogelwarte Sempach<br \/>\n<a href=\"https:\/\/vogelglas.vogelwarte.ch\" target=\"_blank\" rel=\"noopener noreferrer\">https:\/\/vogelglas.vogelwarte.ch<\/a><br \/>\n<a href=\"https:\/\/www.vogelwarte.ch\/de\/voegel\/ratgeber\/gefahren-fuer-voegel\/vogelkollisionen-an-glas-vermeiden\" target=\"_blank\" rel=\"noopener noreferrer\">https:\/\/www.vogelwarte.ch<\/a>[\/vc_column_text]<a id='button-id-2' target='_blank' href='\/wp-content\/uploads\/pdf\/vogelwarte-sempach-de.pdf' class='btn btn-normal btn-lg' style='color: #ffffff;background-color: #000000'><i class='fa fa fa-file-pdf-o'><\/i> PDF VOGELWARTE<\/a><style>#button-id-2:hover{color: #ffffff !important;background-color: #ff1e1e !important;}<\/style>[\/vc_column_inner][\/vc_row_inner][\/vc_column][\/vc_row]<\/p>\n<\/div>","protected":false},"excerpt":{"rendered":"<p>[vc_row full_width=&#8220;stretch_row&#8220; el_class=&#8220;background-image-left&#8220;][vc_column][vc_raw_html el_class=&#8220;crea-title&#8220;]PGRpdj48c3BhbiBzdHlsZT0iY29sb3I6ICNmZjAwMDA7Ij5DUkVBPC9zcGFuPi1HTEFTUzwvZGl2Pg==[\/vc_raw_html][vc_custom_heading text=&#8220;GLAS F\u00dcR ALLE ANWENDUNGEN&#8220; use_theme_fonts=&#8220;yes&#8220; el_class=&#8220;title&#8220; css=&#8220;.vc_custom_1577031465386{margin-top: 0px !important;}&#8220;][vc_column_text]Die Firma CREA liefert Ihnen unabh\u00e4ngig von den Glashaltesystemen alle Glastypen. Ob Sicherheitsglas, effizienter Sonnenschutz, optimale W\u00e4rmed\u00e4mmung, effektiver Schallschutz oder spezifische Glasdesign-Produkte. Bei uns finden Sie f\u00fcr jedes &hellip;<\/p>\n","protected":false},"author":5,"featured_media":0,"parent":2608,"menu_order":8,"comment_status":"closed","ping_status":"closed","template":"","meta":{"footnotes":""},"class_list":["post-7131","page","type-page","status-publish","hentry"],"_links":{"self":[{"href":"https:\/\/crearailing.com\/de\/wp-json\/wp\/v2\/pages\/7131","targetHints":{"allow":["GET"]}}],"collection":[{"href":"https:\/\/crearailing.com\/de\/wp-json\/wp\/v2\/pages"}],"about":[{"href":"https:\/\/crearailing.com\/de\/wp-json\/wp\/v2\/types\/page"}],"author":[{"embeddable":true,"href":"https:\/\/crearailing.com\/de\/wp-json\/wp\/v2\/users\/5"}],"replies":[{"embeddable":true,"href":"https:\/\/crearailing.com\/de\/wp-json\/wp\/v2\/comments?post=7131"}],"version-history":[{"count":2,"href":"https:\/\/crearailing.com\/de\/wp-json\/wp\/v2\/pages\/7131\/revisions"}],"predecessor-version":[{"id":8082,"href":"https:\/\/crearailing.com\/de\/wp-json\/wp\/v2\/pages\/7131\/revisions\/8082"}],"up":[{"embeddable":true,"href":"https:\/\/crearailing.com\/de\/wp-json\/wp\/v2\/pages\/2608"}],"wp:attachment":[{"href":"https:\/\/crearailing.com\/de\/wp-json\/wp\/v2\/media?parent=7131"}],"curies":[{"name":"wp","href":"https:\/\/api.w.org\/{rel}","templated":true}]}}