{"id":7357,"date":"2018-12-09T19:53:46","date_gmt":"2018-12-09T19:53:46","guid":{"rendered":"https:\/\/crearailing.com\/produkte\/crea-rail\/"},"modified":"2020-08-25T09:06:16","modified_gmt":"2020-08-25T09:06:16","slug":"crea-rail","status":"publish","type":"page","link":"https:\/\/crearailing.com\/de\/produkte\/crea-rail\/","title":{"rendered":"CREA-RAIL"},"content":{"rendered":"<div class=\"wpb-content-wrapper\"><p>[vc_row full_width=&#8220;stretch_row&#8220; el_class=&#8220;background-image-left&#8220;][vc_column][vc_raw_html el_class=&#8220;crea-title&#8220;]PGRpdj48c3BhbiBzdHlsZT0iY29sb3I6ICNmZjAwMDA7Ij5DUkVBPC9zcGFuPi1SQUlMPC9kaXY+[\/vc_raw_html][vc_custom_heading text=&#8220;HANDL\u00c4UFE \/ HANDLAUFHALTER \/ KANTENSCHUTZ \/ ZUBEH\u00d6R&#8220; use_theme_fonts=&#8220;yes&#8220;][vc_column_text]Immer einen sicheren Griff, haben Sie mit den CREA-RAIL Handl\u00e4ufen in ALU \/ INOX A4 oder die Kombination der punktuellen Handlaufhalter befestigt am Glasgel\u00e4ndern mit Standard Handlaufrohren \u00d8 42.4 \/ 33.7mm. Wir bieten Ihnen verschiedene Varianten und Variationen an, sowohl f\u00fcr den Innen- und Aussenbereich. Mit unsere Handl\u00e4ufe haben Sie garantiert einen sicheren Halt mit \u00e4sthetischer Optik.<\/p>\n<p>Nehmen Sie bei Interesse unverbindlich Kontakt mit uns auf. Wir sind jederzeit gerne f\u00fcr Sie da und k\u00f6nnen Ihnen spezifische Fachberatung und Unterst\u00fctzung geben.[\/vc_column_text][\/vc_column][\/vc_row][vc_row full_width=&#8220;stretch_row&#8220; el_class=&#8220;background-image-left&#8220;][vc_column][vc_custom_heading text=&#8220;Handlauf und Kantenschutz f\u00fcr Ganzglasgel\u00e4nder&#8220; use_theme_fonts=&#8220;yes&#8220; el_class=&#8220;title&#8220;][vc_row_inner][vc_column_inner width=&#8220;1\/3&#8243;][vc_gallery type=&#8220;nivo&#8220; interval=&#8220;0&#8243; images=&#8220;7195,7200,7205,7210,7215,7220,7225&#8243; img_size=&#8220;full&#8220; css=&#8220;.vc_custom_1577027438971{margin-bottom: 5px !important;}&#8220;][vc_custom_heading text=&#8220;Handlauf Pressprofile&#8220; font_container=&#8220;tag:h3|text_align:center&#8220; use_theme_fonts=&#8220;yes&#8220;][vc_column_text el_class=&#8220;text&#8220;]<\/p>\n<p style=\"text-align: center;\">ALU<\/p>\n<p>[\/vc_column_text][\/vc_column_inner][vc_column_inner width=&#8220;1\/3&#8243;][vc_gallery type=&#8220;nivo&#8220; interval=&#8220;0&#8243; images=&#8220;7231,7236,7241,7246,7251,7256&#8243; img_size=&#8220;full&#8220; css=&#8220;.vc_custom_1577028301220{margin-bottom: 5px !important;}&#8220;][vc_custom_heading text=&#8220;Rollgeformte Handl\u00e4ufe &amp; Kantvarianten&#8220; font_container=&#8220;tag:h3|text_align:center&#8220; use_theme_fonts=&#8220;yes&#8220;][vc_column_text el_class=&#8220;text&#8220;]<\/p>\n<p style=\"text-align: center;\">INOX A4 \/ ALU<\/p>\n<p>[\/vc_column_text][\/vc_column_inner][vc_column_inner width=&#8220;1\/3&#8243;][vc_gallery type=&#8220;nivo&#8220; interval=&#8220;0&#8243; images=&#8220;7261,7266,7271,7276,7281,7286,7291,7296,7301,7306,7311,7316,7321,7326,7331,7336,7341,7346,7351&#8243; img_size=&#8220;full&#8220; css=&#8220;.vc_custom_1577029606677{margin-bottom: 5px !important;}&#8220;][vc_custom_heading text=&#8220;Handlaufhalter&#8220; font_container=&#8220;tag:h3|text_align:center&#8220; use_theme_fonts=&#8220;yes&#8220;][vc_column_text el_class=&#8220;text&#8220;]<\/p>\n<p style=\"text-align: center;\">INOX A4<\/p>\n<p>[\/vc_column_text][\/vc_column_inner][\/vc_row_inner][\/vc_column][\/vc_row][vc_row css=&#8220;.vc_custom_1554108174280{margin-bottom: 30px !important;}&#8220;][vc_column][vc_custom_heading text=&#8220;HERUNTERLADEN&#8220; use_theme_fonts=&#8220;yes&#8220; el_class=&#8220;title&#8220;][vc_empty_space height=&#8220;1&#8243;]<a id='button-id-' target='_blank' href='\/wp-content\/uploads\/pdf\/crea-rail-drawings-1-1.pdf' class='btn btn-normal btn-lg' style='color: #ffffff;background-color: #020000'><i class='fa fa fa-file-pdf-o'><\/i> CREA-RAIL 1:1<\/a><style>#button-id-:hover{color: #ffffff !important;background-color: #ff1e1e !important;}<\/style>[\/vc_column][\/vc_row][vc_row][vc_column][vc_custom_heading text=&#8220;GALERIE&#8220; use_theme_fonts=&#8220;yes&#8220; el_class=&#8220;title&#8220;][vc_media_grid element_width=&#8220;2&#8243; item=&#8220;mediaGrid_ScaleInWithIcon&#8220; grid_id=&#8220;vc_gid:1598346318964-9bfa7e24-7ba9-1&#8243; include=&#8220;7195,7200,7205,7210,7215,7220,7225,7231,7236,7241,7246,7251,7256,7261,7266,7271,7276,7281,7286,7291,7296,7301,7306,7311,7316,7321,7326,7331,7336,7341,7346,7351&#8243;][\/vc_column][\/vc_row]<\/p>\n<\/div>","protected":false},"excerpt":{"rendered":"<p>[vc_row full_width=&#8220;stretch_row&#8220; el_class=&#8220;background-image-left&#8220;][vc_column][vc_raw_html el_class=&#8220;crea-title&#8220;]PGRpdj48c3BhbiBzdHlsZT0iY29sb3I6ICNmZjAwMDA7Ij5DUkVBPC9zcGFuPi1SQUlMPC9kaXY+[\/vc_raw_html][vc_custom_heading text=&#8220;HANDL\u00c4UFE \/ HANDLAUFHALTER \/ KANTENSCHUTZ \/ ZUBEH\u00d6R&#8220; use_theme_fonts=&#8220;yes&#8220;][vc_column_text]Immer einen sicheren Griff, haben Sie mit den CREA-RAIL Handl\u00e4ufen in ALU \/ INOX A4 oder die Kombination der punktuellen Handlaufhalter befestigt am Glasgel\u00e4ndern mit Standard Handlaufrohren \u00d8 42.4 &hellip;<\/p>\n","protected":false},"author":5,"featured_media":0,"parent":2608,"menu_order":5,"comment_status":"closed","ping_status":"closed","template":"","meta":{"footnotes":""},"class_list":["post-7357","page","type-page","status-publish","hentry"],"_links":{"self":[{"href":"https:\/\/crearailing.com\/de\/wp-json\/wp\/v2\/pages\/7357","targetHints":{"allow":["GET"]}}],"collection":[{"href":"https:\/\/crearailing.com\/de\/wp-json\/wp\/v2\/pages"}],"about":[{"href":"https:\/\/crearailing.com\/de\/wp-json\/wp\/v2\/types\/page"}],"author":[{"embeddable":true,"href":"https:\/\/crearailing.com\/de\/wp-json\/wp\/v2\/users\/5"}],"replies":[{"embeddable":true,"href":"https:\/\/crearailing.com\/de\/wp-json\/wp\/v2\/comments?post=7357"}],"version-history":[{"count":5,"href":"https:\/\/crearailing.com\/de\/wp-json\/wp\/v2\/pages\/7357\/revisions"}],"predecessor-version":[{"id":8713,"href":"https:\/\/crearailing.com\/de\/wp-json\/wp\/v2\/pages\/7357\/revisions\/8713"}],"up":[{"embeddable":true,"href":"https:\/\/crearailing.com\/de\/wp-json\/wp\/v2\/pages\/2608"}],"wp:attachment":[{"href":"https:\/\/crearailing.com\/de\/wp-json\/wp\/v2\/media?parent=7357"}],"curies":[{"name":"wp","href":"https:\/\/api.w.org\/{rel}","templated":true}]}}