{"id":7372,"date":"2018-12-09T19:53:09","date_gmt":"2018-12-09T19:53:09","guid":{"rendered":"https:\/\/crearailing.com\/produkte\/crea-door\/"},"modified":"2024-03-07T11:43:26","modified_gmt":"2024-03-07T11:43:26","slug":"crea-door","status":"publish","type":"page","link":"https:\/\/crearailing.com\/de\/produkte\/crea-door\/","title":{"rendered":"CREA-DOOR"},"content":{"rendered":"<div class=\"wpb-content-wrapper\"><p>[vc_row full_width=&#8220;stretch_row&#8220; el_class=&#8220;background-image-left&#8220;][vc_column][vc_raw_html el_class=&#8220;crea-title&#8220;]PGRpdj48c3BhbiBzdHlsZT0iY29sb3I6ICNmZjAwMDA7Ij5DUkVBPC9zcGFuPi1ET09SPC9kaXY+[\/vc_raw_html][vc_custom_heading text=&#8220;GANZGLASGEL\u00c4NDERT\u00dcRE \/ GLAST\u00dcRBESCHLAG F\u00dcR GLASGEL\u00c4NDER.&#8220; use_theme_fonts=&#8220;yes&#8220; el_class=&#8220;title&#8220; css=&#8220;.vc_custom_1554119862901{margin-top: 0px !important;}&#8220;][vc_column_text]Die rahmenlose Ganzglasgel\u00e4ndert\u00fcre CREA-DOOR ist ein einzigartiger Glast\u00fcrbeschlag f\u00fcr lineargehaltene Ganzglasgel\u00e4nder. Der raffinierte Drehbeschlag f\u00fcr Glasgel\u00e4nder besticht mit einer auffallenden Eleganz, einem modernen Design und \u00fcberzeugt mit h\u00f6chster Qualit\u00e4t. Die CREA bietet mit dieser Innovation ein Standard-Produkt im Bereich der Glast\u00fcrbeschl\u00e4ge f\u00fcr Glasgel\u00e4nder an, denn es so nirgends gibt.<\/p>\n<p>Der Beschlag f\u00fcr die Glasgel\u00e4ndert\u00fcre besteht aus Glast\u00fcrband, Schlosskasten mit Einsteckschloss, Dr\u00fcckergarnitur und Schliesskasten. Einzig der Zylinder erfolgt bauseits. DIN links oder DIN rechts frei w\u00e4hlbar.<\/p>\n<p>Die Sicherheitseigenschaften bleiben, gewohnt nach CREA-Standards, auch bei diesem einzigartigen Glast\u00fcrbeschlag bestehen und sind statisch gepr\u00fcft. Der Sicherheit wird h\u00f6chste Rechnung getragen. Der Austausch oder eine Wartung ist jeder Zeit m\u00f6glich. Das \u00e4usserst edle Aussehen gepaart mit der m\u00fchelosen Einfachheit, macht die Ganzglasgel\u00e4ndert\u00fcre von CREA, sowohl f\u00fcr den Planer wie auch f\u00fcr den Ausf\u00fchrer, zu dem PREMIUM BRAND der Glasgel\u00e4ndersysteme von Morgen.<\/p>\n<p>Nehmen Sie bei Interesse unverbindlich Kontakt mit uns auf. Wir sind jederzeit gerne f\u00fcr Sie da und k\u00f6nnen Ihnen spezifische Fachberatung und Unterst\u00fctzung geben.[\/vc_column_text][\/vc_column][\/vc_row][vc_row css=&#8220;.vc_custom_1598346135602{margin-bottom: 30px !important;}&#8220; el_class=&#8220;hide&#8220;][vc_column][vc_custom_heading text=&#8220;HERUNTERLADEN&#8220; use_theme_fonts=&#8220;yes&#8220; el_class=&#8220;title&#8220;][vc_empty_space height=&#8220;1&#8243;]<a id='button-id-' target='_blank' href='##' class='btn btn-normal btn-lg' style='color: #ffffff;background-color: #020000'><i class='fa far fa-file-pdf'><\/i> Technisches Datenblatt<\/a><style>#button-id-:hover{color: #ffffff !important;background-color: #ff1e1e !important;}<\/style>[vc_empty_space height=&#8220;10&#8243;]<button id='button-id-1' class='btn btn-normal btn-lg' style='color: #ffffff;background-color: #020000'><i class='fa far fa-file-pdf'><\/i> Montageanleitung<\/button><style>#button-id-1:hover{color: #ffffff !important;background-color: #ff1e1e !important;}<\/style>[vc_empty_space height=&#8220;10&#8243;]<button id='button-id-2' class='btn btn-normal btn-lg' style='color: #ffffff;background-color: #020000'><i class='fa far fa-file-pdf'><\/i> Ausschreibungstexte<\/button><style>#button-id-2:hover{color: #ffffff !important;background-color: #ff1e1e !important;}<\/style>[\/vc_column][\/vc_row][vc_row][vc_column][vc_custom_heading text=&#8220;GALERIE&#8220; use_theme_fonts=&#8220;yes&#8220; el_class=&#8220;title&#8220;][vc_media_grid element_width=&#8220;2&#8243; item=&#8220;mediaGrid_ScaleInWithIcon&#8220; grid_id=&#8220;vc_gid:1709811794207-b2d0baea-852d-2&#8243; include=&#8220;4630,4625,4615,4610,4605,4600,4580,4575,4570,4565,4560,4555,4550,4545,4540,4530,4520,4515,4510,4505,4500,4495&#8243;][\/vc_column][\/vc_row]<\/p>\n<\/div>","protected":false},"excerpt":{"rendered":"<p>[vc_row full_width=&#8220;stretch_row&#8220; el_class=&#8220;background-image-left&#8220;][vc_column][vc_raw_html el_class=&#8220;crea-title&#8220;]PGRpdj48c3BhbiBzdHlsZT0iY29sb3I6ICNmZjAwMDA7Ij5DUkVBPC9zcGFuPi1ET09SPC9kaXY+[\/vc_raw_html][vc_custom_heading text=&#8220;GANZGLASGEL\u00c4NDERT\u00dcRE \/ GLAST\u00dcRBESCHLAG F\u00dcR GLASGEL\u00c4NDER.&#8220; use_theme_fonts=&#8220;yes&#8220; el_class=&#8220;title&#8220; css=&#8220;.vc_custom_1554119862901{margin-top: 0px !important;}&#8220;][vc_column_text]Die rahmenlose Ganzglasgel\u00e4ndert\u00fcre CREA-DOOR ist ein einzigartiger Glast\u00fcrbeschlag f\u00fcr lineargehaltene Ganzglasgel\u00e4nder. Der raffinierte Drehbeschlag f\u00fcr Glasgel\u00e4nder besticht mit einer auffallenden Eleganz, einem modernen Design und \u00fcberzeugt mit &hellip;<\/p>\n","protected":false},"author":5,"featured_media":0,"parent":2608,"menu_order":4,"comment_status":"closed","ping_status":"closed","template":"","meta":{"footnotes":""},"class_list":["post-7372","page","type-page","status-publish","hentry"],"_links":{"self":[{"href":"https:\/\/crearailing.com\/de\/wp-json\/wp\/v2\/pages\/7372","targetHints":{"allow":["GET"]}}],"collection":[{"href":"https:\/\/crearailing.com\/de\/wp-json\/wp\/v2\/pages"}],"about":[{"href":"https:\/\/crearailing.com\/de\/wp-json\/wp\/v2\/types\/page"}],"author":[{"embeddable":true,"href":"https:\/\/crearailing.com\/de\/wp-json\/wp\/v2\/users\/5"}],"replies":[{"embeddable":true,"href":"https:\/\/crearailing.com\/de\/wp-json\/wp\/v2\/comments?post=7372"}],"version-history":[{"count":11,"href":"https:\/\/crearailing.com\/de\/wp-json\/wp\/v2\/pages\/7372\/revisions"}],"predecessor-version":[{"id":9088,"href":"https:\/\/crearailing.com\/de\/wp-json\/wp\/v2\/pages\/7372\/revisions\/9088"}],"up":[{"embeddable":true,"href":"https:\/\/crearailing.com\/de\/wp-json\/wp\/v2\/pages\/2608"}],"wp:attachment":[{"href":"https:\/\/crearailing.com\/de\/wp-json\/wp\/v2\/media?parent=7372"}],"curies":[{"name":"wp","href":"https:\/\/api.w.org\/{rel}","templated":true}]}}