{"id":7395,"date":"2018-12-09T19:52:39","date_gmt":"2018-12-09T19:52:39","guid":{"rendered":"https:\/\/crearailing.com\/produkte\/crea-flat\/"},"modified":"2019-12-22T16:54:06","modified_gmt":"2019-12-22T16:54:06","slug":"crea-flat","status":"publish","type":"page","link":"https:\/\/crearailing.com\/de\/produkte\/crea-flat\/","title":{"rendered":"CREA-FLAT"},"content":{"rendered":"<div class=\"wpb-content-wrapper\"><p>[vc_row full_width=&#8220;stretch_row&#8220; el_class=&#8220;background-image-left&#8220;][vc_column][vc_raw_html el_class=&#8220;crea-title&#8220;]PGRpdj48c3BhbiBzdHlsZT0iY29sb3I6ICNmZjAwMDA7Ij5DUkVBPC9zcGFuPi1GTEFUPC9kaXY+[\/vc_raw_html][vc_custom_heading text=&#8220;DAS FLAT-GANZGLASGEL\u00c4NDER MIT PLANER GANZGLASOPTIK&#8220; use_theme_fonts=&#8220;yes&#8220; el_class=&#8220;title&#8220; css=&#8220;.vc_custom_1577033593698{margin-top: 0px !important;}&#8220;][vc_column_text]Das CREA-FLAT ist die neuste und raffinierteste Entwicklung im Bereich der Ganzglasgel\u00e4nder. Ein vollkommen planes Ganzglasgel\u00e4ndersystem, mit Vollglasoptik, ohne sichtbarem Halteprofil. Das Glas l\u00e4uft vorne durch und verdeckt die Unterkonstruktion, \u00fcbrig bleibt die edle, fl\u00e4chenb\u00fcndige GANZGLASOPTIK! Ein sogenanntes SSG-Glasgel\u00e4nder. Die Sicherheitseigenschaften bleiben bei dieser geklebten Innovation, gewohnt nach CREA-Standards, auch bei dieser exklusiven Glasgel\u00e4nderausf\u00fchrung bestehen und sind statisch gepr\u00fcft und mit Nachweis belegbar. Der Sicherheit wird h\u00f6chste Rechnung getragen. Der Austausch oder eine Wartung ist jeder Zeit m\u00f6glich.<\/p>\n<p>Dieses aussergew\u00f6hnliche System \u00fcberzeugt nicht nur durch die ausgekl\u00fcgelten, aber simple Technik, es erf\u00fcllt in allen Belangen die technischen Qualit\u00e4tskriterien und die geforderten Sicherheitsanforderungen. Das \u00e4usserst edle Aussehen gepaart mit der m\u00fchelosen Einfachheit, macht das Ganzglasgel\u00e4nder von CREA, sowohl f\u00fcr den Planer wie auch f\u00fcr den Ausf\u00fchrer, zu dem LUXURY BRAND der Glasgel\u00e4ndersysteme von Morgen.<\/p>\n<p>Nehmen Sie bei Interesse unverbindlich Kontakt mit uns auf. Wir sind jederzeit gerne f\u00fcr Sie da und k\u00f6nnen Ihnen spezifische Fachberatung und Unterst\u00fctzung geben.[\/vc_column_text][\/vc_column][\/vc_row]<\/p>\n<\/div>","protected":false},"excerpt":{"rendered":"<p>[vc_row full_width=&#8220;stretch_row&#8220; el_class=&#8220;background-image-left&#8220;][vc_column][vc_raw_html el_class=&#8220;crea-title&#8220;]PGRpdj48c3BhbiBzdHlsZT0iY29sb3I6ICNmZjAwMDA7Ij5DUkVBPC9zcGFuPi1GTEFUPC9kaXY+[\/vc_raw_html][vc_custom_heading text=&#8220;DAS FLAT-GANZGLASGEL\u00c4NDER MIT PLANER GANZGLASOPTIK&#8220; use_theme_fonts=&#8220;yes&#8220; el_class=&#8220;title&#8220; css=&#8220;.vc_custom_1577033593698{margin-top: 0px !important;}&#8220;][vc_column_text]Das CREA-FLAT ist die neuste und raffinierteste Entwicklung im Bereich der Ganzglasgel\u00e4nder. Ein vollkommen planes Ganzglasgel\u00e4ndersystem, mit Vollglasoptik, ohne sichtbarem Halteprofil. Das Glas l\u00e4uft vorne durch und &hellip;<\/p>\n","protected":false},"author":5,"featured_media":0,"parent":2608,"menu_order":3,"comment_status":"closed","ping_status":"closed","template":"","meta":{"footnotes":""},"class_list":["post-7395","page","type-page","status-publish","hentry"],"_links":{"self":[{"href":"https:\/\/crearailing.com\/de\/wp-json\/wp\/v2\/pages\/7395","targetHints":{"allow":["GET"]}}],"collection":[{"href":"https:\/\/crearailing.com\/de\/wp-json\/wp\/v2\/pages"}],"about":[{"href":"https:\/\/crearailing.com\/de\/wp-json\/wp\/v2\/types\/page"}],"author":[{"embeddable":true,"href":"https:\/\/crearailing.com\/de\/wp-json\/wp\/v2\/users\/5"}],"replies":[{"embeddable":true,"href":"https:\/\/crearailing.com\/de\/wp-json\/wp\/v2\/comments?post=7395"}],"version-history":[{"count":2,"href":"https:\/\/crearailing.com\/de\/wp-json\/wp\/v2\/pages\/7395\/revisions"}],"predecessor-version":[{"id":7398,"href":"https:\/\/crearailing.com\/de\/wp-json\/wp\/v2\/pages\/7395\/revisions\/7398"}],"up":[{"embeddable":true,"href":"https:\/\/crearailing.com\/de\/wp-json\/wp\/v2\/pages\/2608"}],"wp:attachment":[{"href":"https:\/\/crearailing.com\/de\/wp-json\/wp\/v2\/media?parent=7395"}],"curies":[{"name":"wp","href":"https:\/\/api.w.org\/{rel}","templated":true}]}}