{"id":7418,"date":"2019-04-01T10:30:11","date_gmt":"2019-04-01T10:30:11","guid":{"rendered":"https:\/\/crearailing.com\/gt30\/"},"modified":"2020-08-25T10:50:52","modified_gmt":"2020-08-25T10:50:52","slug":"gt30","status":"publish","type":"page","link":"https:\/\/crearailing.com\/de\/produkte\/crea-point\/gt30\/","title":{"rendered":"GT30"},"content":{"rendered":"<div class=\"wpb-content-wrapper\"><p>[vc_row full_width=&#8220;stretch_row&#8220; el_class=&#8220;background-image-left&#8220;][vc_column][vc_raw_html el_class=&#8220;crea-title&#8220;]PGRpdj48c3BhbiBzdHlsZT0iY29sb3I6ICNmZjAwMDA7Ij5DUkVBPC9zcGFuPi1QT0lOVDwvZGl2Pg==[\/vc_raw_html][vc_row_inner][vc_column_inner width=&#8220;2\/3&#8243;][vc_custom_heading text=&#8220;GLASGEL\u00c4NDER \/ GANZGLASGEL\u00c4NDER&#8220; use_theme_fonts=&#8220;yes&#8220; el_class=&#8220;title&#8220; css=&#8220;.vc_custom_1577037633024{margin-top: 0px !important;}&#8220;][vc_column_text]Punktgehaltene Glasf\u00fcllungen, franz\u00f6sische Gel\u00e4nder und Rauchsch\u00fcrzen an vormontierte Pfosten, Unterkonstruktionen oder Fensterprofile mit dem Punkthalter GT30.<\/p>\n<p>Die Punkthalter weisen eine \u00e4usserst saubere und edle Ansicht auf und werden in der Schweiz hergestellt. SWISS MADE &#8211; SWISS QUALITY. Die Punkthalter GT30 sind vor allem bei der Montage ein grosser Vorteil. EInfach, eiffizient und trotzdem edel und sicher. Der Montageaufwand wird minimiert und die Ausrichtung kann schnell und einfach erfolgen.[\/vc_column_text][\/vc_column_inner][vc_column_inner width=&#8220;1\/3&#8243;][vc_single_image image=&#8220;4325&#8243; img_size=&#8220;full&#8220; alignment=&#8220;center&#8220; onclick=&#8220;link_image&#8220;][\/vc_column_inner][\/vc_row_inner][\/vc_column][\/vc_row][vc_row full_width=&#8220;stretch_row&#8220; el_class=&#8220;background-image-left&#8220;][vc_column][vc_custom_heading text=&#8220;TECHNISCHE DETAILS&#8220; use_theme_fonts=&#8220;yes&#8220; el_class=&#8220;title&#8220;][vc_column_text]<\/p>\n<ul>\n<li>Abmessungen: \u00d8=30 mm<\/li>\n<li>Verglasung: 8-2 bis 13-4<\/li>\n<li>Trockenverglasungssystem<\/li>\n<li>Ausrichtung ohne Glasdemontage<\/li>\n<\/ul>\n<p>[\/vc_column_text][\/vc_column][\/vc_row][vc_row full_width=&#8220;stretch_row&#8220; el_class=&#8220;background-image-left&#8220;][vc_column][vc_custom_heading text=&#8220;SYSTEMVORTEILE&#8220; use_theme_fonts=&#8220;yes&#8220; el_class=&#8220;title&#8220;][vc_column_text]<\/p>\n<ul>\n<li>Schnelle und einfache Halterontage<\/li>\n<li>Bautoleranzaufnahme durch einstellen der Innenrossette<\/li>\n<li>Ausrichten ohne zeitaufwendiges Schiften<\/li>\n<li>Einfachster Glaseinsatz<\/li>\n<li>Effizient mit Trockenverglasungssystem, ohne m\u00fchsame Verklebungen<\/li>\n<li>Witterungs- und Temperaturunabh\u00e4ngige Montage, ohne aufwendige Silikonfugen<\/li>\n<li>Nachjustierung der Glaskante immer m\u00f6glich<\/li>\n<li>Glasaustausch jederzeit m\u00f6glich<\/li>\n<li>Beratung und Begleitung, Service<\/li>\n<\/ul>\n<p>[\/vc_column_text][\/vc_column][\/vc_row][vc_row full_width=&#8220;stretch_row&#8220; el_class=&#8220;background-image-left&#8220;][vc_column][vc_custom_heading text=&#8220;MONTAGEM\u00d6GLICHKEITEN&#8220; use_theme_fonts=&#8220;yes&#8220; el_class=&#8220;title&#8220;][vc_single_image image=&#8220;7411&#8243; img_size=&#8220;full&#8220; alignment=&#8220;center&#8220; onclick=&#8220;link_image&#8220;][\/vc_column][\/vc_row][vc_row css=&#8220;.vc_custom_1554108174280{margin-bottom: 30px !important;}&#8220;][vc_column][vc_custom_heading text=&#8220;HERUNTERLADEN&#8220; use_theme_fonts=&#8220;yes&#8220; el_class=&#8220;title&#8220;][vc_empty_space height=&#8220;1&#8243;]<a id='button-id-' target='_blank' href='\/wp-content\/uploads\/pdf\/crea-point-gt30-drawings-1-1.pdf' class='btn btn-normal btn-lg' style='color: #ffffff;background-color: #020000'><i class='fa far fa-file-pdf'><\/i> CREA-POINT GT30 1:1<\/a><style>#button-id-:hover{color: #ffffff !important;background-color: #ff1e1e !important;}<\/style>[vc_empty_space height=&#8220;10&#8243;]<a id='button-id-1' target='_blank' href='\/wp-content\/uploads\/pdf\/crea-point-gt30-de-ausschreibungstexte.pdf' class='btn btn-normal btn-lg' style='color: #ffffff;background-color: #020000'><i class='fa far fa-file-pdf'><\/i> Ausschreibungstext<\/a><style>#button-id-1:hover{color: #ffffff !important;background-color: #ff1e1e !important;}<\/style>[vc_empty_space height=&#8220;10&#8243;]<a id='button-id-2' target='_blank' href='\/wp-content\/uploads\/pdf\/crea-point-gt30-de-zusaetzliche-ausschreibungstexte.pdf' class='btn btn-normal btn-lg' style='color: #ffffff;background-color: #020000'><i class='fa far fa-file-pdf'><\/i> Zus\u00e4tzliche Ausschreibungstexte<\/a><style>#button-id-2:hover{color: #ffffff !important;background-color: #ff1e1e !important;}<\/style>[\/vc_column][\/vc_row]<\/p>\n<\/div>","protected":false},"excerpt":{"rendered":"<p>[vc_row full_width=&#8220;stretch_row&#8220; el_class=&#8220;background-image-left&#8220;][vc_column][vc_raw_html el_class=&#8220;crea-title&#8220;]PGRpdj48c3BhbiBzdHlsZT0iY29sb3I6ICNmZjAwMDA7Ij5DUkVBPC9zcGFuPi1QT0lOVDwvZGl2Pg==[\/vc_raw_html][vc_row_inner][vc_column_inner width=&#8220;2\/3&#8243;][vc_custom_heading text=&#8220;GLASGEL\u00c4NDER \/ GANZGLASGEL\u00c4NDER&#8220; use_theme_fonts=&#8220;yes&#8220; el_class=&#8220;title&#8220; css=&#8220;.vc_custom_1577037633024{margin-top: 0px !important;}&#8220;][vc_column_text]Punktgehaltene Glasf\u00fcllungen, franz\u00f6sische Gel\u00e4nder und Rauchsch\u00fcrzen an vormontierte Pfosten, Unterkonstruktionen oder Fensterprofile mit dem Punkthalter GT30. Die Punkthalter weisen eine \u00e4usserst saubere und edle Ansicht auf und werden &hellip;<\/p>\n","protected":false},"author":5,"featured_media":0,"parent":7507,"menu_order":3,"comment_status":"closed","ping_status":"closed","template":"","meta":{"footnotes":""},"class_list":["post-7418","page","type-page","status-publish","hentry"],"_links":{"self":[{"href":"https:\/\/crearailing.com\/de\/wp-json\/wp\/v2\/pages\/7418","targetHints":{"allow":["GET"]}}],"collection":[{"href":"https:\/\/crearailing.com\/de\/wp-json\/wp\/v2\/pages"}],"about":[{"href":"https:\/\/crearailing.com\/de\/wp-json\/wp\/v2\/types\/page"}],"author":[{"embeddable":true,"href":"https:\/\/crearailing.com\/de\/wp-json\/wp\/v2\/users\/5"}],"replies":[{"embeddable":true,"href":"https:\/\/crearailing.com\/de\/wp-json\/wp\/v2\/comments?post=7418"}],"version-history":[{"count":8,"href":"https:\/\/crearailing.com\/de\/wp-json\/wp\/v2\/pages\/7418\/revisions"}],"predecessor-version":[{"id":8822,"href":"https:\/\/crearailing.com\/de\/wp-json\/wp\/v2\/pages\/7418\/revisions\/8822"}],"up":[{"embeddable":true,"href":"https:\/\/crearailing.com\/de\/wp-json\/wp\/v2\/pages\/7507"}],"wp:attachment":[{"href":"https:\/\/crearailing.com\/de\/wp-json\/wp\/v2\/media?parent=7418"}],"curies":[{"name":"wp","href":"https:\/\/api.w.org\/{rel}","templated":true}]}}