{"id":7489,"date":"2019-04-01T10:29:23","date_gmt":"2019-04-01T10:29:23","guid":{"rendered":"https:\/\/crearailing.com\/gt50\/"},"modified":"2020-08-25T10:54:43","modified_gmt":"2020-08-25T10:54:43","slug":"gt50","status":"publish","type":"page","link":"https:\/\/crearailing.com\/de\/produkte\/crea-point\/gt50\/","title":{"rendered":"GT50"},"content":{"rendered":"<div class=\"wpb-content-wrapper\"><p>[vc_row full_width=&#8220;stretch_row&#8220; el_class=&#8220;background-image-left&#8220;][vc_column][vc_raw_html el_class=&#8220;crea-title&#8220;]PGRpdj48c3BhbiBzdHlsZT0iY29sb3I6ICNmZjAwMDA7Ij5DUkVBPC9zcGFuPi1QT0lOVDwvZGl2Pg==[\/vc_raw_html][vc_row_inner][vc_column_inner width=&#8220;2\/3&#8243;][vc_custom_heading text=&#8220;GLASGEL\u00c4NDER \/ GANZGLASGEL\u00c4NDER&#8220; use_theme_fonts=&#8220;yes&#8220; el_class=&#8220;title&#8220; css=&#8220;.vc_custom_1598350572918{margin-top: 0px !important;}&#8220;][vc_column_text]Das punktgehaltene Ganzglasgel\u00e4nder GT50 f\u00fcr die stirnseitige Montage am Bauk\u00f6rper. Anwendug im Innenbereich, Aussenbereich, horizontal und ansteigend.<\/p>\n<p>Dies ist ein gepr\u00fcftes rahmen- und pfostenloses Vollglasgel\u00e4nder mit Punkthaltern im Glas. Die Glasbefestigung erfolgt nur mittels Punkthalter als Zwillingsverschraubung im unteren Bereich des Glases, das bedeutet das Glas ist nach oben auskragend. Wetter und K\u00e4lte unabh\u00e4ngige Montage (da kein Silikon Einsatz). Glaskantenausrichtung nach Glaseinsatz (ohne Glasdemontage) mittels Innenrosette (Lot ausrichten +\/- 10 mm).<\/p>\n<p>Die Punkthalter weisen eine \u00e4usserst saubere und edle Ansicht auf und werden in der Schweiz hergestellt. SWISS MADE &#8211; SWISS QUALITY. Die Punkthalter GT50 sind vor allem bei der Montage ein grosser Vorteil. EInfach, eiffizient und trotzdem edel und sicher. Der Montageaufwand wird minimiert und die Ausrichtung kann schnell und einfach erfolgen.[\/vc_column_text][\/vc_column_inner][vc_column_inner width=&#8220;1\/3&#8243;][vc_single_image image=&#8220;4319&#8243; img_size=&#8220;full&#8220; alignment=&#8220;center&#8220; onclick=&#8220;link_image&#8220;][\/vc_column_inner][\/vc_row_inner][\/vc_column][\/vc_row][vc_row full_width=&#8220;stretch_row&#8220; el_class=&#8220;background-image-left&#8220;][vc_column][vc_custom_heading text=&#8220;TECHNISCHE DETAILS&#8220; use_theme_fonts=&#8220;yes&#8220; el_class=&#8220;title&#8220;][vc_column_text]<\/p>\n<ul>\n<li>Abmessungen: \u00d8 = 50mm, variable Abst\u00e4nde zwischen Glas und Halter<\/li>\n<li>Verglasung: 17-4 \/ 21-4 \/ 25-4<\/li>\n<li>Trockenverglasungssystem<\/li>\n<li>Ausrichtung ohne Glasdemontage<\/li>\n<\/ul>\n<p>[\/vc_column_text][\/vc_column][\/vc_row][vc_row full_width=&#8220;stretch_row&#8220; el_class=&#8220;background-image-left&#8220;][vc_column][vc_custom_heading text=&#8220;SYSTEMVORTEILE&#8220; use_theme_fonts=&#8220;yes&#8220; el_class=&#8220;title&#8220;][vc_column_text]<\/p>\n<ul>\n<li>Schnelle und einfache Halterontage<\/li>\n<li>Bautoleranzaufnahme durch einstellen der Innenrossette<\/li>\n<li>Ausrichten ohne zeitaufwendiges Schiften<\/li>\n<li>Einfachster Glaseinsatz<\/li>\n<li>Effizient mit Trockenverglasungssystem, ohne m\u00fchsame Verklebungen<\/li>\n<li>Witterungs- und Temperaturunabh\u00e4ngige Montage, ohne aufwendige Silikonfugen<\/li>\n<li>Nachjustierung der Glaskante immer m\u00f6glich<\/li>\n<li>Glasaustausch jederzeit m\u00f6glich<\/li>\n<li>Beratung und Begleitung, Service<\/li>\n<\/ul>\n<p>[\/vc_column_text][\/vc_column][\/vc_row][vc_row full_width=&#8220;stretch_row&#8220; el_class=&#8220;background-image-left&#8220;][vc_column][vc_custom_heading text=&#8220;MONTAGEM\u00d6GLICHKEITEN&#8220; use_theme_fonts=&#8220;yes&#8220; el_class=&#8220;title&#8220;][vc_single_image image=&#8220;7476&#8243; img_size=&#8220;full&#8220; alignment=&#8220;center&#8220; onclick=&#8220;link_image&#8220;][\/vc_column][\/vc_row][vc_row full_width=&#8220;stretch_row&#8220; el_class=&#8220;background-image-left&#8220;][vc_column][vc_custom_heading text=&#8220;STATIK&#8220; use_theme_fonts=&#8220;yes&#8220; el_class=&#8220;title&#8220;][vc_single_image image=&#8220;4487&#8243; img_size=&#8220;full&#8220; alignment=&#8220;center&#8220; onclick=&#8220;link_image&#8220;][vc_column_text]Fordern Sie einen Standard-Nachweis an oder besser wir machen explizit einen f\u00fcr Ihr Bauvorhaben.[\/vc_column_text][\/vc_column][\/vc_row][vc_row css=&#8220;.vc_custom_1554108174280{margin-bottom: 30px !important;}&#8220;][vc_column][vc_custom_heading text=&#8220;HERUNTERLADEN&#8220; use_theme_fonts=&#8220;yes&#8220; el_class=&#8220;title&#8220;][vc_empty_space height=&#8220;1&#8243;]<a id='button-id-' target='_blank' href='\/wp-content\/uploads\/pdf\/crea-point-gt50-drawings-1-1.pdf' class='btn btn-normal btn-lg' style='color: #ffffff;background-color: #020000'><i class='fa far fa-file-pdf'><\/i> CREA-POINT GT50 1:1<\/a><style>#button-id-:hover{color: #ffffff !important;background-color: #ff1e1e !important;}<\/style>[vc_empty_space height=&#8220;10&#8243;]<a id='button-id-1' target='_blank' href='\/wp-content\/uploads\/pdf\/crea-point-gt50-de-ausschreibungstexte.pdf' class='btn btn-normal btn-lg' style='color: #ffffff;background-color: #020000'><i class='fa far fa-file-pdf'><\/i> Ausschreibungstexte<\/a><style>#button-id-1:hover{color: #ffffff !important;background-color: #ff1e1e !important;}<\/style>[vc_empty_space height=&#8220;10&#8243;]<a id='button-id-2' target='_blank' href='\/wp-content\/uploads\/pdf\/crea-point-gt50-de-zusaetzliche-ausschreibungstexte.pdf' class='btn btn-normal btn-lg' style='color: #ffffff;background-color: #020000'><i class='fa far fa-file-pdf'><\/i> Zus\u00e4tzliche Ausschreibungstexte<\/a><style>#button-id-2:hover{color: #ffffff !important;background-color: #ff1e1e !important;}<\/style>[\/vc_column][\/vc_row][vc_row full_width=&#8220;stretch_row&#8220; el_class=&#8220;background-image-left&#8220;][vc_column][vc_custom_heading text=&#8220;GALERIE&#8220; use_theme_fonts=&#8220;yes&#8220; el_class=&#8220;title&#8220;][vc_media_grid element_width=&#8220;2&#8243; item=&#8220;mediaGrid_ScaleInWithIcon&#8220; grid_id=&#8220;vc_gid:1598344306648-417de9ae-f926-8&#8243; include=&#8220;2770,2773,2776,2779,2782,2785,2850,2853,2856,2859,2862,2865,2868,2893,2896,2899,3669,3672,3675,3684,3829,3832,3835,3838,3693,3696,3844,3847,3850,3853,3856,3891,3894,3897,3900,3903,3906,3909,3916,3919,3922,3928&#8243;][\/vc_column][\/vc_row]<\/p>\n<\/div>","protected":false},"excerpt":{"rendered":"<p>[vc_row full_width=&#8220;stretch_row&#8220; el_class=&#8220;background-image-left&#8220;][vc_column][vc_raw_html el_class=&#8220;crea-title&#8220;]PGRpdj48c3BhbiBzdHlsZT0iY29sb3I6ICNmZjAwMDA7Ij5DUkVBPC9zcGFuPi1QT0lOVDwvZGl2Pg==[\/vc_raw_html][vc_row_inner][vc_column_inner width=&#8220;2\/3&#8243;][vc_custom_heading text=&#8220;GLASGEL\u00c4NDER \/ GANZGLASGEL\u00c4NDER&#8220; use_theme_fonts=&#8220;yes&#8220; el_class=&#8220;title&#8220; css=&#8220;.vc_custom_1598350572918{margin-top: 0px !important;}&#8220;][vc_column_text]Das punktgehaltene Ganzglasgel\u00e4nder GT50 f\u00fcr die stirnseitige Montage am Bauk\u00f6rper. Anwendug im Innenbereich, Aussenbereich, horizontal und ansteigend. Dies ist ein gepr\u00fcftes rahmen- und pfostenloses Vollglasgel\u00e4nder mit Punkthaltern im &hellip;<\/p>\n","protected":false},"author":5,"featured_media":0,"parent":7507,"menu_order":1,"comment_status":"closed","ping_status":"closed","template":"","meta":{"footnotes":""},"class_list":["post-7489","page","type-page","status-publish","hentry"],"_links":{"self":[{"href":"https:\/\/crearailing.com\/de\/wp-json\/wp\/v2\/pages\/7489","targetHints":{"allow":["GET"]}}],"collection":[{"href":"https:\/\/crearailing.com\/de\/wp-json\/wp\/v2\/pages"}],"about":[{"href":"https:\/\/crearailing.com\/de\/wp-json\/wp\/v2\/types\/page"}],"author":[{"embeddable":true,"href":"https:\/\/crearailing.com\/de\/wp-json\/wp\/v2\/users\/5"}],"replies":[{"embeddable":true,"href":"https:\/\/crearailing.com\/de\/wp-json\/wp\/v2\/comments?post=7489"}],"version-history":[{"count":8,"href":"https:\/\/crearailing.com\/de\/wp-json\/wp\/v2\/pages\/7489\/revisions"}],"predecessor-version":[{"id":8841,"href":"https:\/\/crearailing.com\/de\/wp-json\/wp\/v2\/pages\/7489\/revisions\/8841"}],"up":[{"embeddable":true,"href":"https:\/\/crearailing.com\/de\/wp-json\/wp\/v2\/pages\/7507"}],"wp:attachment":[{"href":"https:\/\/crearailing.com\/de\/wp-json\/wp\/v2\/media?parent=7489"}],"curies":[{"name":"wp","href":"https:\/\/api.w.org\/{rel}","templated":true}]}}