{"id":7507,"date":"2018-12-09T19:19:51","date_gmt":"2018-12-09T19:19:51","guid":{"rendered":"https:\/\/crearailing.com\/produkte\/crea-point\/"},"modified":"2019-12-22T20:26:56","modified_gmt":"2019-12-22T20:26:56","slug":"crea-point","status":"publish","type":"page","link":"https:\/\/crearailing.com\/de\/produkte\/crea-point\/","title":{"rendered":"CREA-POINT"},"content":{"rendered":"<div class=\"wpb-content-wrapper\"><p>[vc_row full_width=&#8220;stretch_row&#8220; el_class=&#8220;background-image-left&#8220;][vc_column][vc_raw_html el_class=&#8220;crea-title&#8220;]PGRpdj48c3BhbiBzdHlsZT0iY29sb3I6ICNmZjAwMDA7Ij5DUkVBPC9zcGFuPi1QT0lOVDwvZGl2Pg==[\/vc_raw_html][vc_custom_heading text=&#8220;GLASGEL\u00c4NDER \/ GANZGLASGEL\u00c4NDER&#8220; use_theme_fonts=&#8220;yes&#8220; el_class=&#8220;title&#8220; css=&#8220;.vc_custom_1554115681285{margin-top: 0px !important;}&#8220;][vc_column_text]Die Glasgel\u00e4nder von CREA \u00fcberzeugen nicht durch die ausgekl\u00fcgelten, aber simple Technik, es erf\u00fcllt in allen Belangen die technischen Qualit\u00e4tskriterien und die geforderten Sicherheitsanforderungen. Das edle Aussehen gepaart mit der m\u00fchelosen Einfachheit, macht das Glasgel\u00e4nder von CREA, sowohl f\u00fcr den Planer wie auch f\u00fcr den Ausf\u00fchrer, zu dem Premium Glasgel\u00e4ndersystem von Morgen.<\/p>\n<p>Die Glasklemmung bei CREA-POINT erfolgt mittels Zwillingsverschraubung im unteren Bereich des Glases, das bedeutet das Glas ist nach oben auskragend. Die Glaskantenausrichtung erfolgt nach der Glasmontage (ohne wieder das Glas ausbauen zu m\u00fcssen) mittels drehen der Innenrosette (Lot ausrichten +\/- 10 mm). Weiter ist der Austausch oder eine Wartung jeder Zeit und ohne grossen Aufwand m\u00f6glich.[\/vc_column_text][\/vc_column][\/vc_row][vc_row full_width=&#8220;stretch_row&#8220; el_class=&#8220;background-image-left&#8220;][vc_column][vc_custom_heading text=&#8220;Punktgehaltene Ganzglasgel\u00e4nder&#8220; use_theme_fonts=&#8220;yes&#8220; el_class=&#8220;title&#8220;][vc_row_inner][vc_column_inner width=&#8220;1\/3&#8243;][vc_single_image image=&#8220;4319&#8243; img_size=&#8220;full&#8220; alignment=&#8220;center&#8220; onclick=&#8220;custom_link&#8220; link=&#8220;\/de\/produkte\/crea-point\/gt50\/&#8220; css=&#8220;.vc_custom_1570696705850{margin-bottom: 0px !important;}&#8220;][vc_custom_heading text=&#8220;GT50&#8243; font_container=&#8220;tag:h3|text_align:center&#8220; use_theme_fonts=&#8220;yes&#8220; link=&#8220;url:%2Fde%2Fprodukte%2Fcrea-point%2Fgt50%2F|||&#8220;][vc_column_text el_class=&#8220;text&#8220;]<\/p>\n<p style=\"text-align: center;\">Das punktgehaltene Ganzglasgel\u00e4nder GT50 f\u00fcr die stirnseitige Montage am Bauk\u00f6rper.<\/p>\n<p>[\/vc_column_text][\/vc_column_inner][vc_column_inner width=&#8220;1\/3&#8243;][vc_single_image image=&#8220;4322&#8243; img_size=&#8220;full&#8220; alignment=&#8220;center&#8220; onclick=&#8220;custom_link&#8220; link=&#8220;\/de\/produkte\/crea-point\/gt40\/&#8220; css=&#8220;.vc_custom_1570696714275{margin-bottom: 0px !important;}&#8220;][vc_custom_heading text=&#8220;GT40&#8243; font_container=&#8220;tag:h3|text_align:center&#8220; use_theme_fonts=&#8220;yes&#8220; link=&#8220;url:%2Fde%2Fprodukte%2Fcrea-point%2Fgt40%2F|||&#8220;][vc_column_text el_class=&#8220;text&#8220;]<\/p>\n<p style=\"text-align: center;\">Punktgehaltenen Glasgel\u00e4nder oder Glasgel\u00e4nderf\u00fcllungen f\u00fcr die Glasmontage an vormontierten Pfosten, Rahmen oder Betonkonstruktionen mit dem Punkthalter GT40.<\/p>\n<p>[\/vc_column_text][\/vc_column_inner][vc_column_inner width=&#8220;1\/3&#8243;][vc_single_image image=&#8220;4325&#8243; img_size=&#8220;full&#8220; alignment=&#8220;center&#8220; onclick=&#8220;custom_link&#8220; link=&#8220;\/de\/produkte\/crea-point\/gt30\/&#8220; css=&#8220;.vc_custom_1570696722296{margin-bottom: 0px !important;}&#8220;][vc_custom_heading text=&#8220;GT30&#8243; font_container=&#8220;tag:h3|text_align:center&#8220; use_theme_fonts=&#8220;yes&#8220; link=&#8220;url:%2Fde%2Fprodukte%2Fcrea-point%2Fgt30%2F|||&#8220;][vc_column_text el_class=&#8220;text&#8220;]<\/p>\n<p style=\"text-align: center;\">Punktgehaltene Glasf\u00fcllungen, franz\u00f6sische Gel\u00e4nder und Rauchsch\u00fcrzen an vormontierte Pfosten, Unterkonstruktionen oder Fensterprofile mit dem Punkthalter GT30.<\/p>\n<p>[\/vc_column_text][\/vc_column_inner][\/vc_row_inner][\/vc_column][\/vc_row][vc_row][vc_column][vc_custom_heading text=&#8220;GALERIE&#8220; use_theme_fonts=&#8220;yes&#8220; el_class=&#8220;title&#8220;][vc_masonry_media_grid gap=&#8220;10&#8243; item=&#8220;masonryMedia_SimpleOverlay&#8220; grid_id=&#8220;vc_gid:1570703703415-61047511-6bd7-3&#8243; include=&#8220;2850,2853,2856,2859,2862,2865,2868,2893,2896,2899,3669,3672,3675,3678,3681,3684,3693,3696,3699,3702,3705,3829,3832,3835,3838,3844,3847,3850,3853,3856,3891,3894,3897,3900,3903,3906,3909,3916,3919,3922,3925,3928,4171,4174,4177,4180,4183,4186,4189,4192,4195,4198,4201,4204,4207,4210,4213,4274,4277,4280,4283,4286&#8243;][\/vc_column][\/vc_row]<\/p>\n<\/div>","protected":false},"excerpt":{"rendered":"<p>[vc_row full_width=&#8220;stretch_row&#8220; el_class=&#8220;background-image-left&#8220;][vc_column][vc_raw_html el_class=&#8220;crea-title&#8220;]PGRpdj48c3BhbiBzdHlsZT0iY29sb3I6ICNmZjAwMDA7Ij5DUkVBPC9zcGFuPi1QT0lOVDwvZGl2Pg==[\/vc_raw_html][vc_custom_heading text=&#8220;GLASGEL\u00c4NDER \/ GANZGLASGEL\u00c4NDER&#8220; use_theme_fonts=&#8220;yes&#8220; el_class=&#8220;title&#8220; css=&#8220;.vc_custom_1554115681285{margin-top: 0px !important;}&#8220;][vc_column_text]Die Glasgel\u00e4nder von CREA \u00fcberzeugen nicht durch die ausgekl\u00fcgelten, aber simple Technik, es erf\u00fcllt in allen Belangen die technischen Qualit\u00e4tskriterien und die geforderten Sicherheitsanforderungen. Das edle Aussehen gepaart mit &hellip;<\/p>\n","protected":false},"author":5,"featured_media":0,"parent":2608,"menu_order":2,"comment_status":"closed","ping_status":"closed","template":"","meta":{"footnotes":""},"class_list":["post-7507","page","type-page","status-publish","hentry"],"_links":{"self":[{"href":"https:\/\/crearailing.com\/de\/wp-json\/wp\/v2\/pages\/7507","targetHints":{"allow":["GET"]}}],"collection":[{"href":"https:\/\/crearailing.com\/de\/wp-json\/wp\/v2\/pages"}],"about":[{"href":"https:\/\/crearailing.com\/de\/wp-json\/wp\/v2\/types\/page"}],"author":[{"embeddable":true,"href":"https:\/\/crearailing.com\/de\/wp-json\/wp\/v2\/users\/5"}],"replies":[{"embeddable":true,"href":"https:\/\/crearailing.com\/de\/wp-json\/wp\/v2\/comments?post=7507"}],"version-history":[{"count":2,"href":"https:\/\/crearailing.com\/de\/wp-json\/wp\/v2\/pages\/7507\/revisions"}],"predecessor-version":[{"id":7509,"href":"https:\/\/crearailing.com\/de\/wp-json\/wp\/v2\/pages\/7507\/revisions\/7509"}],"up":[{"embeddable":true,"href":"https:\/\/crearailing.com\/de\/wp-json\/wp\/v2\/pages\/2608"}],"wp:attachment":[{"href":"https:\/\/crearailing.com\/de\/wp-json\/wp\/v2\/media?parent=7507"}],"curies":[{"name":"wp","href":"https:\/\/api.w.org\/{rel}","templated":true}]}}