{"id":5477,"date":"2016-01-19T16:40:09","date_gmt":"2016-01-19T16:40:09","guid":{"rendered":"https:\/\/crearailing.com\/contactez-nous\/"},"modified":"2023-12-13T12:15:24","modified_gmt":"2023-12-13T12:15:24","slug":"contact","status":"publish","type":"page","link":"https:\/\/crearailing.com\/fr\/contact\/","title":{"rendered":"Contact"},"content":{"rendered":"<div class=\"wpb-content-wrapper\"><p>[vc_row][vc_column][vc_custom_heading text=\u00a0\u00bbContactez-nous\u00a0\u00bb use_theme_fonts=\u00a0\u00bbyes\u00a0\u00bb el_class=\u00a0\u00bbtitle\u00a0\u00bb][vc_empty_space height=\u00a0\u00bb15&Prime;][vc_column_text]La soci\u00e9t\u00e9 CREA Fassaden- und Glasbausysteme AG est l&rsquo;un des principaux fournisseurs suisses de syst\u00e8mes pour des produits de haute qualit\u00e9 fabriqu\u00e9s en Suisse et bas\u00e9s sur la \u00ab\u00a0technologie de fixation du verre\u00a0\u00bb. Nous sommes sp\u00e9cialis\u00e9s dans les garde-corps en verre! Nos domaines principaux incluent \u00e9galement les fa\u00e7ades en verre, les toits en verre et la construction en verre sophistiqu\u00e9e.<\/p>\n<p>Qu&rsquo;il s&rsquo;agisse de la livraison de verre simple ou d&rsquo;une barre de profil\u00e9 \u00e0 la livraison compl\u00e8te de syst\u00e8mes de garde-corps en verre pour des projets de construction globaux, y compris le verre, nous vous offrons la possibilit\u00e9 de r\u00e9aliser votre projet avec succ\u00e8s.[\/vc_column_text][\/vc_column][\/vc_row][vc_row css=\u00a0\u00bb.vc_custom_1453297211960{margin-bottom: 40px !important;}\u00a0\u00bb][vc_column width=\u00a0\u00bb5\/12&Prime;]<table class='info-table'><\/tbody><tr class='info-table-row'><th class='info-table-icon'><i class='fa fa fa-building'><\/i><\/th><td class='info-table-content'>CREA Fassaden und Glasbausysteme AG.<\/td><\/tr><tr class='info-table-row'><th class='info-table-icon'><i class='fa fas fa-map-marker-alt'><\/i><\/th><td class='info-table-content'>Gewerbestrasse 11 CH &#8211; 4553 Subingen,<br \/>\n<span style=\"color: red;\">Switzerland<\/span><\/td><\/tr><tr class='info-table-row'><th class='info-table-icon'><i class='fa fa fa-phone'><\/i><\/th><td class='info-table-content'><a href=\"tel:+41344456505\" target=\"_blank\" rel=\"noopener noreferrer\">+41 34 445 6505<\/a><\/td><\/tr><tr class='info-table-row'><th class='info-table-icon'><i class='fa fa fa-fax'><\/i><\/th><td class='info-table-content'><a href=\"tel:+41344453681\" target=\"_blank\" rel=\"noopener noreferrer\">+41 34 445 3681<\/a><\/td><\/tr><tr class='info-table-row'><th class='info-table-icon'><i class='fa fa fa-envelope'><\/i><\/th><td class='info-table-content'><a href=\"mailto:crea@creasysteme.ch\" target=\"_blank\" rel=\"noopener noreferrer\">crea@creasysteme.ch<\/a><\/td><\/tr><tr class='info-table-row'><th class='info-table-icon'><i class='fa fa fa-globe'><\/i><\/th><td class='info-table-content'><a href=\"http:\/\/www.crearailing.com\" target=\"_blank\" rel=\"noopener noreferrer\">www.crearailing.com<\/a><\/td><\/tr><\/table><\/tbody>[\/vc_column][vc_column width=\u00a0\u00bb7\/12&Prime;]\n<div class=\"wpcf7 no-js\" id=\"wpcf7-f2052-o1\" lang=\"en-US\" dir=\"ltr\" data-wpcf7-id=\"2052\">\n<div class=\"screen-reader-response\"><p role=\"status\" aria-live=\"polite\" aria-atomic=\"true\"><\/p> <ul><\/ul><\/div>\n<form action=\"\/fr\/wp-json\/wp\/v2\/pages\/5477#wpcf7-f2052-o1\" method=\"post\" class=\"wpcf7-form init\" aria-label=\"Contact form\" novalidate=\"novalidate\" data-status=\"init\">\n<div style=\"display: none;\">\n<input type=\"hidden\" name=\"_wpcf7\" value=\"2052\" \/>\n<input type=\"hidden\" name=\"_wpcf7_version\" value=\"6.0.6\" \/>\n<input type=\"hidden\" name=\"_wpcf7_locale\" value=\"en_US\" \/>\n<input type=\"hidden\" name=\"_wpcf7_unit_tag\" value=\"wpcf7-f2052-o1\" \/>\n<input type=\"hidden\" name=\"_wpcf7_container_post\" value=\"0\" \/>\n<input type=\"hidden\" name=\"_wpcf7_posted_data_hash\" value=\"\" \/>\n<input type=\"hidden\" name=\"_wpcf7_recaptcha_response\" value=\"\" \/>\n<\/div>\n<div class=\"row\">\n\t<fieldset class=\"form-group col-md-7\">\n\t\t<p><span class=\"wpcf7-form-control-wrap\" data-name=\"your-name\"><input size=\"40\" maxlength=\"400\" class=\"wpcf7-form-control wpcf7-text wpcf7-validates-as-required\" aria-required=\"true\" aria-invalid=\"false\" placeholder=\"Name\" value=\"\" type=\"text\" name=\"your-name\" \/><\/span>\n\t\t<\/p>\n\t<\/fieldset>\n\t<p><span id=\"wpcf7-69e746c341dbb-wrapper\" class=\"wpcf7-form-control-wrap honeypot-149-wrap\" style=\"display:none !important; visibility:hidden !important;\"><label for=\"wpcf7-69e746c341dbb-field\" class=\"hp-message\">Please leave this field empty.<\/label><input id=\"wpcf7-69e746c341dbb-field\"  class=\"wpcf7-form-control wpcf7-text\" type=\"text\" name=\"honeypot-149\" value=\"\" size=\"40\" tabindex=\"-1\" autocomplete=\"new-password\" \/><\/span>\n\t<\/p>\n\t<fieldset class=\"form-group col-md-7\">\n\t\t<p><span class=\"wpcf7-form-control-wrap\" data-name=\"your-email\"><input size=\"40\" maxlength=\"400\" class=\"wpcf7-form-control wpcf7-email wpcf7-validates-as-required wpcf7-text wpcf7-validates-as-email\" aria-required=\"true\" aria-invalid=\"false\" placeholder=\"Email\" value=\"\" type=\"email\" name=\"your-email\" \/><\/span>\n\t\t<\/p>\n\t<\/fieldset>\n\t<fieldset class=\"form-group col-md-7\">\n\t\t<p><span class=\"wpcf7-form-control-wrap\" data-name=\"your-subject\"><input size=\"40\" maxlength=\"400\" class=\"wpcf7-form-control wpcf7-text wpcf7-validates-as-required\" aria-required=\"true\" aria-invalid=\"false\" placeholder=\"Subject\" value=\"\" type=\"text\" name=\"your-subject\" \/><\/span>\n\t\t<\/p>\n\t<\/fieldset>\n\t<fieldset class=\"form-group col-md-12\">\n\t\t<p><span class=\"wpcf7-form-control-wrap\" data-name=\"your-message\"><textarea cols=\"40\" rows=\"10\" maxlength=\"2000\" class=\"wpcf7-form-control wpcf7-textarea wpcf7-validates-as-required\" aria-required=\"true\" aria-invalid=\"false\" placeholder=\"Message\" name=\"your-message\"><\/textarea><\/span>\n\t\t<\/p>\n\t<\/fieldset>\n\t<fieldset class=\"form-group col-md-3\">\n\t\t<p><span class=\"wpcf7-form-control-wrap\" data-name=\"captcha-1\"><input size=\"40\" class=\"wpcf7-form-control wpcf7-captchar\" autocomplete=\"off\" aria-invalid=\"false\" value=\"\" type=\"text\" name=\"captcha-1\" \/><\/span><input type=\"hidden\" name=\"_wpcf7_captcha_challenge_captcha-1\" value=\"2587803268\" \/><img loading=\"lazy\" decoding=\"async\" class=\"wpcf7-form-control wpcf7-captchac wpcf7-captcha-captcha-1\" width=\"72\" height=\"24\" alt=\"captcha\" src=\"https:\/\/crearailing.com\/wp-content\/uploads\/wpcf7_captcha\/2587803268.png\" \/>\n\t\t<\/p>\n\t<\/fieldset>\n\t<fieldset class=\"form-group col-md-12\">\n\t\t<p><input class=\"wpcf7-form-control wpcf7-submit has-spinner btn btn-normal btn-md\" type=\"submit\" value=\"Submit\" \/>\n\t\t<\/p>\n\t<\/fieldset>\n<\/div><div class=\"wpcf7-response-output\" aria-hidden=\"true\"><\/div>\n<\/form>\n<\/div>\n[\/vc_column][\/vc_row][vc_row full_width=\u00a0\u00bbstretch_row_content_no_spaces\u00a0\u00bb css=\u00a0\u00bb.vc_custom_1556015265602{margin-bottom: 0px !important;}\u00a0\u00bb][vc_column]<div data-styles='[\n{\n\"featureType\": \"poi\",\n\"elementType\": \"all\",\n\"stylers\": [\n{\n\"visibility\": \"off\"\n}\n]\n},\n{\n\"featureType\": \"poi.park\",\n\"elementType\": \"all\",\n\"stylers\": [\n{\n\"visibility\": \"on\"\n}\n]\n},\n{\n\"featureType\": \"transit.station\",\n\"elementType\": \"all\",\n\"stylers\": [\n{\n\"visibility\": \"on\"\n}\n]\n}\n]' class='map' id='map1' style='height: 450px;' data-type='ROADMAP' data-zoom='15' data-scroll='false' data-markers='{ \"address\": \"47.196716382288336, 7.60447528314691\",  \"center\": \"true\", \"data\": \"<strong>CREA Fassaden- und Glasbausysteme AG.<\/strong><br \/>Gewerbestrasse 11, 4553 Subingen\", \"options\": { \"icon\": \"https:\/\/crearailing.com\/wp-content\/uploads\/2019\/04\/location-pin.png\" } }|'><\/div>[\/vc_column][\/vc_row][vc_row full_width=\u00a0\u00bbstretch_row\u00a0\u00bb el_class=\u00a0\u00bbno-bottom-padding-row\u00a0\u00bb css=\u00a0\u00bb.vc_custom_1544372302425{background-color: #ff0000 !important;}\u00a0\u00bb][vc_column css=\u00a0\u00bb.vc_custom_1453297229659{padding-top: 0px !important;}\u00a0\u00bb]<div class=\"download\"><div class='download-content text-uppercase' style='color: #ffffff'><i class='fa fa fa-file-pdf-o'><\/i> <span class=\"tlid-translation translation\" lang=\"fr\"><span class=\"\" title=\"\">TELECHARGEZ UN CATALOGUE COMPLET DE NOS SPECIFICATIONS DE SERVICES ET DE PROJETS<\/span><\/span><\/div><a target='_self' href='#' class='btn btn-md btn-dark btn-shadow'><i class='fa fa fa-cloud-download'><\/i> Download<\/a><\/div>[\/vc_column][\/vc_row]<\/p>\n<\/div>","protected":false},"excerpt":{"rendered":"<p>[vc_row][vc_column][vc_custom_heading text=\u00a0\u00bbContactez-nous\u00a0\u00bb use_theme_fonts=\u00a0\u00bbyes\u00a0\u00bb el_class=\u00a0\u00bbtitle\u00a0\u00bb][vc_empty_space height=\u00a0\u00bb15&Prime;][vc_column_text]La soci\u00e9t\u00e9 CREA Fassaden- und Glasbausysteme AG est l&rsquo;un des principaux fournisseurs suisses de syst\u00e8mes pour des produits de haute qualit\u00e9 fabriqu\u00e9s en Suisse et bas\u00e9s sur la \u00ab\u00a0technologie de fixation du verre\u00a0\u00bb. Nous sommes sp\u00e9cialis\u00e9s &hellip;<\/p>\n","protected":false},"author":5,"featured_media":0,"parent":0,"menu_order":0,"comment_status":"closed","ping_status":"closed","template":"","meta":{"footnotes":""},"class_list":["post-5477","page","type-page","status-publish","hentry"],"_links":{"self":[{"href":"https:\/\/crearailing.com\/fr\/wp-json\/wp\/v2\/pages\/5477","targetHints":{"allow":["GET"]}}],"collection":[{"href":"https:\/\/crearailing.com\/fr\/wp-json\/wp\/v2\/pages"}],"about":[{"href":"https:\/\/crearailing.com\/fr\/wp-json\/wp\/v2\/types\/page"}],"author":[{"embeddable":true,"href":"https:\/\/crearailing.com\/fr\/wp-json\/wp\/v2\/users\/5"}],"replies":[{"embeddable":true,"href":"https:\/\/crearailing.com\/fr\/wp-json\/wp\/v2\/comments?post=5477"}],"version-history":[{"count":9,"href":"https:\/\/crearailing.com\/fr\/wp-json\/wp\/v2\/pages\/5477\/revisions"}],"predecessor-version":[{"id":9083,"href":"https:\/\/crearailing.com\/fr\/wp-json\/wp\/v2\/pages\/5477\/revisions\/9083"}],"wp:attachment":[{"href":"https:\/\/crearailing.com\/fr\/wp-json\/wp\/v2\/media?parent=5477"}],"curies":[{"name":"wp","href":"https:\/\/api.w.org\/{rel}","templated":true}]}}