{"id":5595,"date":"2016-01-19T14:52:43","date_gmt":"2016-01-19T14:52:43","guid":{"rendered":"https:\/\/crearailing.com\/services\/"},"modified":"2019-12-22T14:32:13","modified_gmt":"2019-12-22T14:32:13","slug":"services","status":"publish","type":"page","link":"https:\/\/crearailing.com\/fr\/services\/","title":{"rendered":"Services"},"content":{"rendered":"<div class=\"wpb-content-wrapper\"><p>[vc_row full_width=\u00a0\u00bbstretch_row\u00a0\u00bb el_class=\u00a0\u00bbbackground-image-left\u00a0\u00bb css=\u00a0\u00bb.vc_custom_1544366793324{margin-bottom: 40px !important;}\u00a0\u00bb][vc_column][vc_custom_heading text=\u00a0\u00bbPRODUITS\u00a0\u00bb use_theme_fonts=\u00a0\u00bbyes\u00a0\u00bb el_class=\u00a0\u00bbtitle anchor\u00a0\u00bb el_id=\u00a0\u00bbproduits\u00a0\u00bb css=\u00a0\u00bb.vc_custom_1577023963442{margin-top: 40px !important;}\u00a0\u00bb][vc_column_text]Tous les produits CREA sont d\u00e9velopp\u00e9s en Suisse par une \u00e9quipe de sp\u00e9cialistes. Afin de pouvoir toujours garantir le plus haut niveau de qualit\u00e9, ces produits sont \u00e9galement fabriqu\u00e9s et test\u00e9s en Suisse.<\/p>\n<p>Avec le slogan \u201cSWISS MADE. SWISS QUALITY. WORLD WIDE\u201d nous proposons nos produits de haute qualit\u00e9 dans le monde entier.<\/p>\n<p>Les balustrades en verre CREA sont convaincantes et r\u00e9pondent aux sp\u00e9cifications techniques requises grace \u00e0 l&rsquo;ing\u00e9nieux syst\u00e8me sp\u00e9cialement choisi par le fabricant.<\/p>\n<p>Il se caract\u00e9rise par un traitement rationnel, un assemblage rapide et un simple ajustement du bord du verre. Le remplacement du verre est possible apr\u00e8s un \u00e9ventuel bris de verre \u00e0 tout moment et sans effort, puisque tout est ex\u00e9cut\u00e9 comme syst\u00e8me de vitrage \u00e0 sec (sans silicone ni colle).<\/p>\n<p>Les produits CREA sont d\u00e9velopp\u00e9s par des professionnels, pour des professionnels d\u00e9sirant travailler de mani\u00e8re \u00e9conomique et efficace![\/vc_column_text][\/vc_column][\/vc_row][vc_row full_width=\u00a0\u00bbstretch_row\u00a0\u00bb css=\u00a0\u00bb.vc_custom_1544366788932{margin-bottom: 40px !important;}\u00a0\u00bb el_class=\u00a0\u00bbbackground-image-left\u00a0\u00bb][vc_column][vc_custom_heading text=\u00a0\u00bbSUPPORT\u00a0\u00bb use_theme_fonts=\u00a0\u00bbyes\u00a0\u00bb el_class=\u00a0\u00bbtitle anchor\u00a0\u00bb el_id=\u00a0\u00bbsupport\u00a0\u00bb][vc_column_text]CREA offre une assistance technique pour toutes questions sp\u00e9cifiques au verre et \u00e0 sa fixation<\/p>\n<ul>\n<li>Aide \u00e0 la planification et documents DWG complets<\/li>\n<li>Assistance technique pour des solutions d\u00e9taill\u00e9es et sp\u00e9ciales<\/li>\n<li>D\u00e9veloppement de nouvelles solutions<\/li>\n<li>\u00c9tude de faisabilit\u00e9<\/li>\n<li>Dossier d&rsquo;appel d&rsquo;offres<\/li>\n<li>Calculs statiques (certificats)<\/li>\n<li>Statique du verre<\/li>\n<li>\u00c9chantillonnage (Echantillons de verre ou de support)<\/li>\n<li>Gestion du temps, fabrication et d\u00e9lais de livraison<\/li>\n<li>Analyse des co\u00fbts et des offres des composants en verre<\/li>\n<li>Accompagnement des techniciens et partenaires<\/li>\n<li>Conseils sp\u00e9cifiques \u00e0 un objet<\/li>\n<\/ul>\n<p>[\/vc_column_text][\/vc_column][\/vc_row][vc_row full_width=\u00a0\u00bbstretch_row\u00a0\u00bb css=\u00a0\u00bb.vc_custom_1544366788932{margin-bottom: 40px !important;}\u00a0\u00bb el_class=\u00a0\u00bbbackground-image-left\u00a0\u00bb][vc_column][vc_custom_heading text=\u00a0\u00bbCERTIFICATS\u00a0\u00bb use_theme_fonts=\u00a0\u00bbyes\u00a0\u00bb el_class=\u00a0\u00bbtitle anchor\u00a0\u00bb el_id=\u00a0\u00bbcertificats\u00a0\u00bb][vc_column_text]Les produits CREA sont tous test\u00e9s et \u00e9prouv\u00e9s statiquement. Des certificats valid\u00e9s par un ing\u00e9nieur agr\u00e9\u00e9 et sp\u00e9cifiques \u00e0 un objet peuvent \u00eatre facilement d\u00e9livr\u00e9s.<\/p>\n<p>En principe, chaque vitrage dans son application n\u00e9cessite un calcul statique selon les normes SIA \/ EN 18008.<\/p>\n<p>Dans les constructions o\u00f9 les verres doivent assumer des fonctions de support statique, telles que des balustrades en verre sans poteau, des constructions tout en verre avec maintien ponctuel ou lin\u00e9aire, chaque application doit \u00eatre ajust\u00e9e individuellement en fonction de tous les param\u00e8tres du lieu, de la hauteur. De plus les charges de vent et de neige sont contr\u00f4l\u00e9es statiquement et des preuves sont fournies sur demande.<\/p>\n<p>Seules des constructions professionnelles offrent la s\u00e9curit\u00e9 n\u00e9cessaire \u00e0 ce qu&rsquo;aucun humain ne soit mis en danger! Afin d&rsquo;\u00e9viter les erreurs dans les applications de conception, nous offrons nos conseils et nos services pour toutes les applications en verre.[\/vc_column_text][\/vc_column][\/vc_row][vc_row full_width=\u00a0\u00bbstretch_row\u00a0\u00bb css=\u00a0\u00bb.vc_custom_1544366788932{margin-bottom: 40px !important;}\u00a0\u00bb el_class=\u00a0\u00bbbackground-image-left\u00a0\u00bb][vc_column][vc_custom_heading text=\u00a0\u00bbSOLUTIONS COMPL\u00c8TES\u00a0\u00bb use_theme_fonts=\u00a0\u00bbyes\u00a0\u00bb el_class=\u00a0\u00bbtitle anchor\u00a0\u00bb el_id=\u00a0\u00bbsolutions-completes\u00a0\u00bb][vc_column_text]FA\u00c7ONNAGE<\/p>\n<p>En fonction de vos besoins nous pouvons proposer la livraison de nos produits sous plusieurs formes, par exemple en barres brutes non usin\u00e9es pour des profils de balustrade ou livrer des solutions \u00ab\u00a0pr\u00eat-\u00e0-poser\u00a0\u00bb compl\u00e8tes (Planification, d\u00e9bitage, usinages, traitement de surface, croquis de pose etc..) et livrer le tout \u00e0 l&rsquo;adresse d\u00e9sir\u00e9e. Il ne vous reste plus qu&rsquo;\u00e0 le poser.[\/vc_column_text][vc_column_text]LIVRAISONS DE VERRES<\/p>\n<p>En proposant des syst\u00e8mes de garde-corps comprenant \u00e9galement le verre selon les normes SIA et EN18008 nous offrons la possibilit\u00e9 de recevoir un produit complet D&rsquo;UNE SEULE ET M\u00caME SOURCE! Une seule personne de contact s&rsquo;occupe de tout.[\/vc_column_text][\/vc_column][\/vc_row][vc_row full_width=\u00a0\u00bbstretch_row\u00a0\u00bb css=\u00a0\u00bb.vc_custom_1544366788932{margin-bottom: 40px !important;}\u00a0\u00bb el_class=\u00a0\u00bbbackground-image-left\u00a0\u00bb][vc_column][vc_custom_heading text=\u00a0\u00bbAVANTAGES\u00a0\u00bb use_theme_fonts=\u00a0\u00bbyes\u00a0\u00bb el_class=\u00a0\u00bbtitle anchor\u00a0\u00bb el_id=\u00a0\u00bbavantages\u00a0\u00bb][vc_column_text]Les principaux avantages de travailler avec CREA:<\/p>\n<ul>\n<li>le serrage du verre s&rsquo;effectue sous forme de double-pression lin\u00e9aire uniforme, sans contrainte et \u00e9lastique, sans charge ponctuelle (due \u00e0 des cales, des caoutchoucs, des colliers de serrage ou des adh\u00e9rences)<\/li>\n<li>Assemblage de profil\u00e9 rapide et facile <\/li>\n<li>Prise en compte des tol\u00e9rances de construction<\/li>\n<li>Efficace avec le vitrage \u00e0 sec, sans collage fastidieux au 2 composants<\/li>\n<li>Alignement au dixi\u00e8me de mm avec vis de r\u00e9glage, sans d\u00e9montage du verre (1 personne)<\/li>\n<li>Installation ind\u00e9pendante des conditions m\u00e9t\u00e9orologiques, sans joints silicone ni colle<\/li>\n<li>\u00e9change de verre possible \u00e0 tout moment et en un temps records<\/li>\n<li>Le client obtient tout du m\u00eame fournisseur Aide \u00e0 la planification + syst\u00e8me de profil\u00e9 + verre + certificat = GARANTIE DU SYST\u00c8ME! une seule personne de contact!<\/li>\n<li>Conseils personnalis\u00e9s, assistance technique et assistance aux architectes, planificateurs et constructeurs m\u00e9talliques<\/li>\n<\/ul>\n<p>[\/vc_column_text][\/vc_column][\/vc_row][vc_row full_width=\u00a0\u00bbstretch_row\u00a0\u00bb css=\u00a0\u00bb.vc_custom_1544366788932{margin-bottom: 40px !important;}\u00a0\u00bb el_class=\u00a0\u00bbbackground-image-left\u00a0\u00bb][vc_column][vc_custom_heading text=\u00a0\u00bbENTREPRISE\u00a0\u00bb use_theme_fonts=\u00a0\u00bbyes\u00a0\u00bb el_class=\u00a0\u00bbtitle anchor\u00a0\u00bb el_id=\u00a0\u00bbentreprise\u00a0\u00bb][vc_column_text]La soci\u00e9t\u00e9 CREA Fassaden- und Glasbausysteme AG est l&rsquo;un des principaux fournisseurs suisses de syst\u00e8mes pour des produits de haute qualit\u00e9 fabriqu\u00e9s en Suisse et bas\u00e9s sur la \u00ab\u00a0technologie de fixation du verre\u00a0\u00bb. Nous sommes sp\u00e9cialis\u00e9s dans les garde-corps en verre! Nos domaines principaux incluent \u00e9galement les fa\u00e7ades en verre, les toits en verre et la construction en verre sophistiqu\u00e9e.<\/p>\n<p>Qu&rsquo;il s&rsquo;agisse de la livraison de verre simple ou d&rsquo;une barre de profil\u00e9 \u00e0 la livraison compl\u00e8te de syst\u00e8mes de garde-corps en verre pour des projets de construction globaux, y compris le verre, nous vous offrons la possibilit\u00e9 de r\u00e9aliser votre projet avec succ\u00e8s.[\/vc_column_text][\/vc_column][\/vc_row]<\/p>\n<\/div>","protected":false},"excerpt":{"rendered":"<p>[vc_row full_width=\u00a0\u00bbstretch_row\u00a0\u00bb el_class=\u00a0\u00bbbackground-image-left\u00a0\u00bb css=\u00a0\u00bb.vc_custom_1544366793324{margin-bottom: 40px !important;}\u00a0\u00bb][vc_column][vc_custom_heading text=\u00a0\u00bbPRODUITS\u00a0\u00bb use_theme_fonts=\u00a0\u00bbyes\u00a0\u00bb el_class=\u00a0\u00bbtitle anchor\u00a0\u00bb el_id=\u00a0\u00bbproduits\u00a0\u00bb css=\u00a0\u00bb.vc_custom_1577023963442{margin-top: 40px !important;}\u00a0\u00bb][vc_column_text]Tous les produits CREA sont d\u00e9velopp\u00e9s en Suisse par une \u00e9quipe de sp\u00e9cialistes. Afin de pouvoir toujours garantir le plus haut niveau de qualit\u00e9, ces produits sont &hellip;<\/p>\n","protected":false},"author":5,"featured_media":0,"parent":0,"menu_order":0,"comment_status":"closed","ping_status":"closed","template":"","meta":{"footnotes":""},"class_list":["post-5595","page","type-page","status-publish","hentry"],"_links":{"self":[{"href":"https:\/\/crearailing.com\/fr\/wp-json\/wp\/v2\/pages\/5595","targetHints":{"allow":["GET"]}}],"collection":[{"href":"https:\/\/crearailing.com\/fr\/wp-json\/wp\/v2\/pages"}],"about":[{"href":"https:\/\/crearailing.com\/fr\/wp-json\/wp\/v2\/types\/page"}],"author":[{"embeddable":true,"href":"https:\/\/crearailing.com\/fr\/wp-json\/wp\/v2\/users\/5"}],"replies":[{"embeddable":true,"href":"https:\/\/crearailing.com\/fr\/wp-json\/wp\/v2\/comments?post=5595"}],"version-history":[{"count":2,"href":"https:\/\/crearailing.com\/fr\/wp-json\/wp\/v2\/pages\/5595\/revisions"}],"predecessor-version":[{"id":7192,"href":"https:\/\/crearailing.com\/fr\/wp-json\/wp\/v2\/pages\/5595\/revisions\/7192"}],"wp:attachment":[{"href":"https:\/\/crearailing.com\/fr\/wp-json\/wp\/v2\/media?parent=5595"}],"curies":[{"name":"wp","href":"https:\/\/api.w.org\/{rel}","templated":true}]}}