{"id":6515,"date":"2018-12-09T17:32:50","date_gmt":"2018-12-09T17:32:50","guid":{"rendered":"https:\/\/crearailing.com\/produits\/crealine\/"},"modified":"2020-01-15T17:25:28","modified_gmt":"2020-01-15T17:25:28","slug":"crealine","status":"publish","type":"page","link":"https:\/\/crearailing.com\/fr\/produits\/crealine\/","title":{"rendered":"CREALINE"},"content":{"rendered":"<div class=\"wpb-content-wrapper\"><p>[vc_row full_width=\u00a0\u00bbstretch_row\u00a0\u00bb el_class=\u00a0\u00bbbackground-image-left\u00a0\u00bb][vc_column][vc_raw_html el_class=\u00a0\u00bbcrea-title\u00a0\u00bb css=\u00a0\u00bb.vc_custom_1544379669386{margin-top: 0px !important;}\u00a0\u00bb]PGRpdj48c3BhbiBzdHlsZT0iY29sb3I6ICNmZjAwMDA7Ij5DUkVBPC9zcGFuPkxJTkU8L2Rpdj4=[\/vc_raw_html][vc_custom_heading text=\u00a0\u00bbGARDE-CORPS TOUT VERRE \/ GARDE-CORPS LIN\u00c9AIRES\u00a0\u00bb use_theme_fonts=\u00a0\u00bbyes\u00a0\u00bb el_class=\u00a0\u00bbtitle\u00a0\u00bb css=\u00a0\u00bb.vc_custom_1577051454988{margin-top: 0px !important;}\u00a0\u00bb][vc_column_text]Le syst\u00e8me de garde-corps CREA n&rsquo;a pas \u00e9t\u00e9 d\u00e9velopp\u00e9 sur la base d&rsquo;une technologie complexe mais simple et ing\u00e9nieuse, il r\u00e9pond \u00e0 tous \u00e9gards aux crit\u00e8res de qualit\u00e9 technique et aux exigences de s\u00e9curit\u00e9 requises. Le design \u00e9l\u00e9gant et la facilit\u00e9 de mise en oeuvre font des garde-corps CREA le syst\u00e8me haut de gamme pour les planificateurs et les artisans soucieux d&rsquo;une ex\u00e9cution rationnelle de qualit\u00e9.<\/p>\n<p>Le syst\u00e8me de serrage du verre CREALINE permet un montage uniforme en terme de pression lin\u00e9aire, sans contraintes locales ni casse ponctuelle impr\u00e9visible d\u00fbes \u00e0 des cales, des pinces ou des joints de r\u00e9glages parasites. De plus, le remplacement de verre ou la maintenance sont possible avec tr\u00e8s peu d&rsquo;effort et dans un temps record.[\/vc_column_text][\/vc_column][\/vc_row][vc_row full_width=\u00a0\u00bbstretch_row\u00a0\u00bb el_class=\u00a0\u00bbbackground-image-left\u00a0\u00bb][vc_column][vc_custom_heading text=\u00a0\u00bbGarde-corps en verre, montage lin\u00e9aire, r\u00e9sistance elastique\u00a0\u00bb use_theme_fonts=\u00a0\u00bbyes\u00a0\u00bb el_class=\u00a0\u00bbtitle\u00a0\u00bb][vc_row_inner css=\u00a0\u00bb.vc_custom_1544380361484{margin-bottom: 20px !important;}\u00a0\u00bb][vc_column_inner width=\u00a0\u00bb1\/3&Prime;][vc_single_image image=\u00a0\u00bb7710&Prime; img_size=\u00a0\u00bbfull\u00a0\u00bb alignment=\u00a0\u00bbcenter\u00a0\u00bb onclick=\u00a0\u00bbcustom_link\u00a0\u00bb link=\u00a0\u00bb\/fr\/produits\/crealine\/gg-1002\/\u00a0\u00bb css=\u00a0\u00bb.vc_custom_1579108694825{margin-bottom: 0px !important;}\u00a0\u00bb][vc_custom_heading text=\u00a0\u00bbGG-1002&Prime; font_container=\u00a0\u00bbtag:h3|text_align:center\u00a0\u00bb use_theme_fonts=\u00a0\u00bbyes\u00a0\u00bb link=\u00a0\u00bburl:%2Ffr%2Fproduits%2Fcrealine%2Fgg-1002%2F|title:GG-1002||\u00a0\u00bb][vc_column_text]<\/p>\n<p style=\"text-align: center;\">Profil de rail GG-1002 pour montage perpendiculaire sur la construction.<\/p>\n<p>[\/vc_column_text][\/vc_column_inner][vc_column_inner width=\u00a0\u00bb1\/3&Prime;][vc_single_image image=\u00a0\u00bb5896&Prime; img_size=\u00a0\u00bbfull\u00a0\u00bb alignment=\u00a0\u00bbcenter\u00a0\u00bb onclick=\u00a0\u00bbcustom_link\u00a0\u00bb link=\u00a0\u00bb\/fr\/produits\/crealine\/gg-1003\/\u00a0\u00bb css=\u00a0\u00bb.vc_custom_1554100588224{margin-bottom: 0px !important;}\u00a0\u00bb][vc_custom_heading text=\u00a0\u00bbGG-1003&Prime; font_container=\u00a0\u00bbtag:h3|text_align:center\u00a0\u00bb use_theme_fonts=\u00a0\u00bbyes\u00a0\u00bb link=\u00a0\u00bburl:%2Ffr%2Fproduits%2Fcrealine%2Fgg-1003%2F|title:GG-1003||\u00a0\u00bb][vc_column_text]<\/p>\n<p style=\"text-align: center;\">Profil de rail filigrane GG-1003 pour le montage en t\u00eate de dalle.<\/p>\n<p>[\/vc_column_text][\/vc_column_inner][vc_column_inner width=\u00a0\u00bb1\/3&Prime;][vc_single_image image=\u00a0\u00bb5898&Prime; img_size=\u00a0\u00bbfull\u00a0\u00bb alignment=\u00a0\u00bbcenter\u00a0\u00bb onclick=\u00a0\u00bbcustom_link\u00a0\u00bb link=\u00a0\u00bb\/fr\/produits\/crealine\/gg-1004\/\u00a0\u00bb css=\u00a0\u00bb.vc_custom_1554100598335{margin-bottom: 0px !important;}\u00a0\u00bb][vc_custom_heading text=\u00a0\u00bbGG-1004&Prime; font_container=\u00a0\u00bbtag:h3|text_align:center\u00a0\u00bb use_theme_fonts=\u00a0\u00bbyes\u00a0\u00bb link=\u00a0\u00bburl:%2Ffr%2Fproduits%2Fcrealine%2Fgg-1004%2F|title:GG-1004||\u00a0\u00bb][vc_column_text]<\/p>\n<p style=\"text-align: center;\">Profil de rail GG-1004 pour montage en applique sur la construction.<\/p>\n<p>[\/vc_column_text][\/vc_column_inner][\/vc_row_inner][vc_row_inner css=\u00a0\u00bb.vc_custom_1544380367615{margin-bottom: 20px !important;}\u00a0\u00bb][vc_column_inner width=\u00a0\u00bb1\/3&Prime;][vc_single_image image=\u00a0\u00bb5900&Prime; img_size=\u00a0\u00bbfull\u00a0\u00bb alignment=\u00a0\u00bbcenter\u00a0\u00bb onclick=\u00a0\u00bbcustom_link\u00a0\u00bb link=\u00a0\u00bb\/fr\/produits\/crealine\/gg-1005\/\u00a0\u00bb css=\u00a0\u00bb.vc_custom_1554100610471{margin-bottom: 0px !important;}\u00a0\u00bb][vc_custom_heading text=\u00a0\u00bbGG-1005&Prime; font_container=\u00a0\u00bbtag:h3|text_align:center\u00a0\u00bb use_theme_fonts=\u00a0\u00bbyes\u00a0\u00bb link=\u00a0\u00bburl:%2Ffr%2Fproduits%2Fcrealine%2Fgg-1005%2F|title:GG-1005||\u00a0\u00bb][vc_column_text]<\/p>\n<p style=\"text-align: center;\">Le profil de garde-corps GG-1005 permet une application dans toutes les positions sur le gros-\u0153uvre.<\/p>\n<p>[\/vc_column_text][\/vc_column_inner][vc_column_inner width=\u00a0\u00bb1\/3&Prime;][vc_single_image image=\u00a0\u00bb5902&Prime; img_size=\u00a0\u00bbfull\u00a0\u00bb alignment=\u00a0\u00bbcenter\u00a0\u00bb onclick=\u00a0\u00bbcustom_link\u00a0\u00bb link=\u00a0\u00bb\/fr\/produits\/crealine\/gg-1006\/\u00a0\u00bb css=\u00a0\u00bb.vc_custom_1554100620461{margin-bottom: 0px !important;}\u00a0\u00bb][vc_custom_heading text=\u00a0\u00bbGG-1006&Prime; font_container=\u00a0\u00bbtag:h3|text_align:center\u00a0\u00bb use_theme_fonts=\u00a0\u00bbyes\u00a0\u00bb link=\u00a0\u00bburl:%2Ffr%2Fproduits%2Fcrealine%2Fgg-1006%2F|title:GG-1006||\u00a0\u00bb][vc_column_text]<\/p>\n<p style=\"text-align: center;\">Profil de rail filigrane GG-1006 utilis\u00e9 comme r\u00e9haussement de parapet.<\/p>\n<p>[\/vc_column_text][vc_column_text el_class=\u00a0\u00bbhide new\u00a0\u00bb]NOUVEAU[\/vc_column_text][\/vc_column_inner][vc_column_inner width=\u00a0\u00bb1\/3&Prime;][vc_single_image image=\u00a0\u00bb5904&Prime; img_size=\u00a0\u00bbfull\u00a0\u00bb alignment=\u00a0\u00bbcenter\u00a0\u00bb onclick=\u00a0\u00bbcustom_link\u00a0\u00bb link=\u00a0\u00bb\/fr\/produits\/crealine\/gg-1007\/\u00a0\u00bb css=\u00a0\u00bb.vc_custom_1554100631141{margin-bottom: 0px !important;}\u00a0\u00bb][vc_custom_heading text=\u00a0\u00bbGG-1007&Prime; font_container=\u00a0\u00bbtag:h3|text_align:center\u00a0\u00bb use_theme_fonts=\u00a0\u00bbyes\u00a0\u00bb link=\u00a0\u00bburl:%2Ffr%2Fproduits%2Fcrealine%2Fgg-1007%2F|title:GG-1007||\u00a0\u00bb][vc_column_text]<\/p>\n<p style=\"text-align: center;\">Profil de rail GG-1007 pour montage en applique sur la construction, lin\u00e9airement ou contre une rampe d&rsquo;escalier.<\/p>\n<p>[\/vc_column_text][\/vc_column_inner][\/vc_row_inner][\/vc_column][\/vc_row][vc_row][vc_column][vc_custom_heading text=\u00a0\u00bbGALERIE\u00a0\u00bb use_theme_fonts=\u00a0\u00bbyes\u00a0\u00bb el_class=\u00a0\u00bbtitle\u00a0\u00bb][vc_masonry_media_grid gap=\u00a0\u00bb10&Prime; item=\u00a0\u00bbmasonryMedia_SimpleOverlay\u00a0\u00bb grid_id=\u00a0\u00bbvc_gid:1579108815480-ff69c86f-6c19-6&Prime; include=\u00a0\u00bb5455,5457,5458,5400,5830,5832,5834,5836,5838,5840,5844,5848,5860,5884,5922,5495,5934,5936,5948,5956,6008,6010,6020,6022,6042,6064,6068,6072,6078,6080,6086,6092,6096,6098,6106,6144,6150,6154,6162,6164,6166,6170,6184,6186,6190,6194,6200,6202,6238,6248,6282,6284,6302,6306,6310,6316,6328,6330,6332,6344,6346,6360,6370,6388,6392,6404,6406,6410,6416,6422,6472,6484,5342&Prime;][\/vc_column][\/vc_row]<\/p>\n<\/div>","protected":false},"excerpt":{"rendered":"<p>[vc_row full_width=\u00a0\u00bbstretch_row\u00a0\u00bb el_class=\u00a0\u00bbbackground-image-left\u00a0\u00bb][vc_column][vc_raw_html el_class=\u00a0\u00bbcrea-title\u00a0\u00bb css=\u00a0\u00bb.vc_custom_1544379669386{margin-top: 0px !important;}\u00a0\u00bb]PGRpdj48c3BhbiBzdHlsZT0iY29sb3I6ICNmZjAwMDA7Ij5DUkVBPC9zcGFuPkxJTkU8L2Rpdj4=[\/vc_raw_html][vc_custom_heading text=\u00a0\u00bbGARDE-CORPS TOUT VERRE \/ GARDE-CORPS LIN\u00c9AIRES\u00a0\u00bb use_theme_fonts=\u00a0\u00bbyes\u00a0\u00bb el_class=\u00a0\u00bbtitle\u00a0\u00bb css=\u00a0\u00bb.vc_custom_1577051454988{margin-top: 0px !important;}\u00a0\u00bb][vc_column_text]Le syst\u00e8me de garde-corps CREA n&rsquo;a pas \u00e9t\u00e9 d\u00e9velopp\u00e9 sur la base d&rsquo;une technologie complexe mais simple et ing\u00e9nieuse, il r\u00e9pond \u00e0 tous &hellip;<\/p>\n","protected":false},"author":5,"featured_media":0,"parent":5514,"menu_order":1,"comment_status":"closed","ping_status":"closed","template":"","meta":{"footnotes":""},"class_list":["post-6515","page","type-page","status-publish","hentry"],"_links":{"self":[{"href":"https:\/\/crearailing.com\/fr\/wp-json\/wp\/v2\/pages\/6515","targetHints":{"allow":["GET"]}}],"collection":[{"href":"https:\/\/crearailing.com\/fr\/wp-json\/wp\/v2\/pages"}],"about":[{"href":"https:\/\/crearailing.com\/fr\/wp-json\/wp\/v2\/types\/page"}],"author":[{"embeddable":true,"href":"https:\/\/crearailing.com\/fr\/wp-json\/wp\/v2\/users\/5"}],"replies":[{"embeddable":true,"href":"https:\/\/crearailing.com\/fr\/wp-json\/wp\/v2\/comments?post=6515"}],"version-history":[{"count":2,"href":"https:\/\/crearailing.com\/fr\/wp-json\/wp\/v2\/pages\/6515\/revisions"}],"predecessor-version":[{"id":7727,"href":"https:\/\/crearailing.com\/fr\/wp-json\/wp\/v2\/pages\/6515\/revisions\/7727"}],"up":[{"embeddable":true,"href":"https:\/\/crearailing.com\/fr\/wp-json\/wp\/v2\/pages\/5514"}],"wp:attachment":[{"href":"https:\/\/crearailing.com\/fr\/wp-json\/wp\/v2\/media?parent=6515"}],"curies":[{"name":"wp","href":"https:\/\/api.w.org\/{rel}","templated":true}]}}