{"id":6550,"date":"2019-04-01T10:28:08","date_gmt":"2019-04-01T10:28:08","guid":{"rendered":"https:\/\/crearailing.com\/produits\/crealine\/gg-1006\/"},"modified":"2020-08-25T11:02:09","modified_gmt":"2020-08-25T11:02:09","slug":"gg-1006","status":"publish","type":"page","link":"https:\/\/crearailing.com\/fr\/produits\/crealine\/gg-1006\/","title":{"rendered":"GG-1006"},"content":{"rendered":"<div class=\"wpb-content-wrapper\"><p>[vc_row full_width=\u00a0\u00bbstretch_row\u00a0\u00bb][vc_column][vc_raw_html el_class=\u00a0\u00bbcrea-title\u00a0\u00bb]PGRpdj48c3BhbiBzdHlsZT0iY29sb3I6ICNmZjAwMDA7Ij5DUkVBPC9zcGFuPkxJTkU8L2Rpdj4=[\/vc_raw_html][vc_row_inner][vc_column_inner width=\u00a0\u00bb2\/3&Prime;][vc_custom_heading text=\u00a0\u00bbGARDE-CORPS TOUT VERRE\u00a0\u00bb use_theme_fonts=\u00a0\u00bbyes\u00a0\u00bb el_class=\u00a0\u00bbtitle\u00a0\u00bb css=\u00a0\u00bb.vc_custom_1598350140802{margin-top: 0px !important;}\u00a0\u00bb][vc_column_text]Profil de rail filigrane GG-1006 utilis\u00e9 comme r\u00e9haussement de parapet.<\/p>\n<p>Il s&rsquo;agit d&rsquo;un rail lin\u00e9aire avec verre de s\u00e9curit\u00e9 libre, sans poteau, compos\u00e9 d\u2019un profil de r\u00e9ception en aluminium, le tout pouvant \u00eatre mont\u00e9 en t\u00eate de dalle. Le montage du verre s&rsquo;effectue par un profil en aluminium de serrage viss\u00e9 (sans colle et joint silicone). L&rsquo;application peut \u00eatre effectu\u00e9e avec ou sans main-courante. Le r\u00e9glage d\u2019alignement du verre est possible \u00e0 tout moment et sans enl\u00e8vement du verre.<\/p>\n<p>Le profil GG-1006 a une surface visible lisse. Avec une hauteur de profil de seulement 80 mm, le profil est visuellement tr\u00e8s fin. Sa faible dimension permet une construction l\u00e9g\u00e8re malgr\u00e9 une r\u00e9sistance \u00e9prouv\u00e9e, ce produit est particuli\u00e8rement int\u00e9ressant \u00e0 tous les niveaux, particuli\u00e8rement en terme de prix.[\/vc_column_text][\/vc_column_inner][vc_column_inner width=\u00a0\u00bb1\/3&Prime;][vc_single_image image=\u00a0\u00bb6508&Prime; img_size=\u00a0\u00bbfull\u00a0\u00bb alignment=\u00a0\u00bbcenter\u00a0\u00bb onclick=\u00a0\u00bblink_image\u00a0\u00bb][\/vc_column_inner][\/vc_row_inner][\/vc_column][\/vc_row][vc_row full_width=\u00a0\u00bbstretch_row\u00a0\u00bb][vc_column][vc_custom_heading text=\u00a0\u00bbDETAILS TECHNIQUES\u00a0\u00bb use_theme_fonts=\u00a0\u00bbyes\u00a0\u00bb el_class=\u00a0\u00bbtitle\u00a0\u00bb][vc_column_text]<\/p>\n<ul>\n<li>Mesures ext.: 52 x 80 mm<\/li>\n<li>Longueur d\u2019usine: Standard 6100 mm (livraison sur mesures \u00e0 la demande)<\/li>\n<li>\u00c9paisseurs des verres: 12-4 \/ 17-4<\/li>\n<li>Encrage du verre: 70 mm<\/li>\n<li>Vitrification \u00e0 sec<\/li>\n<li>Vis de r\u00e9glage<\/li>\n<li>R\u00e9sistance selon SIA: 0.8kN\/m et 1.6kN\/m<\/li>\n<\/ul>\n<p>[\/vc_column_text][\/vc_column][\/vc_row][vc_row full_width=\u00a0\u00bbstretch_row\u00a0\u00bb][vc_column][vc_custom_heading text=\u00a0\u00bbAVANTAGES DU SYSTEME\u00a0\u00bb use_theme_fonts=\u00a0\u00bbyes\u00a0\u00bb el_class=\u00a0\u00bbtitle\u00a0\u00bb][vc_column_text]<\/p>\n<ul>\n<li>Montage facile et rapide<\/li>\n<li>reprise des tol\u00e9rances du gros-oeuvre<\/li>\n<li>R\u00e9glage rapide de l\u2019aplomb<\/li>\n<li>Mise en place simplifi\u00e9e du verre<\/li>\n<li>Vitrification \u00e0 sec sans adh\u00e9rences<\/li>\n<li>Montage possible par tous les temps sans produit silicone ou colle<\/li>\n<li>Changement de verre possible rapidement \u00e0 tout moment<\/li>\n<li>R\u00e9glage fin de l\u2019alignement possible apr\u00e8s pose du verre<\/li>\n<li>Conseil, suivi et service assur\u00e9s<\/li>\n<li>D\u00e9bitage, usinage et traitement de surface possibles sur demande<\/li>\n<\/ul>\n<p>[\/vc_column_text][\/vc_column][\/vc_row][vc_row full_width=\u00a0\u00bbstretch_row\u00a0\u00bb][vc_column][vc_custom_heading text=\u00a0\u00bbPOSSIBILIT\u00c9S DE MONTAGE\u00a0\u00bb use_theme_fonts=\u00a0\u00bbyes\u00a0\u00bb el_class=\u00a0\u00bbtitle\u00a0\u00bb][vc_single_image image=\u00a0\u00bb4729&Prime; img_size=\u00a0\u00bbfull\u00a0\u00bb alignment=\u00a0\u00bbcenter\u00a0\u00bb onclick=\u00a0\u00bblink_image\u00a0\u00bb][\/vc_column][\/vc_row][vc_row full_width=\u00a0\u00bbstretch_row\u00a0\u00bb el_class=\u00a0\u00bbhide\u00a0\u00bb][vc_column][vc_custom_heading text=\u00a0\u00bbDISTANCE ENTRE FIXATIONS\u00a0\u00bb use_theme_fonts=\u00a0\u00bbyes\u00a0\u00bb el_class=\u00a0\u00bbtitle\u00a0\u00bb][vc_single_image image=\u00a0\u00bb5778&Prime; img_size=\u00a0\u00bbfull\u00a0\u00bb alignment=\u00a0\u00bbcenter\u00a0\u00bb][\/vc_column][\/vc_row][vc_row full_width=\u00a0\u00bbstretch_row\u00a0\u00bb][vc_column][vc_custom_heading text=\u00a0\u00bbSTATIQUE\u00a0\u00bb use_theme_fonts=\u00a0\u00bbyes\u00a0\u00bb el_class=\u00a0\u00bbtitle\u00a0\u00bb][vc_single_image image=\u00a0\u00bb4481&Prime; img_size=\u00a0\u00bbfull\u00a0\u00bb alignment=\u00a0\u00bbcenter\u00a0\u00bb onclick=\u00a0\u00bblink_image\u00a0\u00bb][vc_column_text]Nous pouvons d\u00e9velopper un produit propre \u00e0 vos besoins, n&rsquo;h\u00e9sitez pas \u00e0 nous consulter.[\/vc_column_text][\/vc_column][\/vc_row][vc_row full_width=\u00a0\u00bbstretch_row\u00a0\u00bb][vc_column][vc_custom_heading text=\u00a0\u00bbVID\u00c9O DE MONTAGE\u00a0\u00bb use_theme_fonts=\u00a0\u00bbyes\u00a0\u00bb el_class=\u00a0\u00bbtitle\u00a0\u00bb][vc_video link=\u00a0\u00bbhttps:\/\/youtu.be\/M5bhEYYHW5U\u00a0\u00bb align=\u00a0\u00bbcenter\u00a0\u00bb][\/vc_column][\/vc_row][vc_row css=\u00a0\u00bb.vc_custom_1554108174280{margin-bottom: 30px !important;}\u00a0\u00bb][vc_column][vc_custom_heading text=\u00a0\u00bbT\u00c9L\u00c9CHARGEMENTS\u00a0\u00bb use_theme_fonts=\u00a0\u00bbyes\u00a0\u00bb el_class=\u00a0\u00bbtitle\u00a0\u00bb][vc_empty_space height=\u00a0\u00bb1&Prime;]<a id='button-id-' target='_blank' href='\/wp-content\/uploads\/pdf\/crealine-gg-1006-drawings-1-1.pdf' class='btn btn-normal btn-lg' style='color: #ffffff;background-color: #020000'><i class='fa far fa-file-pdf'><\/i> CREALINE GG-1006 1:1<\/a><style>#button-id-:hover{color: #ffffff !important;background-color: #ff1e1e !important;}<\/style>[vc_empty_space height=\u00a0\u00bb10&Prime;]<a id='button-id-1' target='_blank' href='\/wp-content\/uploads\/pdf\/crealine-gg-1006-fr-textes-de-soumission.pdf' class='btn btn-normal btn-lg' style='color: #ffffff;background-color: #020000'><i class='fa far fa-file-pdf'><\/i> Textes de soumission<\/a><style>#button-id-1:hover{color: #ffffff !important;background-color: #ff1e1e !important;}<\/style>[vc_empty_space height=\u00a0\u00bb10&Prime;]<a id='button-id-2' target='_blank' href='\/wp-content\/uploads\/pdf\/crealine-gg-1006-fr-textes-d-appel-d-offres-supplementaires.pdf' class='btn btn-normal btn-lg' style='color: #ffffff;background-color: #020000'><i class='fa far fa-file-pdf'><\/i> Textes d\u2019appel d\u2019offres suppl\u00e9mentaires<\/a><style>#button-id-2:hover{color: #ffffff !important;background-color: #ff1e1e !important;}<\/style>[\/vc_column][\/vc_row][vc_row full_width=\u00a0\u00bbstretch_row\u00a0\u00bb][vc_column][vc_custom_heading text=\u00a0\u00bbGALERIE\u00a0\u00bb use_theme_fonts=\u00a0\u00bbyes\u00a0\u00bb el_class=\u00a0\u00bbtitle\u00a0\u00bb][vc_media_grid element_width=\u00a0\u00bb2&Prime; item=\u00a0\u00bbmediaGrid_ScaleInWithIcon\u00a0\u00bb grid_id=\u00a0\u00bbvc_gid:1598349989850-fecbd8e7-5860-4&Prime; include=\u00a0\u00bb5902,6508&Prime;][\/vc_column][\/vc_row]<\/p>\n<\/div>","protected":false},"excerpt":{"rendered":"<p>[vc_row full_width=\u00a0\u00bbstretch_row\u00a0\u00bb][vc_column][vc_raw_html el_class=\u00a0\u00bbcrea-title\u00a0\u00bb]PGRpdj48c3BhbiBzdHlsZT0iY29sb3I6ICNmZjAwMDA7Ij5DUkVBPC9zcGFuPkxJTkU8L2Rpdj4=[\/vc_raw_html][vc_row_inner][vc_column_inner width=\u00a0\u00bb2\/3&Prime;][vc_custom_heading text=\u00a0\u00bbGARDE-CORPS TOUT VERRE\u00a0\u00bb use_theme_fonts=\u00a0\u00bbyes\u00a0\u00bb el_class=\u00a0\u00bbtitle\u00a0\u00bb css=\u00a0\u00bb.vc_custom_1598350140802{margin-top: 0px !important;}\u00a0\u00bb][vc_column_text]Profil de rail filigrane GG-1006 utilis\u00e9 comme r\u00e9haussement de parapet. Il s&rsquo;agit d&rsquo;un rail lin\u00e9aire avec verre de s\u00e9curit\u00e9 libre, sans poteau, compos\u00e9 d\u2019un profil de r\u00e9ception en aluminium, &hellip;<\/p>\n","protected":false},"author":5,"featured_media":0,"parent":6515,"menu_order":5,"comment_status":"closed","ping_status":"closed","template":"","meta":{"footnotes":""},"class_list":["post-6550","page","type-page","status-publish","hentry"],"_links":{"self":[{"href":"https:\/\/crearailing.com\/fr\/wp-json\/wp\/v2\/pages\/6550","targetHints":{"allow":["GET"]}}],"collection":[{"href":"https:\/\/crearailing.com\/fr\/wp-json\/wp\/v2\/pages"}],"about":[{"href":"https:\/\/crearailing.com\/fr\/wp-json\/wp\/v2\/types\/page"}],"author":[{"embeddable":true,"href":"https:\/\/crearailing.com\/fr\/wp-json\/wp\/v2\/users\/5"}],"replies":[{"embeddable":true,"href":"https:\/\/crearailing.com\/fr\/wp-json\/wp\/v2\/comments?post=6550"}],"version-history":[{"count":11,"href":"https:\/\/crearailing.com\/fr\/wp-json\/wp\/v2\/pages\/6550\/revisions"}],"predecessor-version":[{"id":8856,"href":"https:\/\/crearailing.com\/fr\/wp-json\/wp\/v2\/pages\/6550\/revisions\/8856"}],"up":[{"embeddable":true,"href":"https:\/\/crearailing.com\/fr\/wp-json\/wp\/v2\/pages\/6515"}],"wp:attachment":[{"href":"https:\/\/crearailing.com\/fr\/wp-json\/wp\/v2\/media?parent=6550"}],"curies":[{"name":"wp","href":"https:\/\/api.w.org\/{rel}","templated":true}]}}