{"id":6893,"date":"2018-12-09T19:54:09","date_gmt":"2018-12-09T19:54:09","guid":{"rendered":"https:\/\/crearailing.com\/produits\/creativity\/"},"modified":"2020-03-06T10:22:04","modified_gmt":"2020-03-06T10:22:04","slug":"creativity","status":"publish","type":"page","link":"https:\/\/crearailing.com\/fr\/produits\/creativity\/","title":{"rendered":"CREATIVITY"},"content":{"rendered":"<div class=\"wpb-content-wrapper\"><p>[vc_row full_width=\u00a0\u00bbstretch_row\u00a0\u00bb el_class=\u00a0\u00bbbackground-image-left\u00a0\u00bb][vc_column][vc_raw_html el_class=\u00a0\u00bbcrea-title\u00a0\u00bb]PGRpdj48c3BhbiBzdHlsZT0iY29sb3I6ICNmZjAwMDA7Ij5DUkVBPC9zcGFuPlRJVklUWTwvZGl2Pg==[\/vc_raw_html][vc_custom_heading text=\u00a0\u00bbARCHITECTURE EN VERRE, INNOVATIONS, CONSTRUCTIONS SUR MESURES\u00a0\u00bb use_theme_fonts=\u00a0\u00bbyes\u00a0\u00bb el_class=\u00a0\u00bbtitle\u00a0\u00bb el_id=\u00a0\u00bbprodukt\u00a0\u00bb css=\u00a0\u00bb.vc_custom_1575948774757{margin-top: 0px !important;}\u00a0\u00bb][vc_column_text]Le verre est utilis\u00e9 \u00e0 de nombreux \u00e9gards comme mat\u00e9riau de construction dans l&rsquo;architecture moderne et devient de plus en plus pr\u00e9sent. Gr\u00e2ce aux progr\u00e8s en mati\u00e8re de d\u00e9veloppement, de fabrication et de mise au point, il r\u00e9pond \u00e9galement aux exigences de s\u00e9curit\u00e9 requises.<\/p>\n<p>Les architectes et concepteurs ont des id\u00e9es et des visions qui prennent des chemins parfois encore inexplor\u00e9s, CREA est votre PARTNER pour l&rsquo;innovation dans l&rsquo;architecture du verre. Nous r\u00e9pondons de mani\u00e8re fiable et v\u00e9rifi\u00e9e aux diff\u00e9rentes demandes en la mati\u00e8re.[\/vc_column_text][\/vc_column][\/vc_row][vc_row full_width=\u00a0\u00bbstretch_row\u00a0\u00bb el_class=\u00a0\u00bbbackground-image-left\u00a0\u00bb][vc_column][vc_row_inner][vc_column_inner width=\u00a0\u00bb1\/3&Prime;][vc_gallery type=\u00a0\u00bbnivo\u00a0\u00bb interval=\u00a0\u00bb0&Prime; images=\u00a0\u00bb7747,8092,8097,8102,8107,8112,8117,8122,8127,8132,8158&Prime; img_size=\u00a0\u00bbfull\u00a0\u00bb css=\u00a0\u00bb.vc_custom_1583489972774{margin-bottom: 5px !important;}\u00a0\u00bb][vc_custom_heading text=\u00a0\u00bbARCHITECTURE EN VERRE\u00a0\u00bb font_container=\u00a0\u00bbtag:h3|text_align:center\u00a0\u00bb use_theme_fonts=\u00a0\u00bbyes\u00a0\u00bb][vc_column_text el_class=\u00a0\u00bbtext\u00a0\u00bb]<\/p>\n<p style=\"text-align: center;\">ALL-VERRE FINISS<\/p>\n<p>[\/vc_column_text][\/vc_column_inner][vc_column_inner width=\u00a0\u00bb1\/3&Prime;][vc_gallery type=\u00a0\u00bbnivo\u00a0\u00bb interval=\u00a0\u00bb0&Prime; images=\u00a0\u00bb6685,6695,6700,6705,6710,6715,4504,4509,4529,6720,6725&Prime; img_size=\u00a0\u00bbfull\u00a0\u00bb css=\u00a0\u00bb.vc_custom_1575947286668{margin-bottom: 5px !important;}\u00a0\u00bb][vc_custom_heading text=\u00a0\u00bbPAROI PERSONNALIS\u00c9\u00c9\u00a0\u00bb font_container=\u00a0\u00bbtag:h3|text_align:center\u00a0\u00bb use_theme_fonts=\u00a0\u00bbyes\u00a0\u00bb][vc_column_text el_class=\u00a0\u00bbtext\u00a0\u00bb]<\/p>\n<p style=\"text-align: center;\">VERRE \/ Impression num\u00e9rique<br \/>\nParoi de protection avec garde-corps en verre \u00e0 fixations ponctuelles<\/p>\n<p>[\/vc_column_text][\/vc_column_inner][vc_column_inner width=\u00a0\u00bb1\/3&Prime;][vc_gallery type=\u00a0\u00bbnivo\u00a0\u00bb interval=\u00a0\u00bb0&Prime; images=\u00a0\u00bb6764,6769,6774,6779,6784,6789,6794,6799,6804,6809,6814,6819&Prime; img_size=\u00a0\u00bbfull\u00a0\u00bb css=\u00a0\u00bb.vc_custom_1575944720874{margin-bottom: 5px !important;}\u00a0\u00bb][vc_custom_heading text=\u00a0\u00bbPAROI ANTI-BRUIT\u00a0\u00bb font_container=\u00a0\u00bbtag:h3|text_align:center\u00a0\u00bb use_theme_fonts=\u00a0\u00bbyes\u00a0\u00bb][vc_column_text el_class=\u00a0\u00bbtext\u00a0\u00bb]<\/p>\n<p style=\"text-align: center;\">VERRE \/ S\u00e9rigraphie sur verre<br \/>\nParoi anti-bruit avec garde-corps en verre<\/p>\n<p>[\/vc_column_text][\/vc_column_inner][\/vc_row_inner][vc_row_inner][vc_column_inner width=\u00a0\u00bb1\/3&Prime;][vc_gallery type=\u00a0\u00bbnivo\u00a0\u00bb interval=\u00a0\u00bb0&Prime; images=\u00a0\u00bb6825,6830,6835,6840,6845,6850,6855,6860&Prime; img_size=\u00a0\u00bbfull\u00a0\u00bb css=\u00a0\u00bb.vc_custom_1575948606470{margin-bottom: 5px !important;}\u00a0\u00bb][vc_custom_heading text=\u00a0\u00bbPARE-VENT\u00a0\u00bb font_container=\u00a0\u00bbtag:h3|text_align:center\u00a0\u00bb use_theme_fonts=\u00a0\u00bbyes\u00a0\u00bb][vc_column_text el_class=\u00a0\u00bbtext\u00a0\u00bb]<\/p>\n<p style=\"text-align: center;\">VERRE<br \/>\nPare-vent avec garde-corps en verre<\/p>\n<p>[\/vc_column_text][\/vc_column_inner][vc_column_inner width=\u00a0\u00bb1\/3&Prime;][vc_gallery type=\u00a0\u00bbnivo\u00a0\u00bb interval=\u00a0\u00bb0&Prime; images=\u00a0\u00bb6866,6871,6876&Prime; img_size=\u00a0\u00bbfull\u00a0\u00bb css=\u00a0\u00bb.vc_custom_1575944730559{margin-bottom: 5px !important;}\u00a0\u00bb][vc_custom_heading text=\u00a0\u00bbCRASH-VERRE\u00a0\u00bb font_container=\u00a0\u00bbtag:h3|text_align:center\u00a0\u00bb use_theme_fonts=\u00a0\u00bbyes\u00a0\u00bb][vc_column_text el_class=\u00a0\u00bbtext\u00a0\u00bb]<\/p>\n<p style=\"text-align: center;\">GARDE-CORPS AVEC VERRE BRIS\u00c9<\/p>\n<p>[\/vc_column_text][\/vc_column_inner][vc_column_inner width=\u00a0\u00bb1\/3&Prime;][vc_gallery type=\u00a0\u00bbnivo\u00a0\u00bb interval=\u00a0\u00bb0&Prime; images=\u00a0\u00bb6094,6092,6096,6098,6100,6102,5878&Prime; img_size=\u00a0\u00bbfull\u00a0\u00bb css=\u00a0\u00bb.vc_custom_1575944735309{margin-bottom: 5px !important;}\u00a0\u00bb][vc_custom_heading text=\u00a0\u00bbVERRES CEINTR\u00c9S\u00a0\u00bb font_container=\u00a0\u00bbtag:h3|text_align:center\u00a0\u00bb use_theme_fonts=\u00a0\u00bbyes\u00a0\u00bb][vc_column_text el_class=\u00a0\u00bbtext\u00a0\u00bb]<\/p>\n<p style=\"text-align: center;\">GARDE-CORPS TOUT VERRE<\/p>\n<p>[\/vc_column_text][\/vc_column_inner][\/vc_row_inner][\/vc_column][\/vc_row][vc_row full_width=\u00a0\u00bbstretch_row\u00a0\u00bb el_class=\u00a0\u00bbbackground-image-left\u00a0\u00bb][vc_column][vc_column_text]Nous d\u00e9veloppons et innovons \u00e9galement nos produits de mani\u00e8re \u00e0 rendre possible l&rsquo;impossible tout en respectant les r\u00e8gles de base en mati\u00e8re de s\u00e9curit\u00e9 de l&rsquo;utilisateur et de s\u00e9curit\u00e9 structurelle.<\/p>\n<blockquote>\n<p>LE BON PRARTENAIRE POUR UNE SOLUTION OPTIMALE OUVRANT LA VOIE \u00c0 VOS ID\u00c9\u00c9S!<\/p>\n<\/blockquote>\n<p>Si vous \u00eates int\u00e9ress\u00e9, contactez-nous sans engagement.<br \/>\nNous sommes toujours \u00e0 votre service et pouvons vous donner des conseils et un soutien sp\u00e9cifiques.[\/vc_column_text][\/vc_column][\/vc_row]<\/p>\n<\/div>","protected":false},"excerpt":{"rendered":"<p>[vc_row full_width=\u00a0\u00bbstretch_row\u00a0\u00bb el_class=\u00a0\u00bbbackground-image-left\u00a0\u00bb][vc_column][vc_raw_html el_class=\u00a0\u00bbcrea-title\u00a0\u00bb]PGRpdj48c3BhbiBzdHlsZT0iY29sb3I6ICNmZjAwMDA7Ij5DUkVBPC9zcGFuPlRJVklUWTwvZGl2Pg==[\/vc_raw_html][vc_custom_heading text=\u00a0\u00bbARCHITECTURE EN VERRE, INNOVATIONS, CONSTRUCTIONS SUR MESURES\u00a0\u00bb use_theme_fonts=\u00a0\u00bbyes\u00a0\u00bb el_class=\u00a0\u00bbtitle\u00a0\u00bb el_id=\u00a0\u00bbprodukt\u00a0\u00bb css=\u00a0\u00bb.vc_custom_1575948774757{margin-top: 0px !important;}\u00a0\u00bb][vc_column_text]Le verre est utilis\u00e9 \u00e0 de nombreux \u00e9gards comme mat\u00e9riau de construction dans l&rsquo;architecture moderne et devient de plus en plus pr\u00e9sent. Gr\u00e2ce aux &hellip;<\/p>\n","protected":false},"author":5,"featured_media":0,"parent":5514,"menu_order":6,"comment_status":"closed","ping_status":"closed","template":"","meta":{"footnotes":""},"class_list":["post-6893","page","type-page","status-publish","hentry"],"_links":{"self":[{"href":"https:\/\/crearailing.com\/fr\/wp-json\/wp\/v2\/pages\/6893","targetHints":{"allow":["GET"]}}],"collection":[{"href":"https:\/\/crearailing.com\/fr\/wp-json\/wp\/v2\/pages"}],"about":[{"href":"https:\/\/crearailing.com\/fr\/wp-json\/wp\/v2\/types\/page"}],"author":[{"embeddable":true,"href":"https:\/\/crearailing.com\/fr\/wp-json\/wp\/v2\/users\/5"}],"replies":[{"embeddable":true,"href":"https:\/\/crearailing.com\/fr\/wp-json\/wp\/v2\/comments?post=6893"}],"version-history":[{"count":2,"href":"https:\/\/crearailing.com\/fr\/wp-json\/wp\/v2\/pages\/6893\/revisions"}],"predecessor-version":[{"id":8162,"href":"https:\/\/crearailing.com\/fr\/wp-json\/wp\/v2\/pages\/6893\/revisions\/8162"}],"up":[{"embeddable":true,"href":"https:\/\/crearailing.com\/fr\/wp-json\/wp\/v2\/pages\/5514"}],"wp:attachment":[{"href":"https:\/\/crearailing.com\/fr\/wp-json\/wp\/v2\/media?parent=6893"}],"curies":[{"name":"wp","href":"https:\/\/api.w.org\/{rel}","templated":true}]}}