{"id":7102,"date":"2018-12-09T19:54:34","date_gmt":"2018-12-09T19:54:34","guid":{"rendered":"https:\/\/crearailing.com\/produits\/crea-led\/"},"modified":"2020-03-06T10:33:53","modified_gmt":"2020-03-06T10:33:53","slug":"crea-led","status":"publish","type":"page","link":"https:\/\/crearailing.com\/fr\/produits\/crea-led\/","title":{"rendered":"CREA-LED"},"content":{"rendered":"<div class=\"wpb-content-wrapper\"><p>[vc_row full_width=\u00a0\u00bbstretch_row\u00a0\u00bb el_class=\u00a0\u00bbbackground-image-left\u00a0\u00bb][vc_column][vc_raw_html el_class=\u00a0\u00bbcrea-title\u00a0\u00bb]PGRpdj48c3BhbiBzdHlsZT0iY29sb3I6ICNmZjAwMDA7Ij5DUkVBPC9zcGFuPi1MRUQ8L2Rpdj4=[\/vc_raw_html][vc_custom_heading text=\u00a0\u00bbHIGH TECH IN GLASS\u00a0\u00bb use_theme_fonts=\u00a0\u00bbyes\u00a0\u00bb el_class=\u00a0\u00bbtitle\u00a0\u00bb css=\u00a0\u00bb.vc_custom_1583490785558{margin-top: 0px !important;}\u00a0\u00bb][vc_column_text]LED&rsquo;s int\u00e9gr\u00e9s dans le verre, sans c\u00e2bles ni connexions visibles. Technologie du futur! Le d\u00e9veloppement de la technologie d&rsquo;\u00e9clairage LED a permis de connecter sans c\u00e2ble le verre et la lumi\u00e8re et de cr\u00e9er ainsi des effets d&rsquo;\u00e9clairage fascinants. Les diodes \u00e9lectroluminescentes (LED) mont\u00e9es dans le verre composite en r\u00e9sine coul\u00e9e en deux parties sont aliment\u00e9es en \u00e9nergie \u00e9lectrique par des pistes conductrices de la surface vitr\u00e9e int\u00e9rieure. Le nombre et la distance de la LED peuvent \u00eatre presque arbitraires. Avec un c\u00e2ble de connexion, l&rsquo;\u00e9nergie est achemin\u00e9e via une bande de contact sur les deux ar\u00eates horizontales de verre. L&rsquo;alimentation est fournie via un adaptateur d&rsquo;alimentation externe.[\/vc_column_text][vc_column_text]Les diodes \u00e9lectroluminescentes dans un composite de r\u00e9sine coul\u00e9e offrent un certain nombre d&rsquo;avantages:<\/p>\n<ul>\n<li>Peut \u00eatre plac\u00e9 presque partout dans le verre composite<\/li>\n<li>Alimentation sans filn<\/li>\n<li>Lumi\u00e8re rayonnant des deux c\u00f4t\u00e9s<\/li>\n<li>Faible consommation d&rsquo;\u00e9nergie<\/li>\n<li>Presque aucun d\u00e9veloppement de chaleur<\/li>\n<li>Prot\u00e9g\u00e9 dans le verre composite<\/li>\n<\/ul>\n<p>[\/vc_column_text][vc_column_text]Si vous \u00eates int\u00e9ress\u00e9, contactez-nous sans engagement. Nous sommes toujours \u00e0 votre service et pouvons vous donner des conseils et un soutien sp\u00e9cifiques.[\/vc_column_text][\/vc_column][\/vc_row][vc_row][vc_column][vc_custom_heading text=\u00a0\u00bbDONN\u00c9ES TECHNIQUES\u00a0\u00bb use_theme_fonts=\u00a0\u00bbyes\u00a0\u00bb el_class=\u00a0\u00bbtitle\u00a0\u00bb][vc_column_text]Dimension:<br \/>\n&#8211; max dimension de verre: 1200 x 3200 mm<\/p>\n<p>Epaisseur de verre:<br \/>\n&#8211; Verre de protection de 4 ou 6mm, disponible en verre durci, tremp\u00e9, float ou extra-blanc, compos\u00e9 avec verre feuillet\u00e9 ou tremp\u00e9, \u00e9galement possible avec verre isolant.<\/p>\n<p>R\u00e9sine composite:<br \/>\n&#8211; Stratifi\u00e9 en r\u00e9sine coul\u00e9e, 2 mm<\/p>\n<p>Couleur des LED&rsquo;s:<br \/>\n&#8211; blanc (standart), blanc chaud, rouge, bleu et vert<\/p>\n<p>Programmation et animation possible sur demande<\/p>\n<p>Bloc d&rsquo;alimentation, tension de sortie selon mod\u00e8le 12\/24\/48 VDC<\/p>\n<p>Application:<br \/>\n&#8211; int\u00e9rieure ou ext\u00e9rieure[\/vc_column_text][\/vc_column][\/vc_row][vc_row full_width=\u00a0\u00bbstretch_row\u00a0\u00bb el_class=\u00a0\u00bbbackground-image-left\u00a0\u00bb][vc_column][vc_custom_heading text=\u00a0\u00bbVID\u00c9OS\u00a0\u00bb use_theme_fonts=\u00a0\u00bbyes\u00a0\u00bb el_class=\u00a0\u00bbtitle\u00a0\u00bb][vc_row_inner][vc_column_inner width=\u00a0\u00bb1\/2&Prime;][vc_video link=\u00a0\u00bbhttps:\/\/youtu.be\/O_tFMv5BqMk\u00a0\u00bb][\/vc_column_inner][vc_column_inner width=\u00a0\u00bb1\/2&Prime;][vc_video link=\u00a0\u00bbhttps:\/\/youtu.be\/gDHwUsU_Q4w\u00a0\u00bb][\/vc_column_inner][\/vc_row_inner][vc_row_inner][vc_column_inner width=\u00a0\u00bb1\/2&Prime;][vc_video link=\u00a0\u00bbhttps:\/\/youtu.be\/RlSahdyNzy0&Prime;][\/vc_column_inner][vc_column_inner width=\u00a0\u00bb1\/2&Prime;][vc_video link=\u00a0\u00bbhttps:\/\/youtu.be\/59FpIAWCaAQ\u00a0\u00bb][\/vc_column_inner][\/vc_row_inner][\/vc_column][\/vc_row][vc_row][vc_column][vc_custom_heading text=\u00a0\u00bbGALERIE\u00a0\u00bb use_theme_fonts=\u00a0\u00bbyes\u00a0\u00bb el_class=\u00a0\u00bbtitle\u00a0\u00bb][vc_media_grid element_width=\u00a0\u00bb2&Prime; item=\u00a0\u00bbmediaGrid_ScaleInWithIcon\u00a0\u00bb grid_id=\u00a0\u00bbvc_gid:1583490776514-ad8b3e96-270a-3&Prime; include=\u00a0\u00bb6931,6936,6941,6946,6951,6956,6961,6966,6971,6976,6981,6986,6991,6996,7001,7006,7011,7016,7021,7026,7031,7036,7041,7046,7051,7056,7061,7066,7071,7076,7081,7086,7091&Prime;][\/vc_column][\/vc_row]<\/p>\n<\/div>","protected":false},"excerpt":{"rendered":"<p>[vc_row full_width=\u00a0\u00bbstretch_row\u00a0\u00bb el_class=\u00a0\u00bbbackground-image-left\u00a0\u00bb][vc_column][vc_raw_html el_class=\u00a0\u00bbcrea-title\u00a0\u00bb]PGRpdj48c3BhbiBzdHlsZT0iY29sb3I6ICNmZjAwMDA7Ij5DUkVBPC9zcGFuPi1MRUQ8L2Rpdj4=[\/vc_raw_html][vc_custom_heading text=\u00a0\u00bbHIGH TECH IN GLASS\u00a0\u00bb use_theme_fonts=\u00a0\u00bbyes\u00a0\u00bb el_class=\u00a0\u00bbtitle\u00a0\u00bb css=\u00a0\u00bb.vc_custom_1583490785558{margin-top: 0px !important;}\u00a0\u00bb][vc_column_text]LED&rsquo;s int\u00e9gr\u00e9s dans le verre, sans c\u00e2bles ni connexions visibles. Technologie du futur! Le d\u00e9veloppement de la technologie d&rsquo;\u00e9clairage LED a permis de connecter sans c\u00e2ble le verre &hellip;<\/p>\n","protected":false},"author":5,"featured_media":0,"parent":5514,"menu_order":7,"comment_status":"closed","ping_status":"closed","template":"","meta":{"footnotes":""},"class_list":["post-7102","page","type-page","status-publish","hentry"],"_links":{"self":[{"href":"https:\/\/crearailing.com\/fr\/wp-json\/wp\/v2\/pages\/7102","targetHints":{"allow":["GET"]}}],"collection":[{"href":"https:\/\/crearailing.com\/fr\/wp-json\/wp\/v2\/pages"}],"about":[{"href":"https:\/\/crearailing.com\/fr\/wp-json\/wp\/v2\/types\/page"}],"author":[{"embeddable":true,"href":"https:\/\/crearailing.com\/fr\/wp-json\/wp\/v2\/users\/5"}],"replies":[{"embeddable":true,"href":"https:\/\/crearailing.com\/fr\/wp-json\/wp\/v2\/comments?post=7102"}],"version-history":[{"count":2,"href":"https:\/\/crearailing.com\/fr\/wp-json\/wp\/v2\/pages\/7102\/revisions"}],"predecessor-version":[{"id":8173,"href":"https:\/\/crearailing.com\/fr\/wp-json\/wp\/v2\/pages\/7102\/revisions\/8173"}],"up":[{"embeddable":true,"href":"https:\/\/crearailing.com\/fr\/wp-json\/wp\/v2\/pages\/5514"}],"wp:attachment":[{"href":"https:\/\/crearailing.com\/fr\/wp-json\/wp\/v2\/media?parent=7102"}],"curies":[{"name":"wp","href":"https:\/\/api.w.org\/{rel}","templated":true}]}}