{"id":7137,"date":"2018-12-09T19:54:59","date_gmt":"2018-12-09T19:54:59","guid":{"rendered":"https:\/\/crearailing.com\/produits\/crea-glass\/"},"modified":"2020-03-06T10:35:50","modified_gmt":"2020-03-06T10:35:50","slug":"crea-glass","status":"publish","type":"page","link":"https:\/\/crearailing.com\/fr\/produits\/crea-glass\/","title":{"rendered":"CREA-GLASS"},"content":{"rendered":"<div class=\"wpb-content-wrapper\"><p>[vc_row full_width=\u00a0\u00bbstretch_row\u00a0\u00bb el_class=\u00a0\u00bbbackground-image-left\u00a0\u00bb][vc_column][vc_raw_html el_class=\u00a0\u00bbcrea-title\u00a0\u00bb]PGRpdj48c3BhbiBzdHlsZT0iY29sb3I6ICNmZjAwMDA7Ij5DUkVBPC9zcGFuPi1HTEFTUzwvZGl2Pg==[\/vc_raw_html][vc_custom_heading text=\u00a0\u00bbDU VERRE POUR TOUTES LES SITUATIONS\u00a0\u00bb use_theme_fonts=\u00a0\u00bbyes\u00a0\u00bb el_class=\u00a0\u00bbtitle\u00a0\u00bb css=\u00a0\u00bb.vc_custom_1577031465386{margin-top: 0px !important;}\u00a0\u00bb][vc_column_text]L&rsquo;entreprise CREA peut vous fournir tous types de verres et ce, ind\u00e9pendamment des produits de notre assortiment. Qu&rsquo;il s&rsquo;agisse de verres simples, blind\u00e9s, de protection solaire, isolants, phoniques ou avec un design particulier, chez nous vous trouverez pour chaque projet un produit adapt\u00e9. Gr\u00e2ce \u00e0 de nombreuses ann\u00e9es de partenariat avec les meilleurs transformateurs de verre du secteur nous avons aujourd&rsquo;hui un excellent r\u00e9seau en mati\u00e8re de sp\u00e9cialit\u00e9s et de d\u00e9veloppements techniques.<\/p>\n<p>Besoin de conseils techniques sur les produits verriers?N&rsquo;h\u00e9sitez pas \u00e0 nous contacter, nous nous ferons un plaisir de vous aider.[\/vc_column_text][\/vc_column][\/vc_row][vc_row full_width=\u00a0\u00bbstretch_row\u00a0\u00bb el_class=\u00a0\u00bbbackground-image-left\u00a0\u00bb][vc_column][vc_custom_heading text=\u00a0\u00bbVERRE DE D\u00c9CORATION\u00a0\u00bb use_theme_fonts=\u00a0\u00bbyes\u00a0\u00bb el_class=\u00a0\u00bbtitle\u00a0\u00bb][vc_row_inner][vc_column_inner width=\u00a0\u00bb1\/3&Prime;][vc_gallery type=\u00a0\u00bbnivo\u00a0\u00bb interval=\u00a0\u00bb0&Prime; images=\u00a0\u00bb7999,8004,8009,8014&Prime; img_size=\u00a0\u00bbfull\u00a0\u00bb css=\u00a0\u00bb.vc_custom_1583229622667{margin-bottom: 5px !important;}\u00a0\u00bb][vc_custom_heading text=\u00a0\u00bbFILM OPAQUES\u00a0\u00bb font_container=\u00a0\u00bbtag:h3|text_align:center\u00a0\u00bb use_theme_fonts=\u00a0\u00bbyes\u00a0\u00bb][\/vc_column_inner][vc_column_inner width=\u00a0\u00bb1\/3&Prime;][vc_single_image image=\u00a0\u00bb5680&Prime; img_size=\u00a0\u00bbfull\u00a0\u00bb alignment=\u00a0\u00bbcenter\u00a0\u00bb onclick=\u00a0\u00bblink_image\u00a0\u00bb css=\u00a0\u00bb.vc_custom_1554120781070{margin-bottom: 0px !important;}\u00a0\u00bb][vc_custom_heading text=\u00a0\u00bbFILM TRANSPARENT\u00a0\u00bb font_container=\u00a0\u00bbtag:h3|text_align:center\u00a0\u00bb use_theme_fonts=\u00a0\u00bbyes\u00a0\u00bb][\/vc_column_inner][vc_column_inner width=\u00a0\u00bb1\/3&Prime;][vc_gallery type=\u00a0\u00bbnivo\u00a0\u00bb interval=\u00a0\u00bb0&Prime; images=\u00a0\u00bb7975,7980,7985,7990&Prime; img_size=\u00a0\u00bbfull\u00a0\u00bb css=\u00a0\u00bb.vc_custom_1583224972667{margin-bottom: 5px !important;}\u00a0\u00bb][vc_custom_heading text=\u00a0\u00bbFILMS DE COULEUR\u00a0\u00bb font_container=\u00a0\u00bbtag:h3|text_align:center\u00a0\u00bb use_theme_fonts=\u00a0\u00bbyes\u00a0\u00bb][\/vc_column_inner][\/vc_row_inner][vc_empty_space height=\u00a0\u00bb30px\u00a0\u00bb][vc_row_inner][vc_column_inner width=\u00a0\u00bb1\/3&Prime;][vc_single_image image=\u00a0\u00bb5680&Prime; img_size=\u00a0\u00bbfull\u00a0\u00bb alignment=\u00a0\u00bbcenter\u00a0\u00bb onclick=\u00a0\u00bblink_image\u00a0\u00bb css=\u00a0\u00bb.vc_custom_1554120781070{margin-bottom: 0px !important;}\u00a0\u00bb][vc_custom_heading text=\u00a0\u00bb\u00c9MAILLAGE\u00a0\u00bb font_container=\u00a0\u00bbtag:h3|text_align:center\u00a0\u00bb use_theme_fonts=\u00a0\u00bbyes\u00a0\u00bb][\/vc_column_inner][vc_column_inner width=\u00a0\u00bb1\/3&Prime;][vc_single_image image=\u00a0\u00bb6700&Prime; img_size=\u00a0\u00bbfull\u00a0\u00bb alignment=\u00a0\u00bbcenter\u00a0\u00bb onclick=\u00a0\u00bblink_image\u00a0\u00bb css=\u00a0\u00bb.vc_custom_1577027240596{margin-bottom: 0px !important;}\u00a0\u00bb][vc_custom_heading text=\u00a0\u00bbIMPRESSION NUM\u00c9RIQUE SUR FILM\u00a0\u00bb font_container=\u00a0\u00bbtag:h3|text_align:center\u00a0\u00bb use_theme_fonts=\u00a0\u00bbyes\u00a0\u00bb][\/vc_column_inner][vc_column_inner width=\u00a0\u00bb1\/3&Prime;][vc_gallery type=\u00a0\u00bbnivo\u00a0\u00bb interval=\u00a0\u00bb0&Prime; images=\u00a0\u00bb8023,8028,8033,8038,8043,8048,8053,8058,8063,8068,8073,8078&Prime; img_size=\u00a0\u00bbfull\u00a0\u00bb css=\u00a0\u00bb.vc_custom_1583230667160{margin-bottom: 5px !important;}\u00a0\u00bb][vc_custom_heading text=\u00a0\u00bbS\u00c9RIGRAPHIE SUR VERRE\u00a0\u00bb font_container=\u00a0\u00bbtag:h3|text_align:center\u00a0\u00bb use_theme_fonts=\u00a0\u00bbyes\u00a0\u00bb][\/vc_column_inner][\/vc_row_inner][vc_empty_space height=\u00a0\u00bb30px\u00a0\u00bb][\/vc_column][\/vc_row][vc_row full_width=\u00a0\u00bbstretch_row\u00a0\u00bb el_class=\u00a0\u00bbbackground-image-left\u00a0\u00bb][vc_column][vc_custom_heading text=\u00a0\u00bbTYPES DE VERRE EN UN CLIN D&rsquo;\u0152IL\u00a0\u00bb use_theme_fonts=\u00a0\u00bbyes\u00a0\u00bb el_class=\u00a0\u00bbtitle\u00a0\u00bb][vc_column_text]<strong>Verre simple<\/strong><br \/>\n&#8211; Verre float standart, verre float extra blanc, verre float teint\u00e9, verre structur\u00e9, verre coul\u00e9, verre trait\u00e9 \u00e0 l&rsquo;acide et tous les verre sp\u00e9cialis\u00e9, verre teint\u00e9 bronze \/ gris \/ vert<\/p>\n<p><strong>Verre feuillet\u00e9 VSG<\/strong><br \/>\n&#8211; avec film en PVB, SentryGlas (SG5000), ExtraStrong (DG41), divers films (de couleur, translucide, opaque, imprim\u00e9) film phonique, film Vanceva<\/p>\n<p><strong>Verre tremp\u00e9 ESG<\/strong><br \/>\n&#8211; avec test \u00ab\u00a0Heat-Soak\u00a0\u00bb<\/p>\n<p><strong>Verre float durci TVG<\/strong><\/p>\n<p><strong>Verre isolant ISO<\/strong><br \/>\n&#8211; compositions en double et triple verre<\/p>\n<p><strong>Verre anti-feux<\/strong><br \/>\n&#8211; E30, E60, EI30 and EI60<\/p>\n<p><strong>Verre en fonteVerre de constructions<\/strong><br \/>\n&#8211; Verre bomb\u00e9<\/p>\n<p><strong>Traitements et ex\u00e9cutions:<\/strong><br \/>\n&#8211; S\u00e9rigraphi\u00e9, \u00e9maill\u00e9, satin\u00e9, ar\u00eates abattues<br \/>\n&#8211; Ar\u00eates abattues, bords polis<br \/>\n&#8211; Per\u00e7age cylindrique, per\u00e7age frais\u00e9, encochage etc.[\/vc_column_text][\/vc_column][\/vc_row][vc_row full_width=\u00a0\u00bbstretch_row\u00a0\u00bb el_class=\u00a0\u00bbbackground-image-left\u00a0\u00bb][vc_column][vc_custom_heading text=\u00a0\u00bbADRESSES IMPORTANTES EN MATI\u00c8RE DE VERRE\u00a0\u00bb use_theme_fonts=\u00a0\u00bbyes\u00a0\u00bb el_class=\u00a0\u00bbtitle\u00a0\u00bb][vc_row_inner el_class=\u00a0\u00bbdescription\u00a0\u00bb css=\u00a0\u00bb.vc_custom_1554130667936{margin-bottom: 30px !important;}\u00a0\u00bb][vc_column_inner width=\u00a0\u00bb1\/3&Prime;][vc_single_image image=\u00a0\u00bb5906&Prime; img_size=\u00a0\u00bbfull\u00a0\u00bb alignment=\u00a0\u00bbcenter\u00a0\u00bb onclick=\u00a0\u00bbcustom_link\u00a0\u00bb css=\u00a0\u00bb.vc_custom_1554129287573{margin-bottom: 0px !important;}\u00a0\u00bb link=\u00a0\u00bbhttp:\/\/sigab.ch\u00a0\u00bb][vc_custom_heading text=\u00a0\u00bbSIGAB\u00a0\u00bb font_container=\u00a0\u00bbtag:h3|text_align:center\u00a0\u00bb use_theme_fonts=\u00a0\u00bbyes\u00a0\u00bb][vc_column_text css=\u00a0\u00bb.vc_custom_1577017117772{margin-bottom: 10px !important;}\u00a0\u00bb]Institut Suisse du verre dans le b\u00e2timent<br \/>\n<a href=\"http:\/\/www.sigab.ch\/\" target=\"_blank\" rel=\"noopener noreferrer\">http:\/\/www.sigab.ch<\/a><br \/>\n<a href=\"http:\/\/www.glas-termin.ch\/\" target=\"_blank\" rel=\"noopener noreferrer\">http:\/\/www.glas-termin.ch<\/a>[\/vc_column_text]<button id='button-id-' class='btn btn-normal btn-lg' style='color: #ffffff;background-color: #000000'><i class='fa fa fa-file-pdf-o'><\/i> PDF SIGAB<\/button><style>#button-id-:hover{color: #ffffff !important;background-color: #ff1e1e !important;}<\/style>[\/vc_column_inner][vc_column_inner width=\u00a0\u00bb1\/3&Prime;][vc_single_image image=\u00a0\u00bb5908&Prime; img_size=\u00a0\u00bbfull\u00a0\u00bb alignment=\u00a0\u00bbcenter\u00a0\u00bb onclick=\u00a0\u00bbcustom_link\u00a0\u00bb css=\u00a0\u00bb.vc_custom_1554129217826{margin-bottom: 0px !important;}\u00a0\u00bb link=\u00a0\u00bbhttps:\/\/www.bfu.ch\u00a0\u00bb][vc_custom_heading text=\u00a0\u00bbbpa\u00a0\u00bb font_container=\u00a0\u00bbtag:h3|text_align:center\u00a0\u00bb use_theme_fonts=\u00a0\u00bbyes\u00a0\u00bb][vc_column_text css=\u00a0\u00bb.vc_custom_1577017170845{margin-bottom: 10px !important;}\u00a0\u00bb]Bureau de pr\u00e9vention des accidents<br \/>\n<a href=\"https:\/\/www.bfu.ch\/fr\" target=\"_blank\" rel=\"noopener noreferrer\">https:\/\/www.bfu.ch\/fr<\/a>[\/vc_column_text]<a id='button-id-1' target='_blank' href='\/wp-content\/uploads\/pdf\/bpa-fr.pdf' class='btn btn-normal btn-lg' style='color: #ffffff;background-color: #000000'><i class='fa fa fa-file-pdf-o'><\/i> PDF BPA<\/a><style>#button-id-1:hover{color: #ffffff !important;background-color: #ff1e1e !important;}<\/style>[\/vc_column_inner][vc_column_inner width=\u00a0\u00bb1\/3&Prime;][vc_single_image image=\u00a0\u00bb5910&Prime; img_size=\u00a0\u00bbfull\u00a0\u00bb alignment=\u00a0\u00bbcenter\u00a0\u00bb onclick=\u00a0\u00bbcustom_link\u00a0\u00bb css=\u00a0\u00bb.vc_custom_1554129335469{margin-bottom: 0px !important;}\u00a0\u00bb link=\u00a0\u00bbhttps:\/\/www.vogelwarte.ch\u00a0\u00bb][vc_custom_heading text=\u00a0\u00bbPROTECTION DES OISEAUX\u00a0\u00bb font_container=\u00a0\u00bbtag:h3|text_align:center\u00a0\u00bb use_theme_fonts=\u00a0\u00bbyes\u00a0\u00bb][vc_column_text css=\u00a0\u00bb.vc_custom_1577017391272{margin-bottom: 10px !important;}\u00a0\u00bb]Vogelwarte Sempach<br \/>\n<a href=\"https:\/\/vogelglas.vogelwarte.ch\" target=\"_blank\" rel=\"noopener noreferrer\">https:\/\/vogelglas.vogelwarte.ch<\/a><br \/>\n<a href=\"https:\/\/www.vogelwarte.ch\/fr\/oiseaux\/conseils\/danger-pour-les-oiseaux\/oiseaux-et-vitres-eviter-les-collisions\" target=\"_blank\" rel=\"noopener noreferrer\">https:\/\/www.vogelwarte.ch<\/a>[\/vc_column_text]<a id='button-id-2' target='_blank' href='\/wp-content\/uploads\/pdf\/vogelwarte-sempach-fr.pdf' class='btn btn-normal btn-lg' style='color: #ffffff;background-color: #000000'><i class='fa fa fa-file-pdf-o'><\/i> PDF VOGELWARTE<\/a><style>#button-id-2:hover{color: #ffffff !important;background-color: #ff1e1e !important;}<\/style>[\/vc_column_inner][\/vc_row_inner][\/vc_column][\/vc_row]<\/p>\n<\/div>","protected":false},"excerpt":{"rendered":"<p>[vc_row full_width=\u00a0\u00bbstretch_row\u00a0\u00bb el_class=\u00a0\u00bbbackground-image-left\u00a0\u00bb][vc_column][vc_raw_html el_class=\u00a0\u00bbcrea-title\u00a0\u00bb]PGRpdj48c3BhbiBzdHlsZT0iY29sb3I6ICNmZjAwMDA7Ij5DUkVBPC9zcGFuPi1HTEFTUzwvZGl2Pg==[\/vc_raw_html][vc_custom_heading text=\u00a0\u00bbDU VERRE POUR TOUTES LES SITUATIONS\u00a0\u00bb use_theme_fonts=\u00a0\u00bbyes\u00a0\u00bb el_class=\u00a0\u00bbtitle\u00a0\u00bb css=\u00a0\u00bb.vc_custom_1577031465386{margin-top: 0px !important;}\u00a0\u00bb][vc_column_text]L&rsquo;entreprise CREA peut vous fournir tous types de verres et ce, ind\u00e9pendamment des produits de notre assortiment. Qu&rsquo;il s&rsquo;agisse de verres simples, blind\u00e9s, de protection solaire, &hellip;<\/p>\n","protected":false},"author":5,"featured_media":0,"parent":5514,"menu_order":8,"comment_status":"closed","ping_status":"closed","template":"","meta":{"footnotes":""},"class_list":["post-7137","page","type-page","status-publish","hentry"],"_links":{"self":[{"href":"https:\/\/crearailing.com\/fr\/wp-json\/wp\/v2\/pages\/7137","targetHints":{"allow":["GET"]}}],"collection":[{"href":"https:\/\/crearailing.com\/fr\/wp-json\/wp\/v2\/pages"}],"about":[{"href":"https:\/\/crearailing.com\/fr\/wp-json\/wp\/v2\/types\/page"}],"author":[{"embeddable":true,"href":"https:\/\/crearailing.com\/fr\/wp-json\/wp\/v2\/users\/5"}],"replies":[{"embeddable":true,"href":"https:\/\/crearailing.com\/fr\/wp-json\/wp\/v2\/comments?post=7137"}],"version-history":[{"count":2,"href":"https:\/\/crearailing.com\/fr\/wp-json\/wp\/v2\/pages\/7137\/revisions"}],"predecessor-version":[{"id":8083,"href":"https:\/\/crearailing.com\/fr\/wp-json\/wp\/v2\/pages\/7137\/revisions\/8083"}],"up":[{"embeddable":true,"href":"https:\/\/crearailing.com\/fr\/wp-json\/wp\/v2\/pages\/5514"}],"wp:attachment":[{"href":"https:\/\/crearailing.com\/fr\/wp-json\/wp\/v2\/media?parent=7137"}],"curies":[{"name":"wp","href":"https:\/\/api.w.org\/{rel}","templated":true}]}}