{"id":7360,"date":"2018-12-09T19:53:46","date_gmt":"2018-12-09T19:53:46","guid":{"rendered":"https:\/\/crearailing.com\/produits\/crea-rail\/"},"modified":"2020-08-25T09:06:54","modified_gmt":"2020-08-25T09:06:54","slug":"crea-rail","status":"publish","type":"page","link":"https:\/\/crearailing.com\/fr\/produits\/crea-rail\/","title":{"rendered":"CREA-RAIL"},"content":{"rendered":"<div class=\"wpb-content-wrapper\"><p>[vc_row full_width=\u00a0\u00bbstretch_row\u00a0\u00bb el_class=\u00a0\u00bbbackground-image-left\u00a0\u00bb][vc_column][vc_raw_html el_class=\u00a0\u00bbcrea-title\u00a0\u00bb]PGRpdj48c3BhbiBzdHlsZT0iY29sb3I6ICNmZjAwMDA7Ij5DUkVBPC9zcGFuPi1SQUlMPC9kaXY+[\/vc_raw_html][vc_custom_heading text=\u00a0\u00bbMAIN-COURANTES, PROTECTIONS DES BORDS ET ACCESSOIRES\u00a0\u00bb use_theme_fonts=\u00a0\u00bbyes\u00a0\u00bb][vc_column_text]Gardez une prise en main s\u00e9curis\u00e9e et \u00e9l\u00e9gante avec les articles CREA-RAIL, main-courantes en profil U alu \/ inox ou combinaisons de supports ponctuels avec tubes \u00d8 42.4 \/ 33.7mm. Autres ex\u00e9cutions sur demande. Nous proposons plusieurs variantes originales et sommes \u00e9galement en mesure de d\u00e9velopper un produit qui correspond \u00e0 vos besoins.<\/p>\n<p>Si vous \u00eates int\u00e9ress\u00e9, contactez-nous sans engagement. Nous sommes toujours \u00e0 votre service et pouvons vous donner des conseils et un soutien sp\u00e9cifiques.[\/vc_column_text][\/vc_column][\/vc_row][vc_row full_width=\u00a0\u00bbstretch_row\u00a0\u00bb el_class=\u00a0\u00bbbackground-image-left\u00a0\u00bb][vc_column][vc_custom_heading text=\u00a0\u00bbMain-courantes, protections des bords et accessoires\u00a0\u00bb use_theme_fonts=\u00a0\u00bbyes\u00a0\u00bb el_class=\u00a0\u00bbtitle\u00a0\u00bb][vc_row_inner][vc_column_inner width=\u00a0\u00bb1\/3&Prime;][vc_gallery type=\u00a0\u00bbnivo\u00a0\u00bb interval=\u00a0\u00bb0&Prime; images=\u00a0\u00bb7194,7199,7204,7209,7214,7219,7224&Prime; img_size=\u00a0\u00bbfull\u00a0\u00bb css=\u00a0\u00bb.vc_custom_1577027438971{margin-bottom: 5px !important;}\u00a0\u00bb][vc_custom_heading text=\u00a0\u00bbProfils \u00e9tir\u00e9s de main-courante\u00a0\u00bb font_container=\u00a0\u00bbtag:h3|text_align:center\u00a0\u00bb use_theme_fonts=\u00a0\u00bbyes\u00a0\u00bb][vc_column_text el_class=\u00a0\u00bbtext\u00a0\u00bb]<\/p>\n<p style=\"text-align: center;\">ALU<\/p>\n<p>[\/vc_column_text][\/vc_column_inner][vc_column_inner width=\u00a0\u00bb1\/3&Prime;][vc_gallery type=\u00a0\u00bbnivo\u00a0\u00bb interval=\u00a0\u00bb0&Prime; images=\u00a0\u00bb7230,7235,7240,7245,7250,7255&Prime; img_size=\u00a0\u00bbfull\u00a0\u00bb css=\u00a0\u00bb.vc_custom_1577028301220{margin-bottom: 5px !important;}\u00a0\u00bb][vc_custom_heading text=\u00a0\u00bbMain-courantes \u00e0 profils variables en t\u00f4le pli\u00e9e\u00a0\u00bb font_container=\u00a0\u00bbtag:h3|text_align:center\u00a0\u00bb use_theme_fonts=\u00a0\u00bbyes\u00a0\u00bb][vc_column_text el_class=\u00a0\u00bbtext\u00a0\u00bb]<\/p>\n<p style=\"text-align: center;\">INOX A4 \/ ALU<\/p>\n<p>[\/vc_column_text][\/vc_column_inner][vc_column_inner width=\u00a0\u00bb1\/3&Prime;][vc_gallery type=\u00a0\u00bbnivo\u00a0\u00bb interval=\u00a0\u00bb0&Prime; images=\u00a0\u00bb7260,7265,7270,7275,7280,7285,7290,7295,7300,7305,7310,7315,7320,7325,7330,7335,7340,7345,7350&Prime; img_size=\u00a0\u00bbfull\u00a0\u00bb css=\u00a0\u00bb.vc_custom_1577029606677{margin-bottom: 5px !important;}\u00a0\u00bb][vc_custom_heading text=\u00a0\u00bbSupports de main-courante\u00a0\u00bb font_container=\u00a0\u00bbtag:h3|text_align:center\u00a0\u00bb use_theme_fonts=\u00a0\u00bbyes\u00a0\u00bb][vc_column_text el_class=\u00a0\u00bbtext\u00a0\u00bb]<\/p>\n<p style=\"text-align: center;\">INOX A4<\/p>\n<p>[\/vc_column_text][\/vc_column_inner][\/vc_row_inner][\/vc_column][\/vc_row][vc_row css=\u00a0\u00bb.vc_custom_1554108174280{margin-bottom: 30px !important;}\u00a0\u00bb][vc_column][vc_custom_heading text=\u00a0\u00bbT\u00c9L\u00c9CHARGEMENTS\u00a0\u00bb use_theme_fonts=\u00a0\u00bbyes\u00a0\u00bb el_class=\u00a0\u00bbtitle\u00a0\u00bb][vc_empty_space height=\u00a0\u00bb1&Prime;]<a id='button-id-' target='_blank' href='\/wp-content\/uploads\/pdf\/crea-rail-drawings-1-1.pdf' class='btn btn-normal btn-lg' style='color: #ffffff;background-color: #020000'><i class='fa fa fa-file-pdf-o'><\/i> CREA-RAIL 1:1<\/a><style>#button-id-:hover{color: #ffffff !important;background-color: #ff1e1e !important;}<\/style>[\/vc_column][\/vc_row][vc_row][vc_column][vc_custom_heading text=\u00a0\u00bbGALERIE\u00a0\u00bb use_theme_fonts=\u00a0\u00bbyes\u00a0\u00bb el_class=\u00a0\u00bbtitle\u00a0\u00bb][vc_media_grid element_width=\u00a0\u00bb2&Prime; item=\u00a0\u00bbmediaGrid_ScaleInWithIcon\u00a0\u00bb grid_id=\u00a0\u00bbvc_gid:1598346318964-9bfa7e24-7ba9-1&Prime; include=\u00a0\u00bb7194,7199,7204,7209,7214,7219,7224,7230,7235,7240,7245,7250,7255,7260,7265,7270,7275,7280,7285,7290,7295,7300,7305,7310,7315,7320,7325,7330,7335,7340,7345,7350&Prime;][\/vc_column][\/vc_row]<\/p>\n<\/div>","protected":false},"excerpt":{"rendered":"<p>[vc_row full_width=\u00a0\u00bbstretch_row\u00a0\u00bb el_class=\u00a0\u00bbbackground-image-left\u00a0\u00bb][vc_column][vc_raw_html el_class=\u00a0\u00bbcrea-title\u00a0\u00bb]PGRpdj48c3BhbiBzdHlsZT0iY29sb3I6ICNmZjAwMDA7Ij5DUkVBPC9zcGFuPi1SQUlMPC9kaXY+[\/vc_raw_html][vc_custom_heading text=\u00a0\u00bbMAIN-COURANTES, PROTECTIONS DES BORDS ET ACCESSOIRES\u00a0\u00bb use_theme_fonts=\u00a0\u00bbyes\u00a0\u00bb][vc_column_text]Gardez une prise en main s\u00e9curis\u00e9e et \u00e9l\u00e9gante avec les articles CREA-RAIL, main-courantes en profil U alu \/ inox ou combinaisons de supports ponctuels avec tubes \u00d8 42.4 \/ 33.7mm. &hellip;<\/p>\n","protected":false},"author":5,"featured_media":0,"parent":5514,"menu_order":5,"comment_status":"closed","ping_status":"closed","template":"","meta":{"footnotes":""},"class_list":["post-7360","page","type-page","status-publish","hentry"],"_links":{"self":[{"href":"https:\/\/crearailing.com\/fr\/wp-json\/wp\/v2\/pages\/7360","targetHints":{"allow":["GET"]}}],"collection":[{"href":"https:\/\/crearailing.com\/fr\/wp-json\/wp\/v2\/pages"}],"about":[{"href":"https:\/\/crearailing.com\/fr\/wp-json\/wp\/v2\/types\/page"}],"author":[{"embeddable":true,"href":"https:\/\/crearailing.com\/fr\/wp-json\/wp\/v2\/users\/5"}],"replies":[{"embeddable":true,"href":"https:\/\/crearailing.com\/fr\/wp-json\/wp\/v2\/comments?post=7360"}],"version-history":[{"count":5,"href":"https:\/\/crearailing.com\/fr\/wp-json\/wp\/v2\/pages\/7360\/revisions"}],"predecessor-version":[{"id":8716,"href":"https:\/\/crearailing.com\/fr\/wp-json\/wp\/v2\/pages\/7360\/revisions\/8716"}],"up":[{"embeddable":true,"href":"https:\/\/crearailing.com\/fr\/wp-json\/wp\/v2\/pages\/5514"}],"wp:attachment":[{"href":"https:\/\/crearailing.com\/fr\/wp-json\/wp\/v2\/media?parent=7360"}],"curies":[{"name":"wp","href":"https:\/\/api.w.org\/{rel}","templated":true}]}}