{"id":7378,"date":"2018-12-09T19:53:09","date_gmt":"2018-12-09T19:53:09","guid":{"rendered":"https:\/\/crearailing.com\/produits\/crea-door\/"},"modified":"2024-03-07T11:43:55","modified_gmt":"2024-03-07T11:43:55","slug":"crea-door","status":"publish","type":"page","link":"https:\/\/crearailing.com\/fr\/produits\/crea-door\/","title":{"rendered":"CREA-DOOR"},"content":{"rendered":"<div class=\"wpb-content-wrapper\"><p>[vc_row full_width=\u00a0\u00bbstretch_row\u00a0\u00bb el_class=\u00a0\u00bbbackground-image-left\u00a0\u00bb][vc_column][vc_raw_html el_class=\u00a0\u00bbcrea-title\u00a0\u00bb]PGRpdj48c3BhbiBzdHlsZT0iY29sb3I6ICNmZjAwMDA7Ij5DUkVBPC9zcGFuPi1ET09SPC9kaXY+[\/vc_raw_html][vc_custom_heading text=\u00a0\u00bbSYST\u00c8ME DE PORTAIL TOUT VERRE INT\u00c9GR\u00c9 AU GARDE-CORPS\u00a0\u00bb use_theme_fonts=\u00a0\u00bbyes\u00a0\u00bb el_class=\u00a0\u00bbtitle\u00a0\u00bb css=\u00a0\u00bb.vc_custom_1554119862901{margin-top: 0px !important;}\u00a0\u00bb][vc_column_text]Le portail en verre CREA-DOOR est un syst\u00e8me complet de ferrures pour l&rsquo;ex\u00e9cution d&rsquo;un portail s\u00e9curis\u00e9, int\u00e9grable dans un garde-corps ou comme portail simple. L&rsquo;\u00e9l\u00e9gance des finitions et la haute qualit\u00e9 technique de ces \u00e9l\u00e9ments impressionnent \u00e9galement par leur mise en oeuvre tr\u00e8s bien adapt\u00e9e au verre. CREA propose une solution que vous ne trouverez pas ailleurs et offre une fourniture d&rsquo;\u00e9l\u00e9ments standardis\u00e9s et disponibles de stock.<\/p>\n<p>Le raccord pivotant avec la partie fixe est compos\u00e9 de deux charni\u00e8res en acier inoxydable avec sp\u00e9cificit\u00e9s techniques propres aux points de fixation CREA avec un r\u00e9glage de hauteur possible, d&rsquo;un boitier de serrure avec serrure \u00e0 mortaiser, un ensemble de poign\u00e9es et un bo\u00eetier de verrouillage, le tout en acier inoxydable. Seul le cylindre est \u00e0 fournir par le client.<\/p>\n<p>Les standarts de s\u00e9curit\u00e9 CREAavec ce portail en verre et chaque \u00e9l\u00e9ment a \u00e9t\u00e9 test\u00e9 selon les normes en vigueur. Nous ne faisons pas de compromis avec la s\u00e9curit\u00e9. Le remplacement ou la maintenance de chaque \u00e9l\u00e9ment est possible en tout temps. L&rsquo;aspect qualitatif, la r\u00e9sistance m\u00e9canique ainsi que la facilit\u00e9 d&rsquo;utilisation du portail en verre CREA, font de ce produit une solution haut de gamme pour les concepteurs, les artisans et les Ma\u00eetres d&rsquo;ouvrages.<\/p>\n<p>Si vous \u00eates int\u00e9ress\u00e9, contactez-nous sans engagement. Nous sommes toujours \u00e0 votre service et pouvons vous donner des conseils et un soutien sp\u00e9cifiques.[\/vc_column_text][\/vc_column][\/vc_row][vc_row css=\u00a0\u00bb.vc_custom_1598346135602{margin-bottom: 30px !important;}\u00a0\u00bb el_class=\u00a0\u00bbhide\u00a0\u00bb][vc_column][vc_custom_heading text=\u00a0\u00bbT\u00c9L\u00c9CHARGEMENTS\u00a0\u00bb use_theme_fonts=\u00a0\u00bbyes\u00a0\u00bb el_class=\u00a0\u00bbtitle\u00a0\u00bb][vc_empty_space height=\u00a0\u00bb1&Prime;]<a id='button-id-' target='_blank' href='##' class='btn btn-normal btn-lg' style='color: #ffffff;background-color: #020000'><i class='fa far fa-file-pdf'><\/i> Fiches techniques<\/a><style>#button-id-:hover{color: #ffffff !important;background-color: #ff1e1e !important;}<\/style>[vc_empty_space height=\u00a0\u00bb10&Prime;]<button id='button-id-1' class='btn btn-normal btn-lg' style='color: #ffffff;background-color: #020000'><i class='fa far fa-file-pdf'><\/i> Instructions de montage<\/button><style>#button-id-1:hover{color: #ffffff !important;background-color: #ff1e1e !important;}<\/style>[vc_empty_space height=\u00a0\u00bb10&Prime;]<button id='button-id-2' class='btn btn-normal btn-lg' style='color: #ffffff;background-color: #020000'><i class='fa far fa-file-pdf'><\/i> Textes de soumission<\/button><style>#button-id-2:hover{color: #ffffff !important;background-color: #ff1e1e !important;}<\/style>[\/vc_column][\/vc_row][vc_row][vc_column][vc_custom_heading text=\u00a0\u00bbGALERIE\u00a0\u00bb use_theme_fonts=\u00a0\u00bbyes\u00a0\u00bb el_class=\u00a0\u00bbtitle\u00a0\u00bb][vc_media_grid element_width=\u00a0\u00bb2&Prime; item=\u00a0\u00bbmediaGrid_ScaleInWithIcon\u00a0\u00bb grid_id=\u00a0\u00bbvc_gid:1709811814896-d36a1ae9-c142-1&Prime; include=\u00a0\u00bb4629,4624,4614,4609,4604,4599,4579,4574,4569,4564,4559,4554,4549,4544,4539,4529,4519,4514,4509,4504,4499,4494&Prime;][\/vc_column][\/vc_row]<\/p>\n<\/div>","protected":false},"excerpt":{"rendered":"<p>[vc_row full_width=\u00a0\u00bbstretch_row\u00a0\u00bb el_class=\u00a0\u00bbbackground-image-left\u00a0\u00bb][vc_column][vc_raw_html el_class=\u00a0\u00bbcrea-title\u00a0\u00bb]PGRpdj48c3BhbiBzdHlsZT0iY29sb3I6ICNmZjAwMDA7Ij5DUkVBPC9zcGFuPi1ET09SPC9kaXY+[\/vc_raw_html][vc_custom_heading text=\u00a0\u00bbSYST\u00c8ME DE PORTAIL TOUT VERRE INT\u00c9GR\u00c9 AU GARDE-CORPS\u00a0\u00bb use_theme_fonts=\u00a0\u00bbyes\u00a0\u00bb el_class=\u00a0\u00bbtitle\u00a0\u00bb css=\u00a0\u00bb.vc_custom_1554119862901{margin-top: 0px !important;}\u00a0\u00bb][vc_column_text]Le portail en verre CREA-DOOR est un syst\u00e8me complet de ferrures pour l&rsquo;ex\u00e9cution d&rsquo;un portail s\u00e9curis\u00e9, int\u00e9grable dans un garde-corps ou comme portail simple. &hellip;<\/p>\n","protected":false},"author":5,"featured_media":0,"parent":5514,"menu_order":4,"comment_status":"closed","ping_status":"closed","template":"","meta":{"footnotes":""},"class_list":["post-7378","page","type-page","status-publish","hentry"],"_links":{"self":[{"href":"https:\/\/crearailing.com\/fr\/wp-json\/wp\/v2\/pages\/7378","targetHints":{"allow":["GET"]}}],"collection":[{"href":"https:\/\/crearailing.com\/fr\/wp-json\/wp\/v2\/pages"}],"about":[{"href":"https:\/\/crearailing.com\/fr\/wp-json\/wp\/v2\/types\/page"}],"author":[{"embeddable":true,"href":"https:\/\/crearailing.com\/fr\/wp-json\/wp\/v2\/users\/5"}],"replies":[{"embeddable":true,"href":"https:\/\/crearailing.com\/fr\/wp-json\/wp\/v2\/comments?post=7378"}],"version-history":[{"count":10,"href":"https:\/\/crearailing.com\/fr\/wp-json\/wp\/v2\/pages\/7378\/revisions"}],"predecessor-version":[{"id":9089,"href":"https:\/\/crearailing.com\/fr\/wp-json\/wp\/v2\/pages\/7378\/revisions\/9089"}],"up":[{"embeddable":true,"href":"https:\/\/crearailing.com\/fr\/wp-json\/wp\/v2\/pages\/5514"}],"wp:attachment":[{"href":"https:\/\/crearailing.com\/fr\/wp-json\/wp\/v2\/media?parent=7378"}],"curies":[{"name":"wp","href":"https:\/\/api.w.org\/{rel}","templated":true}]}}