{"id":7399,"date":"2018-12-09T19:52:39","date_gmt":"2018-12-09T19:52:39","guid":{"rendered":"https:\/\/crearailing.com\/produits\/crea-flat\/"},"modified":"2019-12-22T16:55:11","modified_gmt":"2019-12-22T16:55:11","slug":"crea-flat","status":"publish","type":"page","link":"https:\/\/crearailing.com\/fr\/produits\/crea-flat\/","title":{"rendered":"CREA-FLAT"},"content":{"rendered":"<div class=\"wpb-content-wrapper\"><p>[vc_row full_width=\u00a0\u00bbstretch_row\u00a0\u00bb el_class=\u00a0\u00bbbackground-image-left\u00a0\u00bb][vc_column][vc_raw_html el_class=\u00a0\u00bbcrea-title\u00a0\u00bb]PGRpdj48c3BhbiBzdHlsZT0iY29sb3I6ICNmZjAwMDA7Ij5DUkVBPC9zcGFuPi1GTEFUPC9kaXY+[\/vc_raw_html][vc_custom_heading text=\u00a0\u00bbGARDE-CORPS TOUT VERRE SSG SANS PROFIL VISIBLE\u00a0\u00bb use_theme_fonts=\u00a0\u00bbyes\u00a0\u00bb el_class=\u00a0\u00bbtitle\u00a0\u00bb css=\u00a0\u00bb.vc_custom_1577033593698{margin-top: 0px !important;}\u00a0\u00bb][vc_column_text]Le CREA-FLAT est le d\u00e9veloppement le plus r\u00e9cent et le plus sophistiqu\u00e9 dans le domaine des garde-corps en verre. Un syst\u00e8me de garde-corps SSG enti\u00e8rement lisse, avec un aspect vitr\u00e9 complet, sans profil de support visible. Le verre couvre la partie avant et dissimule la sous-structure, ALL-GLASS OPTICS! Le syst\u00e8me CREA-FLAT est v\u00e9rifi\u00e9 statiquement et respecte les normes en vigueur ainsi que tous les aspect li\u00e9s \u00e0 la s\u00e9curit\u00e9 \u00e0 laquelle nous accordons le premier plan dans tous nos d\u00e9veloppements. Le remplacement ou la maintenance est possible \u00e0 tout moment.<\/p>\n<p>Le syst\u00e8me de garde-corps CREA n&rsquo;a pas \u00e9t\u00e9 d\u00e9velopp\u00e9 sur la base d&rsquo;une technologie complexe mais simple et ing\u00e9nieuse, il r\u00e9pond \u00e0 tous \u00e9gards aux crit\u00e8res de qualit\u00e9 technique et aux exigences de s\u00e9curit\u00e9 requises. Le design \u00e9l\u00e9gant et la facilit\u00e9 de mise en oeuvre font des garde-corps CREA le syst\u00e8me haut de gamme pour les planificateurs et les artisans soucieux d&rsquo;une ex\u00e9cution rationnelle de qualit\u00e9.<\/p>\n<p>Si vous \u00eates int\u00e9ress\u00e9, contactez-nous sans engagement. Nous sommes toujours \u00e0 votre service et pouvons vous donner des conseils et un soutien sp\u00e9cifiques.[\/vc_column_text][\/vc_column][\/vc_row]<\/p>\n<\/div>","protected":false},"excerpt":{"rendered":"<p>[vc_row full_width=\u00a0\u00bbstretch_row\u00a0\u00bb el_class=\u00a0\u00bbbackground-image-left\u00a0\u00bb][vc_column][vc_raw_html el_class=\u00a0\u00bbcrea-title\u00a0\u00bb]PGRpdj48c3BhbiBzdHlsZT0iY29sb3I6ICNmZjAwMDA7Ij5DUkVBPC9zcGFuPi1GTEFUPC9kaXY+[\/vc_raw_html][vc_custom_heading text=\u00a0\u00bbGARDE-CORPS TOUT VERRE SSG SANS PROFIL VISIBLE\u00a0\u00bb use_theme_fonts=\u00a0\u00bbyes\u00a0\u00bb el_class=\u00a0\u00bbtitle\u00a0\u00bb css=\u00a0\u00bb.vc_custom_1577033593698{margin-top: 0px !important;}\u00a0\u00bb][vc_column_text]Le CREA-FLAT est le d\u00e9veloppement le plus r\u00e9cent et le plus sophistiqu\u00e9 dans le domaine des garde-corps en verre. Un syst\u00e8me de garde-corps SSG enti\u00e8rement &hellip;<\/p>\n","protected":false},"author":5,"featured_media":0,"parent":5514,"menu_order":3,"comment_status":"closed","ping_status":"closed","template":"","meta":{"footnotes":""},"class_list":["post-7399","page","type-page","status-publish","hentry"],"_links":{"self":[{"href":"https:\/\/crearailing.com\/fr\/wp-json\/wp\/v2\/pages\/7399","targetHints":{"allow":["GET"]}}],"collection":[{"href":"https:\/\/crearailing.com\/fr\/wp-json\/wp\/v2\/pages"}],"about":[{"href":"https:\/\/crearailing.com\/fr\/wp-json\/wp\/v2\/types\/page"}],"author":[{"embeddable":true,"href":"https:\/\/crearailing.com\/fr\/wp-json\/wp\/v2\/users\/5"}],"replies":[{"embeddable":true,"href":"https:\/\/crearailing.com\/fr\/wp-json\/wp\/v2\/comments?post=7399"}],"version-history":[{"count":1,"href":"https:\/\/crearailing.com\/fr\/wp-json\/wp\/v2\/pages\/7399\/revisions"}],"predecessor-version":[{"id":7400,"href":"https:\/\/crearailing.com\/fr\/wp-json\/wp\/v2\/pages\/7399\/revisions\/7400"}],"up":[{"embeddable":true,"href":"https:\/\/crearailing.com\/fr\/wp-json\/wp\/v2\/pages\/5514"}],"wp:attachment":[{"href":"https:\/\/crearailing.com\/fr\/wp-json\/wp\/v2\/media?parent=7399"}],"curies":[{"name":"wp","href":"https:\/\/api.w.org\/{rel}","templated":true}]}}