{"id":7495,"date":"2019-04-01T10:29:23","date_gmt":"2019-04-01T10:29:23","guid":{"rendered":"https:\/\/crearailing.com\/gt50\/"},"modified":"2020-08-25T10:55:02","modified_gmt":"2020-08-25T10:55:02","slug":"gt50","status":"publish","type":"page","link":"https:\/\/crearailing.com\/fr\/produits\/crea-point\/gt50\/","title":{"rendered":"GT50"},"content":{"rendered":"<div class=\"wpb-content-wrapper\"><p>[vc_row full_width=\u00a0\u00bbstretch_row\u00a0\u00bb el_class=\u00a0\u00bbbackground-image-left\u00a0\u00bb][vc_column][vc_raw_html el_class=\u00a0\u00bbcrea-title\u00a0\u00bb]PGRpdj48c3BhbiBzdHlsZT0iY29sb3I6ICNmZjAwMDA7Ij5DUkVBPC9zcGFuPi1QT0lOVDwvZGl2Pg==[\/vc_raw_html][vc_row_inner][vc_column_inner width=\u00a0\u00bb2\/3&Prime;][vc_custom_heading text=\u00a0\u00bbGARDE-CORPS TOUT VERRE\u00a0\u00bb use_theme_fonts=\u00a0\u00bbyes\u00a0\u00bb el_class=\u00a0\u00bbtitle\u00a0\u00bb css=\u00a0\u00bb.vc_custom_1598350572918{margin-top: 0px !important;}\u00a0\u00bb][vc_column_text]Point de fixation ponctuelle GT50 pour le montage en applique contre le gros-oeuvre. Utilisation int\u00e9rieure, ext\u00e9rieure et en rampe.<\/p>\n<p>Ce produit compose un syst\u00e8me complet verre-fixations qui est test\u00e9 sans poteaux ni profil lin\u00e9aire. Le serrage du verre GT50 se fait par double-fixations dans la partie inf\u00e9rieure du verre qui est en saillie en partie haute. L&rsquo;alignement des bords de verre est effectu\u00e9 apr\u00e8s la mise en place (sans d\u00e9pose du verre) grace \u00e0 un r\u00e9glage fin de la rosace int\u00e9rieure qui permet un ajustement de +\/- 10mm. De plus, la pose, le remplacement du verre ou sa maintenance sont possibles \u00e0 tout moment, sans trop d&rsquo;effort et sans contraintes m\u00e9t\u00e9orologiques (pas de silicone).<\/p>\n<p>Les points de fixations sont enti\u00e8rement produits en Suisse et offrent une qualit\u00e9 visuelle et mat\u00e9rielle de premier ordre. SWISS MADE &#8211; SWISS QUALITY. Les points de fixations GT50 offrent \u00e9galement de grands avantages \u00e0 l&rsquo;installateur en terme de r\u00e9glages fins et de finition, la pose est facilit\u00e9e et confortable gr\u00e2ce \u00e0 une mise en charge du verre avant la fixation de la rosace ext\u00e9rieure par ex.[\/vc_column_text][\/vc_column_inner][vc_column_inner width=\u00a0\u00bb1\/3&Prime;][vc_single_image image=\u00a0\u00bb6494&Prime; img_size=\u00a0\u00bbfull\u00a0\u00bb alignment=\u00a0\u00bbcenter\u00a0\u00bb onclick=\u00a0\u00bblink_image\u00a0\u00bb][\/vc_column_inner][\/vc_row_inner][\/vc_column][\/vc_row][vc_row full_width=\u00a0\u00bbstretch_row\u00a0\u00bb el_class=\u00a0\u00bbbackground-image-left\u00a0\u00bb][vc_column][vc_custom_heading text=\u00a0\u00bbDETAILS TECHNIQUES\u00a0\u00bb use_theme_fonts=\u00a0\u00bbyes\u00a0\u00bb el_class=\u00a0\u00bbtitle\u00a0\u00bb][vc_column_text]<\/p>\n<ul>\n<li>Mesures : \u00d8 = 50mm, profondeur variable entre verre et support<\/li>\n<li>\u00c9paisseur des verres: 17-4 \/ 21-4 \/ 25-4<\/li>\n<li>Syst\u00e8me de vitrage \u00e0 sec<\/li>\n<li>Alignement du verre sans d\u00e9pose du verre<\/li>\n<\/ul>\n<p>[\/vc_column_text][\/vc_column][\/vc_row][vc_row full_width=\u00a0\u00bbstretch_row\u00a0\u00bb el_class=\u00a0\u00bbbackground-image-left\u00a0\u00bb][vc_column][vc_custom_heading text=\u00a0\u00bbAVANTAGES DU SYSTEME\u00a0\u00bb use_theme_fonts=\u00a0\u00bbyes\u00a0\u00bb el_class=\u00a0\u00bbtitle\u00a0\u00bb][vc_column_text]<\/p>\n<ul>\n<li>Montage rapide des points de fixations<\/li>\n<li>Reprise des tol\u00e9rances du gros-oeuvre<\/li>\n<li>R\u00e9glage fin de l&rsquo;alignement possible en tout temps et rapidement effectu\u00e9<\/li>\n<li>Pose facilit\u00e9e du verre<\/li>\n<li>Montage \u00e0 sec sans silicone et sans contraintes m\u00e9t\u00e9orologiques<\/li>\n<li>Remplacement ou maintenance rapidement effectu\u00e9s<\/li>\n<li>Conseil, suivi et service assur\u00e9s<\/li>\n<\/ul>\n<p>[\/vc_column_text][\/vc_column][\/vc_row][vc_row full_width=\u00a0\u00bbstretch_row\u00a0\u00bb el_class=\u00a0\u00bbbackground-image-left\u00a0\u00bb][vc_column][vc_custom_heading text=\u00a0\u00bbPOSSIBILIT\u00c9S DE MONTAGE\u00a0\u00bb use_theme_fonts=\u00a0\u00bbyes\u00a0\u00bb el_class=\u00a0\u00bbtitle\u00a0\u00bb][vc_single_image image=\u00a0\u00bb7475&Prime; img_size=\u00a0\u00bbfull\u00a0\u00bb alignment=\u00a0\u00bbcenter\u00a0\u00bb onclick=\u00a0\u00bblink_image\u00a0\u00bb][\/vc_column][\/vc_row][vc_row full_width=\u00a0\u00bbstretch_row\u00a0\u00bb el_class=\u00a0\u00bbbackground-image-left\u00a0\u00bb][vc_column][vc_custom_heading text=\u00a0\u00bbSTATIQUE\u00a0\u00bb use_theme_fonts=\u00a0\u00bbyes\u00a0\u00bb el_class=\u00a0\u00bbtitle\u00a0\u00bb][vc_single_image image=\u00a0\u00bb4486&Prime; img_size=\u00a0\u00bbfull\u00a0\u00bb alignment=\u00a0\u00bbcenter\u00a0\u00bb onclick=\u00a0\u00bblink_image\u00a0\u00bb][vc_column_text]Nous pouvons d\u00e9velopper un produit propre \u00e0 vos besoins, n&rsquo;h\u00e9sitez pas \u00e0 nous consulter.[\/vc_column_text][\/vc_column][\/vc_row][vc_row css=\u00a0\u00bb.vc_custom_1554108174280{margin-bottom: 30px !important;}\u00a0\u00bb][vc_column][vc_custom_heading text=\u00a0\u00bbT\u00c9L\u00c9CHARGEMENTS\u00a0\u00bb use_theme_fonts=\u00a0\u00bbyes\u00a0\u00bb el_class=\u00a0\u00bbtitle\u00a0\u00bb][vc_empty_space height=\u00a0\u00bb1&Prime;]<a id='button-id-' target='_blank' href='\/wp-content\/uploads\/pdf\/crea-point-gt50-drawings-1-1.pdf' class='btn btn-normal btn-lg' style='color: #ffffff;background-color: #020000'><i class='fa far fa-file-pdf'><\/i> CREA-POINT GT50 1:1<\/a><style>#button-id-:hover{color: #ffffff !important;background-color: #ff1e1e !important;}<\/style>[vc_empty_space height=\u00a0\u00bb10&Prime;]<a id='button-id-1' target='_blank' href='\/wp-content\/uploads\/pdf\/crea-point-gt50-fr-textes-de-soumission.pdf' class='btn btn-normal btn-lg' style='color: #ffffff;background-color: #020000'><i class='fa far fa-file-pdf'><\/i> Textes de soumission<\/a><style>#button-id-1:hover{color: #ffffff !important;background-color: #ff1e1e !important;}<\/style>[vc_empty_space height=\u00a0\u00bb10&Prime;]<a id='button-id-2' target='_blank' href='\/wp-content\/uploads\/pdf\/crea-point-gt50-fr-textes-d-appel-d-offres-supplementaires.pdf' class='btn btn-normal btn-lg' style='color: #ffffff;background-color: #020000'><i class='fa far fa-file-pdf'><\/i> Textes d\u2019appel d\u2019offres suppl\u00e9mentaires<\/a><style>#button-id-2:hover{color: #ffffff !important;background-color: #ff1e1e !important;}<\/style>[\/vc_column][\/vc_row][vc_row full_width=\u00a0\u00bbstretch_row\u00a0\u00bb el_class=\u00a0\u00bbbackground-image-left\u00a0\u00bb][vc_column][vc_custom_heading text=\u00a0\u00bbGALERIE\u00a0\u00bb use_theme_fonts=\u00a0\u00bbyes\u00a0\u00bb el_class=\u00a0\u00bbtitle\u00a0\u00bb][vc_media_grid element_width=\u00a0\u00bb2&Prime; item=\u00a0\u00bbmediaGrid_ScaleInWithIcon\u00a0\u00bb grid_id=\u00a0\u00bbvc_gid:1598344306648-417de9ae-f926-8&Prime; include=\u00a0\u00bb5400,5830,5832,5834,5836,5838,5864,5866,5868,5870,5872,5874,5876,5888,5890,5892,6116,6118,6120,6126,6216,6218,6220,6222,6130,6132,6226,6228,6230,6232,6234,6254,6256,6258,6260,6262,6264,6266,6270,6272,6274,6278&Prime;][\/vc_column][\/vc_row]<\/p>\n<\/div>","protected":false},"excerpt":{"rendered":"<p>[vc_row full_width=\u00a0\u00bbstretch_row\u00a0\u00bb el_class=\u00a0\u00bbbackground-image-left\u00a0\u00bb][vc_column][vc_raw_html el_class=\u00a0\u00bbcrea-title\u00a0\u00bb]PGRpdj48c3BhbiBzdHlsZT0iY29sb3I6ICNmZjAwMDA7Ij5DUkVBPC9zcGFuPi1QT0lOVDwvZGl2Pg==[\/vc_raw_html][vc_row_inner][vc_column_inner width=\u00a0\u00bb2\/3&Prime;][vc_custom_heading text=\u00a0\u00bbGARDE-CORPS TOUT VERRE\u00a0\u00bb use_theme_fonts=\u00a0\u00bbyes\u00a0\u00bb el_class=\u00a0\u00bbtitle\u00a0\u00bb css=\u00a0\u00bb.vc_custom_1598350572918{margin-top: 0px !important;}\u00a0\u00bb][vc_column_text]Point de fixation ponctuelle GT50 pour le montage en applique contre le gros-oeuvre. Utilisation int\u00e9rieure, ext\u00e9rieure et en rampe. Ce produit compose un syst\u00e8me complet verre-fixations qui est &hellip;<\/p>\n","protected":false},"author":5,"featured_media":0,"parent":7510,"menu_order":1,"comment_status":"closed","ping_status":"closed","template":"","meta":{"footnotes":""},"class_list":["post-7495","page","type-page","status-publish","hentry"],"_links":{"self":[{"href":"https:\/\/crearailing.com\/fr\/wp-json\/wp\/v2\/pages\/7495","targetHints":{"allow":["GET"]}}],"collection":[{"href":"https:\/\/crearailing.com\/fr\/wp-json\/wp\/v2\/pages"}],"about":[{"href":"https:\/\/crearailing.com\/fr\/wp-json\/wp\/v2\/types\/page"}],"author":[{"embeddable":true,"href":"https:\/\/crearailing.com\/fr\/wp-json\/wp\/v2\/users\/5"}],"replies":[{"embeddable":true,"href":"https:\/\/crearailing.com\/fr\/wp-json\/wp\/v2\/comments?post=7495"}],"version-history":[{"count":8,"href":"https:\/\/crearailing.com\/fr\/wp-json\/wp\/v2\/pages\/7495\/revisions"}],"predecessor-version":[{"id":8844,"href":"https:\/\/crearailing.com\/fr\/wp-json\/wp\/v2\/pages\/7495\/revisions\/8844"}],"up":[{"embeddable":true,"href":"https:\/\/crearailing.com\/fr\/wp-json\/wp\/v2\/pages\/7510"}],"wp:attachment":[{"href":"https:\/\/crearailing.com\/fr\/wp-json\/wp\/v2\/media?parent=7495"}],"curies":[{"name":"wp","href":"https:\/\/api.w.org\/{rel}","templated":true}]}}