{"id":7510,"date":"2018-12-09T19:19:51","date_gmt":"2018-12-09T19:19:51","guid":{"rendered":"https:\/\/crearailing.com\/produits\/crea-point\/"},"modified":"2019-12-22T20:30:54","modified_gmt":"2019-12-22T20:30:54","slug":"crea-point","status":"publish","type":"page","link":"https:\/\/crearailing.com\/fr\/produits\/crea-point\/","title":{"rendered":"CREA-POINT"},"content":{"rendered":"<div class=\"wpb-content-wrapper\"><p>[vc_row full_width=\u00a0\u00bbstretch_row\u00a0\u00bb el_class=\u00a0\u00bbbackground-image-left\u00a0\u00bb][vc_column][vc_raw_html el_class=\u00a0\u00bbcrea-title\u00a0\u00bb]PGRpdj48c3BhbiBzdHlsZT0iY29sb3I6ICNmZjAwMDA7Ij5DUkVBPC9zcGFuPi1QT0lOVDwvZGl2Pg==[\/vc_raw_html][vc_custom_heading text=\u00a0\u00bbGARDE-CORPS TOUT VERRE\u00a0\u00bb use_theme_fonts=\u00a0\u00bbyes\u00a0\u00bb el_class=\u00a0\u00bbtitle\u00a0\u00bb css=\u00a0\u00bb.vc_custom_1554115681285{margin-top: 0px !important;}\u00a0\u00bb][vc_column_text]Le syst\u00e8me de garde-corps CREA n&rsquo;a pas \u00e9t\u00e9 d\u00e9velopp\u00e9 sur la base d&rsquo;une technologie complexe mais simple et ing\u00e9nieuse, il r\u00e9pond \u00e0 tous \u00e9gards aux crit\u00e8res de qualit\u00e9 technique et aux exigences de s\u00e9curit\u00e9 requises. Le design \u00e9l\u00e9gant et la facilit\u00e9 de mise en oeuvre font des garde-corps CREA le syst\u00e8me haut de gamme pour les planificateurs et les artisans soucieux d&rsquo;une ex\u00e9cution rationnelle de qualit\u00e9.<\/p>\n<p>Le serrage du verre CREA-POINT GT50 se fait par double-fixations dans la partie inf\u00e9rieure du verre qui est en saillie en partie haute. L&rsquo;alignement des bords de verre est effectu\u00e9 apr\u00e8s la mise en place (sans d\u00e9pose du verre) gr\u00e2ce \u00e0 un r\u00e9glage fin de la rosace int\u00e9rieure qui permet un ajustement de +\/- 10mm. De plus, le remplacement du verre ou sa maintenance est possible \u00e0 tout moment, sans trop d&rsquo;effort.[\/vc_column_text][\/vc_column][\/vc_row][vc_row full_width=\u00a0\u00bbstretch_row\u00a0\u00bb el_class=\u00a0\u00bbbackground-image-left\u00a0\u00bb][vc_column][vc_custom_heading text=\u00a0\u00bbGarde-corps \u00e0 fixation ponctuelles\u00a0\u00bb use_theme_fonts=\u00a0\u00bbyes\u00a0\u00bb el_class=\u00a0\u00bbtitle\u00a0\u00bb][vc_row_inner][vc_column_inner width=\u00a0\u00bb1\/3&Prime;][vc_single_image image=\u00a0\u00bb6494&Prime; img_size=\u00a0\u00bbfull\u00a0\u00bb alignment=\u00a0\u00bbcenter\u00a0\u00bb onclick=\u00a0\u00bbcustom_link\u00a0\u00bb link=\u00a0\u00bb\/fr\/produits\/crea-point\/gt50\/\u00a0\u00bb css=\u00a0\u00bb.vc_custom_1570696705850{margin-bottom: 0px !important;}\u00a0\u00bb][vc_custom_heading text=\u00a0\u00bbGT50&Prime; font_container=\u00a0\u00bbtag:h3|text_align:center\u00a0\u00bb use_theme_fonts=\u00a0\u00bbyes\u00a0\u00bb link=\u00a0\u00bburl:%2Ffr%2Fproduits%2Fcrea-point%2Fgt50%2F|||\u00a0\u00bb][vc_column_text el_class=\u00a0\u00bbtext\u00a0\u00bb]<\/p>\n<p style=\"text-align: center;\">Point de fixation ponctuelle GT50 pour le montage en applique contre le gros-oeuvre.<\/p>\n<p>[\/vc_column_text][\/vc_column_inner][vc_column_inner width=\u00a0\u00bb1\/3&Prime;][vc_single_image image=\u00a0\u00bb6496&Prime; img_size=\u00a0\u00bbfull\u00a0\u00bb alignment=\u00a0\u00bbcenter\u00a0\u00bb onclick=\u00a0\u00bbcustom_link\u00a0\u00bb link=\u00a0\u00bb\/fr\/produits\/crea-point\/gt40\/\u00a0\u00bb css=\u00a0\u00bb.vc_custom_1570696714275{margin-bottom: 0px !important;}\u00a0\u00bb][vc_custom_heading text=\u00a0\u00bbGT40&Prime; font_container=\u00a0\u00bbtag:h3|text_align:center\u00a0\u00bb use_theme_fonts=\u00a0\u00bbyes\u00a0\u00bb link=\u00a0\u00bburl:%2Ffr%2Fproduits%2Fcrea-point%2Fgt40%2F|||\u00a0\u00bb][vc_column_text el_class=\u00a0\u00bbtext\u00a0\u00bb]<\/p>\n<p style=\"text-align: center;\">Point de fixation ponctuelle GT40 pour le montage en applique contre le gros-oeuvre, des poteaux ou des cadres en m\u00e9tal ou autre mat\u00e9riaux.<\/p>\n<p>[\/vc_column_text][\/vc_column_inner][vc_column_inner width=\u00a0\u00bb1\/3&Prime;][vc_single_image image=\u00a0\u00bb6498&Prime; img_size=\u00a0\u00bbfull\u00a0\u00bb alignment=\u00a0\u00bbcenter\u00a0\u00bb onclick=\u00a0\u00bbcustom_link\u00a0\u00bb link=\u00a0\u00bb\/fr\/produits\/crea-point\/gt30\/\u00a0\u00bb css=\u00a0\u00bb.vc_custom_1570696722296{margin-bottom: 0px !important;}\u00a0\u00bb][vc_custom_heading text=\u00a0\u00bbGT30&Prime; font_container=\u00a0\u00bbtag:h3|text_align:center\u00a0\u00bb use_theme_fonts=\u00a0\u00bbyes\u00a0\u00bb link=\u00a0\u00bburl:%2Ffr%2Fproduits%2Fcrea-point%2Fgt30%2F|||\u00a0\u00bb][vc_column_text el_class=\u00a0\u00bbtext\u00a0\u00bb]<\/p>\n<p style=\"text-align: center;\">Point de fixation ponctuelle GT30 pour le montage en applique contre le gros-oeuvre, des poteaux ou des cadres en m\u00e9tal ou autre mat\u00e9riaux, fen\u00eatres ou tabliers de fum\u00e9e .<\/p>\n<p>[\/vc_column_text][\/vc_column_inner][\/vc_row_inner][\/vc_column][\/vc_row][vc_row][vc_column][vc_custom_heading text=\u00a0\u00bbGALERIE\u00a0\u00bb use_theme_fonts=\u00a0\u00bbyes\u00a0\u00bb el_class=\u00a0\u00bbtitle\u00a0\u00bb][vc_masonry_media_grid gap=\u00a0\u00bb10&Prime; item=\u00a0\u00bbmasonryMedia_SimpleOverlay\u00a0\u00bb grid_id=\u00a0\u00bbvc_gid:1570703703415-61047511-6bd7-3&Prime; include=\u00a0\u00bb5864,5866,5868,5870,5872,5874,5876,5888,5890,5892,6116,6118,6120,6122,6124,6126,6130,6132,6134,6136,6138,6216,6218,6220,6222,6226,6228,6230,6232,6234,6254,6256,6258,6260,6262,6264,6266,6270,6272,6274,6276,6278,6434,6436,6438,6440,6442,6444,6446,6448,6450,6452,6454,6456,6458,6460,6462,5380,5387,5386,5385,5384&Prime;][\/vc_column][\/vc_row]<\/p>\n<\/div>","protected":false},"excerpt":{"rendered":"<p>[vc_row full_width=\u00a0\u00bbstretch_row\u00a0\u00bb el_class=\u00a0\u00bbbackground-image-left\u00a0\u00bb][vc_column][vc_raw_html el_class=\u00a0\u00bbcrea-title\u00a0\u00bb]PGRpdj48c3BhbiBzdHlsZT0iY29sb3I6ICNmZjAwMDA7Ij5DUkVBPC9zcGFuPi1QT0lOVDwvZGl2Pg==[\/vc_raw_html][vc_custom_heading text=\u00a0\u00bbGARDE-CORPS TOUT VERRE\u00a0\u00bb use_theme_fonts=\u00a0\u00bbyes\u00a0\u00bb el_class=\u00a0\u00bbtitle\u00a0\u00bb css=\u00a0\u00bb.vc_custom_1554115681285{margin-top: 0px !important;}\u00a0\u00bb][vc_column_text]Le syst\u00e8me de garde-corps CREA n&rsquo;a pas \u00e9t\u00e9 d\u00e9velopp\u00e9 sur la base d&rsquo;une technologie complexe mais simple et ing\u00e9nieuse, il r\u00e9pond \u00e0 tous \u00e9gards aux crit\u00e8res de qualit\u00e9 technique &hellip;<\/p>\n","protected":false},"author":5,"featured_media":0,"parent":5514,"menu_order":2,"comment_status":"closed","ping_status":"closed","template":"","meta":{"footnotes":""},"class_list":["post-7510","page","type-page","status-publish","hentry"],"_links":{"self":[{"href":"https:\/\/crearailing.com\/fr\/wp-json\/wp\/v2\/pages\/7510","targetHints":{"allow":["GET"]}}],"collection":[{"href":"https:\/\/crearailing.com\/fr\/wp-json\/wp\/v2\/pages"}],"about":[{"href":"https:\/\/crearailing.com\/fr\/wp-json\/wp\/v2\/types\/page"}],"author":[{"embeddable":true,"href":"https:\/\/crearailing.com\/fr\/wp-json\/wp\/v2\/users\/5"}],"replies":[{"embeddable":true,"href":"https:\/\/crearailing.com\/fr\/wp-json\/wp\/v2\/comments?post=7510"}],"version-history":[{"count":2,"href":"https:\/\/crearailing.com\/fr\/wp-json\/wp\/v2\/pages\/7510\/revisions"}],"predecessor-version":[{"id":7512,"href":"https:\/\/crearailing.com\/fr\/wp-json\/wp\/v2\/pages\/7510\/revisions\/7512"}],"up":[{"embeddable":true,"href":"https:\/\/crearailing.com\/fr\/wp-json\/wp\/v2\/pages\/5514"}],"wp:attachment":[{"href":"https:\/\/crearailing.com\/fr\/wp-json\/wp\/v2\/media?parent=7510"}],"curies":[{"name":"wp","href":"https:\/\/api.w.org\/{rel}","templated":true}]}}